{"id":8931,"date":"2025-02-18T12:00:30","date_gmt":"2025-02-18T11:00:30","guid":{"rendered":"https:\/\/wiejskieprzysmaki.estima.site\/produkt\/platki-gryczane-bio-300-g-the-planet\/"},"modified":"2025-02-18T12:00:36","modified_gmt":"2025-02-18T11:00:36","slug":"platki-gryczane-bio-300-g-the-planet","status":"publish","type":"product","link":"https:\/\/wiejskieprzysmaki.estima.site\/en\/product\/platki-gryczane-bio-300-g-the-planet\/","title":{"rendered":"P\u0141ATKI GRYCZANE BIO 300 g &#8211; THE PLANET"},"content":{"rendered":"<p>SK\u0141ADNIKI<br \/>ekologiczne p\u0142atki gryczane 100 %.<\/p>\n<p>OPIS<br \/>Ekologiczne p\u0142atki gryczane powstaj\u0105 z gniecionych ziaren gryki. Mo\u017cna je spo\u017cywa\u0107 samodzielnie lub z innymi p\u0142atkami.<br \/>Polecamy jako dodatek do potraw mi\u0119snych, zup, a tak\u017ce do musli i deser\u00f3w.<\/p>\n<p>SPOS\u00d3B PRZYGOTOWANIA<br \/>p\u0142atki gotowa\u0107 w proporcji 1:2 (1 porcja p\u0142atk\u00f3w na 2 porcje wody lub mleka) na ma\u0142ym ogniu ok. 5 minut od czasu do czasu mieszaj\u0105c.     <\/p>\n<p>WARTO\u015a\u0106 OD\u017bYWCZA W 100 g<br \/>Warto\u015b\u0107 energetyczna \t1509 kJ\/357 kcal<br \/>T\u0142uszcz \t2,9 g<br \/>w tym kwasy t\u0142uszczowe nasycone \t0,6 g<br \/>W\u0119glowodany \t68 g<br \/>w tym cukry \t0,1 g<br \/>B\u0142onnik \t7,5 g<br \/>Bia\u0142ko \t11 g<br \/>S\u00f3l \t0 g<\/p>\n<p>ZALECANE WARUNKI PRZECHOWYWANIA<br \/>Przechowywa\u0107 w suchym i ch\u0142odnym miejscu.<\/p>","protected":false},"excerpt":{"rendered":"<p>SK\u0141ADNIKIekologiczne p\u0142atki gryczane 100 %. OPISEkologiczne p\u0142atki gryczane powstaj\u0105 z gniecionych ziaren gryki. Mo\u017cna je spo\u017cywa\u0107 samodzielnie lub z innymi p\u0142atkami.Polecamy jako dodatek do potraw mi\u0119snych, zup, a tak\u017ce do musli i deser\u00f3w. SPOS\u00d3B PRZYGOTOWANIAp\u0142atki gotowa\u0107 w proporcji 1:2 (1 porcja p\u0142atk\u00f3w na 2 porcje wody lub mleka) na ma\u0142ym ogniu ok. 5 minut od [&hellip;]<\/p>","protected":false},"featured_media":8932,"comment_status":"closed","ping_status":"open","template":"","meta":{"_acf_changed":false},"product_brand":[],"product_cat":[796,265],"product_tag":[],"class_list":{"0":"post-8931","1":"product","2":"type-product","3":"status-publish","4":"has-post-thumbnail","6":"product_cat-platki","7":"product_cat-sniadaniowe","8":"pa_ean-matka-2059","9":"pa_ean-matka-6838","10":"pa_gwarancja-przydatnosci-324","11":"pa_ilosc-w-opakowaniu-543","12":"pa_jednostka-podstawowa-szt","13":"pa_kod-cn-1104-19-99","14":"pa_kraj-pochodzenia-skladnikow-polska","15":"pa_masa-netto-207","16":"pa_objetosc-brutto-221","17":"pa_producent-the-planet","18":"pa_producent-nazwa-adres-bio-planet-s-a-wilkowa-wies-7-05-084-leszno","19":"pa_tagi-bez-cukru-w-skladnikach","20":"pa_tagi-bez-glutenu-w-skladnikach","21":"pa_tagi-certyfikat-bio","22":"pa_tagi-weganski","23":"pa_tagi-wegetarianski","25":"first","26":"instock","27":"taxable","28":"shipping-taxable","29":"purchasable","30":"product-type-simple"},"acf":[],"_links":{"self":[{"href":"https:\/\/wiejskieprzysmaki.estima.site\/en\/wp-json\/wp\/v2\/product\/8931","targetHints":{"allow":["GET"]}}],"collection":[{"href":"https:\/\/wiejskieprzysmaki.estima.site\/en\/wp-json\/wp\/v2\/product"}],"about":[{"href":"https:\/\/wiejskieprzysmaki.estima.site\/en\/wp-json\/wp\/v2\/types\/product"}],"replies":[{"embeddable":true,"href":"https:\/\/wiejskieprzysmaki.estima.site\/en\/wp-json\/wp\/v2\/comments?post=8931"}],"wp:featuredmedia":[{"embeddable":true,"href":"https:\/\/wiejskieprzysmaki.estima.site\/en\/wp-json\/wp\/v2\/media\/8932"}],"wp:attachment":[{"href":"https:\/\/wiejskieprzysmaki.estima.site\/en\/wp-json\/wp\/v2\/media?parent=8931"}],"wp:term":[{"taxonomy":"product_brand","embeddable":true,"href":"https:\/\/wiejskieprzysmaki.estima.site\/en\/wp-json\/wp\/v2\/product_brand?post=8931"},{"taxonomy":"product_cat","embeddable":true,"href":"https:\/\/wiejskieprzysmaki.estima.site\/en\/wp-json\/wp\/v2\/product_cat?post=8931"},{"taxonomy":"product_tag","embeddable":true,"href":"https:\/\/wiejskieprzysmaki.estima.site\/en\/wp-json\/wp\/v2\/product_tag?post=8931"}],"curies":[{"name":"wp","href":"https:\/\/api.w.org\/{rel}","templated":true}]}}