{"id":8959,"date":"2025-02-18T12:00:52","date_gmt":"2025-02-18T11:00:52","guid":{"rendered":"https:\/\/wiejskieprzysmaki.estima.site\/produkt\/dodatek-do-kawy-collagen-creamer-mct-keto-300-g-diet-food\/"},"modified":"2025-02-18T12:00:53","modified_gmt":"2025-02-18T11:00:53","slug":"dodatek-do-kawy-collagen-creamer-mct-keto-300-g-diet-food","status":"publish","type":"product","link":"https:\/\/wiejskieprzysmaki.estima.site\/en\/product\/dodatek-do-kawy-collagen-creamer-mct-keto-300-g-diet-food\/","title":{"rendered":"DODATEK DO KAWY COLLAGEN CREAMER MCT KETO 300 g &#8211; DIET-FOOD"},"content":{"rendered":"<p>SK\u0141ADNIKI<br \/>kolagen wo\u0142owy granulowany 60 %, olej MCT w proszku (\u015brednio\u0142a\u0144cuchowe tr\u00f3jglicerydy, substancja zag\u0119szczaj\u0105ca: guma arabska, substancja przeciwzbrylaj\u0105ca: dwutlenek krzemu), nap\u00f3j kokosowy w proszku (97,5 % nap\u00f3j kokosowy w proszku, 2 % maltodekstryna, 0,5 % b\u0142onnik z akacji).<\/p>\n<p>OPIS<br \/>Zdrowy, pyszny dodatek do porannej kawy. Zawiera warto\u015bciowe t\u0142uszcze z napoju kokosowego i oleju MCT oraz peptydy kolagenowe.<br \/>Produkt jest bogatym \u017ar\u00f3d\u0142em bia\u0142ka \u2013 podstawowego budulca mi\u0119\u015bni. Pomaga w utrzymaniu zdrowych ko\u015bci.<br \/>Zr\u00f3wnowa\u017cony spos\u00f3b \u017cywienia oraz zdrowy tryb \u017cycia s\u0105 niezb\u0119dne do prawid\u0142owego funkcjonowania organizmu.<\/p>\n<p>SPOS\u00d3B PRZYGOTOWANIA<br \/>Wymieszaj 2 \u0142y\u017ceczki (oko\u0142o 10 g) w kubku kawy. Po u\u017cyciu szczelnie zamknij opakowanie.<br \/>Zalecana porcja produktu do spo\u017cycia niezb\u0119dna do uzyskania korzystnego dzia\u0142ania produktu: 2 \u0142y\u017ceczki (10 g).<\/p>\n<p>WARTO\u015a\u0106 OD\u017bYWCZA W 100 g<br \/>Warto\u015b\u0107 energetyczna: 2041 kJ\/488 kcal<br \/>T\u0142uszcz: 27 g<br \/>w tym kwasy nasycone: 27 g<br \/>W\u0119glowodany: 2,7 g<br \/>w tym cukry: 1,1 g<br \/>Bia\u0142ko: 55 g<br \/>S\u00f3l: 0,30 g<\/p>\n<p>INFORMACJA ALERGENNA<br \/>Produkt mo\u017ce zawiera\u0107 GLUTEN, ORZECHY, SOJ\u0118.<\/p>\n<p>ZALECANE WARUNKI PRZECHOWYWANIA<br \/>Przechowywa\u0107 w szczelnie zamkni\u0119tym opakowaniu, w suchym i ch\u0142odnym miejscu.<\/p>","protected":false},"excerpt":{"rendered":"<p>SK\u0141ADNIKIkolagen wo\u0142owy granulowany 60 %, olej MCT w proszku (\u015brednio\u0142a\u0144cuchowe tr\u00f3jglicerydy, substancja zag\u0119szczaj\u0105ca: guma arabska, substancja przeciwzbrylaj\u0105ca: dwutlenek krzemu), nap\u00f3j kokosowy w proszku (97,5 % nap\u00f3j kokosowy w proszku, 2 % maltodekstryna, 0,5 % b\u0142onnik z akacji). OPISZdrowy, pyszny dodatek do porannej kawy. Zawiera warto\u015bciowe t\u0142uszcze z napoju kokosowego i oleju MCT oraz peptydy kolagenowe.Produkt [&hellip;]<\/p>","protected":false},"featured_media":8960,"comment_status":"closed","ping_status":"open","template":"","meta":{"_acf_changed":false},"product_brand":[],"product_cat":[134,1008],"product_tag":[],"class_list":{"0":"post-8959","1":"product","2":"type-product","3":"status-publish","4":"has-post-thumbnail","6":"product_cat-napoje","7":"product_cat-roslinne-alternatywy-mleka-i-smietany","8":"pa_ean-matka-6858","9":"pa_gwarancja-przydatnosci-324","10":"pa_ilosc-w-opakowaniu-298","11":"pa_jednostka-podstawowa-szt","12":"pa_kod-cn-2106-90-92","13":"pa_kraj-pochodzenia-skladnikow-polska","14":"pa_masa-netto-207","15":"pa_objetosc-brutto-523","16":"pa_producent-diet-food","17":"pa_producent-nazwa-adres-mipama-e-z-szafarz-spolka-jawna-rogatka-7a-62-860-opatowek","18":"pa_tagi-bez-cukru-w-skladnikach","19":"pa_tagi-bez-glutenu-w-skladnikach","21":"first","22":"instock","23":"taxable","24":"shipping-taxable","25":"purchasable","26":"product-type-simple"},"acf":[],"_links":{"self":[{"href":"https:\/\/wiejskieprzysmaki.estima.site\/en\/wp-json\/wp\/v2\/product\/8959","targetHints":{"allow":["GET"]}}],"collection":[{"href":"https:\/\/wiejskieprzysmaki.estima.site\/en\/wp-json\/wp\/v2\/product"}],"about":[{"href":"https:\/\/wiejskieprzysmaki.estima.site\/en\/wp-json\/wp\/v2\/types\/product"}],"replies":[{"embeddable":true,"href":"https:\/\/wiejskieprzysmaki.estima.site\/en\/wp-json\/wp\/v2\/comments?post=8959"}],"wp:featuredmedia":[{"embeddable":true,"href":"https:\/\/wiejskieprzysmaki.estima.site\/en\/wp-json\/wp\/v2\/media\/8960"}],"wp:attachment":[{"href":"https:\/\/wiejskieprzysmaki.estima.site\/en\/wp-json\/wp\/v2\/media?parent=8959"}],"wp:term":[{"taxonomy":"product_brand","embeddable":true,"href":"https:\/\/wiejskieprzysmaki.estima.site\/en\/wp-json\/wp\/v2\/product_brand?post=8959"},{"taxonomy":"product_cat","embeddable":true,"href":"https:\/\/wiejskieprzysmaki.estima.site\/en\/wp-json\/wp\/v2\/product_cat?post=8959"},{"taxonomy":"product_tag","embeddable":true,"href":"https:\/\/wiejskieprzysmaki.estima.site\/en\/wp-json\/wp\/v2\/product_tag?post=8959"}],"curies":[{"name":"wp","href":"https:\/\/api.w.org\/{rel}","templated":true}]}}