{"id":9000,"date":"2025-02-18T12:01:13","date_gmt":"2025-02-18T11:01:13","guid":{"rendered":"https:\/\/wiejskieprzysmaki.estima.site\/produkt\/herbatka-owocowa-radosc-good-mood-bio-18-x-25-g-45-g-sonnentor\/"},"modified":"2025-02-18T12:01:16","modified_gmt":"2025-02-18T11:01:16","slug":"herbatka-owocowa-radosc-good-mood-bio-18-x-25-g-45-g-sonnentor","status":"publish","type":"product","link":"https:\/\/wiejskieprzysmaki.estima.site\/en\/product\/herbatka-owocowa-radosc-good-mood-bio-18-x-25-g-45-g-sonnentor\/","title":{"rendered":"HERBATKA OWOCOWA RADO\u015a\u0106 (GOOD MOOD) BIO (18 x 2,5 g) 45 g &#8211; SONNENTOR"},"content":{"rendered":"<p>SK\u0141ADNIKI<br \/>dzika r\u00f3\u017ca* 31 %, sk\u00f3rka z pomara\u0144czy* 27 %, rooibos*, gruszki* 10 %, koper w\u0142oski*, pigwa* 5 %, ekstrakt z wanilii*. (*certyfikowany sk\u0142adnik ekologiczny)<\/p>\n<p>OPIS<br \/>Rado\u015b\u0107 jest zara\u017aliwa! Ta owocowa herbatka ma cudowny pomara\u0144czowy kolor i przypomina w smaku owocowo-kwa\u015bn\u0105 marmolad\u0119 z pomara\u0144czy. <br \/>Dzika r\u00f3\u017ca, rooibos, kawa\u0142ki gruszki, pigwa i odrobina wanilii sprawiaj\u0105, \u017ce jest to wyj\u0105tkowo lekkostrawna herbatka, idealna na \u015bniadanie. <br \/>Dzi\u0119ki owocowo-kwa\u015bnemu smakowi doskonale komponuje si\u0119 z kuchni\u0105 orientaln\u0105 oraz s\u0142odkimi deserami.<\/p>\n<p>SPOS\u00d3B PRZYGOTOWANIA<br \/>Torebk\u0119 herbatki zala\u0107 200 ml wrz\u0105cej wody i zaparza\u0107 przez 5-10 minut. <\/p>\n<p>ZALECANE WARUNKI PRZECHOWYWANIA  <br \/>Przechowywa\u0107 w ch\u0142odnym i suchym miejscu.<\/p>","protected":false},"excerpt":{"rendered":"<p>SK\u0141ADNIKIdzika r\u00f3\u017ca* 31 %, sk\u00f3rka z pomara\u0144czy* 27 %, rooibos*, gruszki* 10 %, koper w\u0142oski*, pigwa* 5 %, ekstrakt z wanilii*. (*certyfikowany sk\u0142adnik ekologiczny) OPISRado\u015b\u0107 jest zara\u017aliwa! Ta owocowa herbatka ma cudowny pomara\u0144czowy kolor i przypomina w smaku owocowo-kwa\u015bn\u0105 marmolad\u0119 z pomara\u0144czy. Dzika r\u00f3\u017ca, rooibos, kawa\u0142ki gruszki, pigwa i odrobina wanilii sprawiaj\u0105, \u017ce jest to [&hellip;]<\/p>","protected":false},"featured_media":9001,"comment_status":"closed","ping_status":"open","template":"","meta":{"_acf_changed":false},"product_brand":[],"product_cat":[282,478],"product_tag":[],"class_list":{"0":"post-9000","1":"product","2":"type-product","3":"status-publish","4":"has-post-thumbnail","6":"product_cat-herbaty-i-ziola","7":"product_cat-ziolowe-owocowe-mieszanki","8":"pa_ean-matka-6894","9":"pa_gwarancja-przydatnosci-522","10":"pa_ilosc-w-opakowaniu-298","11":"pa_jednostka-podstawowa-szt","12":"pa_kod-cn-2106-90-92","13":"pa_masa-netto-2529","14":"pa_objetosc-brutto-4942","15":"pa_producent-sonnentor-herbaty","16":"pa_producent-nazwa-adres-sonnentor-krauterhandels-gmbh-sprognitz-10-3910-austria","17":"pa_tagi-bez-cukru-w-skladnikach","18":"pa_tagi-bez-glutenu-w-skladnikach","19":"pa_tagi-certyfikat-bio","20":"pa_tagi-weganski","21":"pa_tagi-wegetarianski","23":"first","24":"instock","25":"taxable","26":"shipping-taxable","27":"purchasable","28":"product-type-simple"},"acf":[],"_links":{"self":[{"href":"https:\/\/wiejskieprzysmaki.estima.site\/en\/wp-json\/wp\/v2\/product\/9000","targetHints":{"allow":["GET"]}}],"collection":[{"href":"https:\/\/wiejskieprzysmaki.estima.site\/en\/wp-json\/wp\/v2\/product"}],"about":[{"href":"https:\/\/wiejskieprzysmaki.estima.site\/en\/wp-json\/wp\/v2\/types\/product"}],"replies":[{"embeddable":true,"href":"https:\/\/wiejskieprzysmaki.estima.site\/en\/wp-json\/wp\/v2\/comments?post=9000"}],"wp:featuredmedia":[{"embeddable":true,"href":"https:\/\/wiejskieprzysmaki.estima.site\/en\/wp-json\/wp\/v2\/media\/9001"}],"wp:attachment":[{"href":"https:\/\/wiejskieprzysmaki.estima.site\/en\/wp-json\/wp\/v2\/media?parent=9000"}],"wp:term":[{"taxonomy":"product_brand","embeddable":true,"href":"https:\/\/wiejskieprzysmaki.estima.site\/en\/wp-json\/wp\/v2\/product_brand?post=9000"},{"taxonomy":"product_cat","embeddable":true,"href":"https:\/\/wiejskieprzysmaki.estima.site\/en\/wp-json\/wp\/v2\/product_cat?post=9000"},{"taxonomy":"product_tag","embeddable":true,"href":"https:\/\/wiejskieprzysmaki.estima.site\/en\/wp-json\/wp\/v2\/product_tag?post=9000"}],"curies":[{"name":"wp","href":"https:\/\/api.w.org\/{rel}","templated":true}]}}