{"id":902,"date":"2025-02-18T10:32:40","date_gmt":"2025-02-18T09:32:40","guid":{"rendered":"https:\/\/wiejskieprzysmaki.estima.site\/produkt\/pomidory-suszone-solone-bio-400-g-bio-planet\/"},"modified":"2025-02-18T10:32:55","modified_gmt":"2025-02-18T09:32:55","slug":"pomidory-suszone-solone-bio-400-g-bio-planet","status":"publish","type":"product","link":"https:\/\/wiejskieprzysmaki.estima.site\/en\/product\/pomidory-suszone-solone-bio-400-g-bio-planet\/","title":{"rendered":"POMIDORY SUSZONE SOLONE BIO 400 g &#8211; BIO PLANET"},"content":{"rendered":"<p>SK\u0141ADNIKI<br \/>ekologiczne suszone pomidory 90 %, s\u00f3l 10 %.<\/p>\n<p>OPIS<br \/>Doskonale sprawdzaj\u0105 si\u0119 jako dodatek do zapiekanek warzywnych i zup. Polecamy r\u00f3wnie\u017c w postaci rozdrobnionej jako przypraw\u0119 np. do risotto.  <\/p>\n<p>WARTO\u015a\u0106 OD\u017bYWCZA W 100 g<br \/>Warto\u015b\u0107 energetyczna &#8211; 1079 kJ \/ 258 kcal<br \/>T\u0142uszcz &#8211; 3,0 g<br \/>w tym kwasy t\u0142uszczowe nasycone &#8211; 0,4 g<br \/>W\u0119glowodany &#8211; 44 g<br \/>w tym cukry &#8211; 38 g<br \/>B\u0142onnik &#8211; 12 g<br \/>Bia\u0142ko &#8211; 14 g<br \/>S\u00f3l &#8211; 0,27 g<\/p>\n<p>ZALECANE WARUNKI PRZECHOWYWANIA<br \/>Przechowywa\u0107 w suchym i ch\u0142odnym miejscu.<\/p>","protected":false},"excerpt":{"rendered":"<p>SK\u0141ADNIKIekologiczne suszone pomidory 90 %, s\u00f3l 10 %. OPISDoskonale sprawdzaj\u0105 si\u0119 jako dodatek do zapiekanek warzywnych i zup. Polecamy r\u00f3wnie\u017c w postaci rozdrobnionej jako przypraw\u0119 np. do risotto. WARTO\u015a\u0106 OD\u017bYWCZA W 100 gWarto\u015b\u0107 energetyczna &#8211; 1079 kJ \/ 258 kcalT\u0142uszcz &#8211; 3,0 gw tym kwasy t\u0142uszczowe nasycone &#8211; 0,4 gW\u0119glowodany &#8211; 44 gw tym cukry [&hellip;]<\/p>","protected":false},"featured_media":903,"comment_status":"closed","ping_status":"open","template":"","meta":{"_acf_changed":false},"product_brand":[],"product_cat":[787,180],"product_tag":[],"class_list":{"0":"post-902","1":"product","2":"type-product","3":"status-publish","4":"has-post-thumbnail","6":"product_cat-suszone-warzywa-i-grzyby-przetworzone","7":"product_cat-warzywa-i-grzyby-przetworzone","8":"pa_ean-matka-918","9":"pa_ean-matka-917","10":"pa_gwarancja-przydatnosci-538","11":"pa_ilosc-w-opakowaniu-298","12":"pa_jednostka-podstawowa-szt","13":"pa_kod-cn-2002-10-90","14":"pa_kraj-pochodzenia-skladnikow-turcja","15":"pa_masa-netto-268","16":"pa_objetosc-brutto-916","17":"pa_producent-bio-planet-seria-fioletowa-owoce-suszone","18":"pa_producent-nazwa-adres-bio-planet-s-a-wilkowa-wies-7-05-084-leszno","19":"pa_tagi-bez-cukru-w-skladnikach","20":"pa_tagi-bez-glutenu-w-skladnikach","21":"pa_tagi-certyfikat-bio","22":"pa_tagi-weganski","23":"pa_tagi-wegetarianski","25":"first","26":"instock","27":"taxable","28":"shipping-taxable","29":"purchasable","30":"product-type-simple"},"acf":[],"_links":{"self":[{"href":"https:\/\/wiejskieprzysmaki.estima.site\/en\/wp-json\/wp\/v2\/product\/902","targetHints":{"allow":["GET"]}}],"collection":[{"href":"https:\/\/wiejskieprzysmaki.estima.site\/en\/wp-json\/wp\/v2\/product"}],"about":[{"href":"https:\/\/wiejskieprzysmaki.estima.site\/en\/wp-json\/wp\/v2\/types\/product"}],"replies":[{"embeddable":true,"href":"https:\/\/wiejskieprzysmaki.estima.site\/en\/wp-json\/wp\/v2\/comments?post=902"}],"wp:featuredmedia":[{"embeddable":true,"href":"https:\/\/wiejskieprzysmaki.estima.site\/en\/wp-json\/wp\/v2\/media\/903"}],"wp:attachment":[{"href":"https:\/\/wiejskieprzysmaki.estima.site\/en\/wp-json\/wp\/v2\/media?parent=902"}],"wp:term":[{"taxonomy":"product_brand","embeddable":true,"href":"https:\/\/wiejskieprzysmaki.estima.site\/en\/wp-json\/wp\/v2\/product_brand?post=902"},{"taxonomy":"product_cat","embeddable":true,"href":"https:\/\/wiejskieprzysmaki.estima.site\/en\/wp-json\/wp\/v2\/product_cat?post=902"},{"taxonomy":"product_tag","embeddable":true,"href":"https:\/\/wiejskieprzysmaki.estima.site\/en\/wp-json\/wp\/v2\/product_tag?post=902"}],"curies":[{"name":"wp","href":"https:\/\/api.w.org\/{rel}","templated":true}]}}