{"id":9030,"date":"2025-02-18T12:01:26","date_gmt":"2025-02-18T11:01:26","guid":{"rendered":"https:\/\/wiejskieprzysmaki.estima.site\/produkt\/krowki-slony-karmel-bezmleczne-bezglutenowe-bio-150-g-me-gusto-super-krowka\/"},"modified":"2025-02-18T12:01:32","modified_gmt":"2025-02-18T11:01:32","slug":"krowki-slony-karmel-bezmleczne-bezglutenowe-bio-150-g-me-gusto-super-krowka","status":"publish","type":"product","link":"https:\/\/wiejskieprzysmaki.estima.site\/en\/product\/krowki-slony-karmel-bezmleczne-bezglutenowe-bio-150-g-me-gusto-super-krowka\/","title":{"rendered":"KR\u00d3WKI S\u0141ONY KARMEL BEZMLECZNE BEZGLUTENOWE BIO 150 g &#8211; ME GUSTO (SUPER KR\u00d3WKA)"},"content":{"rendered":"<p>SK\u0141ADNIKI<br \/>cukier kokosowy*, proszek kokosowy*, syrop ry\u017cowy*, bia\u0142ko s\u0142onecznika*, guma arabska (b\u0142onnik z akacji)*, s\u00f3l (0,8 %). (*certyfikowany sk\u0142adnik ekologiczny)<\/p>\n<p>OPIS<br \/>Ekologiczny produkt bezglutenowy. \u0179r\u00f3d\u0142o naturalnego b\u0142onnika pokarmowego, fosforu, magnezu, potasu, wapnia i \u017celaza.<br \/>Nie zawiera t\u0142uszczu pochodzenia zwierz\u0119cego, ani mleka.<\/p>\n<p>WARTO\u015a\u0106 OD\u017bYWCZA W 100 g<br \/>Warto\u015b\u0107 energetyczna: 1599 kJ\/380 kcal<br \/>T\u0142uszcz: 12 g<br \/>w tym kwasy t\u0142uszczowe nasycone: 10 g<br \/>W\u0119glowodany: 63 g<br \/>w tym cukry: 56 g<br \/>B\u0142onnik: 4,6 g<br \/>Bia\u0142ko: 4,1 g<br \/>S\u00f3l: 1,1 g<br \/>Potas: 524 mg (26 %)**<br \/>Fosfor: 170 mg (24 %)**<br \/>Magnez: 65 mg (17 %)**<br \/>Wap\u0144: 168 mg (21 %)**<br \/>\u017belazo: 2,6 mg (19 %)**<br \/>**Dzienne referencyjne warto\u015bci spo\u017cycia witamin i sk\u0142adnik\u00f3w mineralnych (dla os\u00f3b doros\u0142ych).<\/p>\n<p>INFORMACJA ALERGENNA<br \/>Mo\u017ce zawiera\u0107 nasiona sezamu.<\/p>\n<p>UWAGA<br \/>Dopuszcza si\u0119 nieznaczne r\u00f3\u017cnice pomi\u0119dzy poszczeg\u00f3lnymi partiami wynikaj\u0105ce z naturalnego pochodzenia produktu.<\/p>\n<p>ZALECANE WARUNKI PRZECHOWYWANIA<br \/>Przechowywa\u0107 w suchym i ch\u0142odnym miejscu<\/p>","protected":false},"excerpt":{"rendered":"<p>SK\u0141ADNIKIcukier kokosowy*, proszek kokosowy*, syrop ry\u017cowy*, bia\u0142ko s\u0142onecznika*, guma arabska (b\u0142onnik z akacji)*, s\u00f3l (0,8 %). (*certyfikowany sk\u0142adnik ekologiczny) OPISEkologiczny produkt bezglutenowy. \u0179r\u00f3d\u0142o naturalnego b\u0142onnika pokarmowego, fosforu, magnezu, potasu, wapnia i \u017celaza.Nie zawiera t\u0142uszczu pochodzenia zwierz\u0119cego, ani mleka. WARTO\u015a\u0106 OD\u017bYWCZA W 100 gWarto\u015b\u0107 energetyczna: 1599 kJ\/380 kcalT\u0142uszcz: 12 gw tym kwasy t\u0142uszczowe nasycone: 10 gW\u0119glowodany: [&hellip;]<\/p>","protected":false},"featured_media":9031,"comment_status":"closed","ping_status":"open","template":"","meta":{"_acf_changed":false},"product_brand":[],"product_cat":[1175,139],"product_tag":[],"class_list":{"0":"post-9030","1":"product","2":"type-product","3":"status-publish","4":"has-post-thumbnail","6":"product_cat-cukierki-lizaki","7":"product_cat-slodycze-i-przekaski","8":"pa_ean-matka-6911","9":"pa_gwarancja-przydatnosci-324","10":"pa_ilosc-w-opakowaniu-350","11":"pa_jednostka-podstawowa-szt","12":"pa_kod-cn-1704-90-75","13":"pa_kraj-pochodzenia-skladnikow-indonezja","14":"pa_masa-netto-197","15":"pa_objetosc-brutto-3901","16":"pa_producent-me-gusto-krowki-weganskie-czekolady-wafelki","17":"pa_producent-nazwa-adres-me-gusto-spolka-z-ograniczona-odpowiedzialnoscia-baltycka-4a-3-81-707-sopot","18":"pa_tagi-bez-glutenu-deklaracja","19":"pa_tagi-bez-glutenu-w-skladnikach","20":"pa_tagi-certyfikat-bio","21":"pa_tagi-weganski","22":"pa_tagi-wegetarianski","24":"first","25":"instock","26":"taxable","27":"shipping-taxable","28":"purchasable","29":"product-type-simple"},"acf":[],"_links":{"self":[{"href":"https:\/\/wiejskieprzysmaki.estima.site\/en\/wp-json\/wp\/v2\/product\/9030","targetHints":{"allow":["GET"]}}],"collection":[{"href":"https:\/\/wiejskieprzysmaki.estima.site\/en\/wp-json\/wp\/v2\/product"}],"about":[{"href":"https:\/\/wiejskieprzysmaki.estima.site\/en\/wp-json\/wp\/v2\/types\/product"}],"replies":[{"embeddable":true,"href":"https:\/\/wiejskieprzysmaki.estima.site\/en\/wp-json\/wp\/v2\/comments?post=9030"}],"wp:featuredmedia":[{"embeddable":true,"href":"https:\/\/wiejskieprzysmaki.estima.site\/en\/wp-json\/wp\/v2\/media\/9031"}],"wp:attachment":[{"href":"https:\/\/wiejskieprzysmaki.estima.site\/en\/wp-json\/wp\/v2\/media?parent=9030"}],"wp:term":[{"taxonomy":"product_brand","embeddable":true,"href":"https:\/\/wiejskieprzysmaki.estima.site\/en\/wp-json\/wp\/v2\/product_brand?post=9030"},{"taxonomy":"product_cat","embeddable":true,"href":"https:\/\/wiejskieprzysmaki.estima.site\/en\/wp-json\/wp\/v2\/product_cat?post=9030"},{"taxonomy":"product_tag","embeddable":true,"href":"https:\/\/wiejskieprzysmaki.estima.site\/en\/wp-json\/wp\/v2\/product_tag?post=9030"}],"curies":[{"name":"wp","href":"https:\/\/api.w.org\/{rel}","templated":true}]}}