{"id":904,"date":"2025-02-18T10:32:40","date_gmt":"2025-02-18T09:32:40","guid":{"rendered":"https:\/\/wiejskieprzysmaki.estima.site\/produkt\/cukier-kokosowy-bio-1-kg-bio-planet\/"},"modified":"2025-02-18T10:32:56","modified_gmt":"2025-02-18T09:32:56","slug":"cukier-kokosowy-bio-1-kg-bio-planet","status":"publish","type":"product","link":"https:\/\/wiejskieprzysmaki.estima.site\/en\/product\/cukier-kokosowy-bio-1-kg-bio-planet\/","title":{"rendered":"CUKIER KOKOSOWY BIO 1 kg &#8211; BIO PLANET"},"content":{"rendered":"<p>SK\u0141ADNIKI<br \/>ekologiczny cukier kokosowy 100 %.<\/p>\n<p>OPIS<br \/>Ekologiczny cukier kokosowy, nierafinowany, uzyskiwany z p\u0105k\u00f3w kwiatowych palmy kokosowej. Pozbawiony aromatu kokosa, charakteryzuje si\u0119 lekk\u0105 nut\u0105 karmelu. Mo\u017ce by\u0107 stosowany do wypiek\u00f3w, deser\u00f3w oraz s\u0142odzenia ciep\u0142ych napoj\u00f3w.<\/p>\n<p>WARTO\u015a\u0106 OD\u017bYWCZA W 100 g<br \/>Warto\u015b\u0107 energetyczna: 1643 kJ\/ 387 kcal<br \/>T\u0142uszcz: <0,5 g<br \/>w tym kwasy t\u0142uszczowe nasycone: 0,1 g<br \/>W\u0119glowodany: 95 g<br \/>w tym cukry: 89 g<br \/>Bia\u0142ko: 1,1 g<br \/>S\u00f3l: 0,20 g<\/p>\n<p>ZALECANE WARUNKI PRZECHOWYWANIA<br \/>Przechowywa\u0107 w suchym i ch\u0142odnym miejscu.<\/p>","protected":false},"excerpt":{"rendered":"<p>SK\u0141ADNIKIekologiczny cukier kokosowy 100 %. OPISEkologiczny cukier kokosowy, nierafinowany, uzyskiwany z p\u0105k\u00f3w kwiatowych palmy kokosowej. Pozbawiony aromatu kokosa, charakteryzuje si\u0119 lekk\u0105 nut\u0105 karmelu. Mo\u017ce by\u0107 stosowany do wypiek\u00f3w, deser\u00f3w oraz s\u0142odzenia ciep\u0142ych napoj\u00f3w. WARTO\u015a\u0106 OD\u017bYWCZA W 100 gWarto\u015b\u0107 energetyczna: 1643 kJ\/ 387 kcalT\u0142uszcz:<\/p>","protected":false},"featured_media":905,"comment_status":"closed","ping_status":"open","template":"","meta":{"_acf_changed":false},"product_brand":[],"product_cat":[329,304],"product_tag":[],"class_list":{"0":"post-904","1":"product","2":"type-product","3":"status-publish","4":"has-post-thumbnail","6":"product_cat-cukry-slodziki-owoce-sproszkowane","7":"product_cat-slodziki","8":"pa_ean-matka-921","9":"pa_ean-matka-920","10":"pa_gwarancja-przydatnosci-324","11":"pa_ilosc-w-opakowaniu-298","12":"pa_jednostka-podstawowa-szt","13":"pa_kod-cn-1702-90-95","14":"pa_kraj-pochodzenia-skladnikow-indonezja","15":"pa_masa-netto-209","16":"pa_objetosc-brutto-919","17":"pa_producent-bio-planet-seria-czerwona-cukry-syropy","18":"pa_producent-nazwa-adres-bio-planet-s-a-wilkowa-wies-7-05-084-leszno","19":"pa_tagi-bez-glutenu-w-skladnikach","20":"pa_tagi-certyfikat-bio","21":"pa_tagi-weganski","22":"pa_tagi-wegetarianski","24":"first","25":"instock","26":"taxable","27":"shipping-taxable","28":"purchasable","29":"product-type-simple"},"acf":[],"_links":{"self":[{"href":"https:\/\/wiejskieprzysmaki.estima.site\/en\/wp-json\/wp\/v2\/product\/904","targetHints":{"allow":["GET"]}}],"collection":[{"href":"https:\/\/wiejskieprzysmaki.estima.site\/en\/wp-json\/wp\/v2\/product"}],"about":[{"href":"https:\/\/wiejskieprzysmaki.estima.site\/en\/wp-json\/wp\/v2\/types\/product"}],"replies":[{"embeddable":true,"href":"https:\/\/wiejskieprzysmaki.estima.site\/en\/wp-json\/wp\/v2\/comments?post=904"}],"wp:featuredmedia":[{"embeddable":true,"href":"https:\/\/wiejskieprzysmaki.estima.site\/en\/wp-json\/wp\/v2\/media\/905"}],"wp:attachment":[{"href":"https:\/\/wiejskieprzysmaki.estima.site\/en\/wp-json\/wp\/v2\/media?parent=904"}],"wp:term":[{"taxonomy":"product_brand","embeddable":true,"href":"https:\/\/wiejskieprzysmaki.estima.site\/en\/wp-json\/wp\/v2\/product_brand?post=904"},{"taxonomy":"product_cat","embeddable":true,"href":"https:\/\/wiejskieprzysmaki.estima.site\/en\/wp-json\/wp\/v2\/product_cat?post=904"},{"taxonomy":"product_tag","embeddable":true,"href":"https:\/\/wiejskieprzysmaki.estima.site\/en\/wp-json\/wp\/v2\/product_tag?post=904"}],"curies":[{"name":"wp","href":"https:\/\/api.w.org\/{rel}","templated":true}]}}