{"id":9052,"date":"2025-02-18T12:01:36","date_gmt":"2025-02-18T11:01:36","guid":{"rendered":"https:\/\/wiejskieprzysmaki.estima.site\/produkt\/dzem-ekstra-z-truskawek-bio-360-g-agrisicilia\/"},"modified":"2025-02-18T12:01:44","modified_gmt":"2025-02-18T11:01:44","slug":"dzem-ekstra-z-truskawek-bio-360-g-agrisicilia","status":"publish","type":"product","link":"https:\/\/wiejskieprzysmaki.estima.site\/en\/product\/dzem-ekstra-z-truskawek-bio-360-g-agrisicilia\/","title":{"rendered":"D\u017bEM EKSTRA Z TRUSKAWEK BIO 360 g &#8211; AGRISICILIA"},"content":{"rendered":"<p>SK\u0141ADNIKI<br \/>truskawki*, cukier trzcinowy*, substancja \u017celuj\u0105ca: pektyny, regulator kwasowo\u015bci: kwas cytrynowy. (*certyfikowany sk\u0142adnik ekologiczny)<\/p>\n<p>OPIS<br \/>Sporz\u0105dzono z 80 g owocu na 100 g.<br \/>Aby uzyska\u0107 dobry produkt, Agrisicilia wybiera surowce od wyselekcjonowanych dostawc\u00f3w i przetwarza je w swoim zak\u0142adzie w Belpasso (Katania). <\/p>\n<p>WARTO\u015a\u0106 OD\u017bYWCZA w 100 g<br \/>Warto\u015b\u0107 energetyczna: 1037 kJ\/244 kcal<br \/>T\u0142uszcz: 0,1 g<br \/>w tym kwasy t\u0142uszczowe nasycone: 0 g<br \/>W\u0119glowodany: 60 g<br \/>w tym cukry: 59 g<br \/>Bia\u0142ko: 0,4 g<br \/>S\u00f3l: 0 g<\/p>\n<p>ZALECANE WARUNKI PRZECHOWYWANIA<br \/>Po otwarciu przechowywa\u0107 w temperaturze +4\u00b0C i spo\u017cy\u0107 w ci\u0105gu 14 dni. <\/p>","protected":false},"excerpt":{"rendered":"<p>SK\u0141ADNIKItruskawki*, cukier trzcinowy*, substancja \u017celuj\u0105ca: pektyny, regulator kwasowo\u015bci: kwas cytrynowy. (*certyfikowany sk\u0142adnik ekologiczny) OPISSporz\u0105dzono z 80 g owocu na 100 g.Aby uzyska\u0107 dobry produkt, Agrisicilia wybiera surowce od wyselekcjonowanych dostawc\u00f3w i przetwarza je w swoim zak\u0142adzie w Belpasso (Katania). WARTO\u015a\u0106 OD\u017bYWCZA w 100 gWarto\u015b\u0107 energetyczna: 1037 kJ\/244 kcalT\u0142uszcz: 0,1 gw tym kwasy t\u0142uszczowe nasycone: 0 [&hellip;]<\/p>","protected":false},"featured_media":9053,"comment_status":"closed","ping_status":"open","template":"","meta":{"_acf_changed":false},"product_brand":[],"product_cat":[999,998],"product_tag":[],"class_list":{"0":"post-9052","1":"product","2":"type-product","3":"status-publish","4":"has-post-thumbnail","6":"product_cat-dzemy-konfitury-musy","7":"product_cat-przetwory-warzywne-i-owocowe","8":"pa_ean-matka-6929","9":"pa_gwarancja-przydatnosci-324","10":"pa_ilosc-w-opakowaniu-298","11":"pa_jednostka-podstawowa-szt","12":"pa_kod-cn-2007-99-39","13":"pa_kraj-pochodzenia-skladnikow-wlochy","14":"pa_masa-netto-1398","15":"pa_objetosc-brutto-2092","16":"pa_producent-agrisicilia-marmolady-krem-pistacjowy","17":"pa_producent-nazwa-adres-fiordisicilia-s-r-l-s-p-14-n-20-95032-belpasso-ct-italy","18":"pa_tagi-bez-glutenu-w-skladnikach","19":"pa_tagi-certyfikat-bio","20":"pa_tagi-weganski","21":"pa_tagi-wegetarianski","23":"first","24":"instock","25":"taxable","26":"shipping-taxable","27":"purchasable","28":"product-type-simple"},"acf":[],"_links":{"self":[{"href":"https:\/\/wiejskieprzysmaki.estima.site\/en\/wp-json\/wp\/v2\/product\/9052","targetHints":{"allow":["GET"]}}],"collection":[{"href":"https:\/\/wiejskieprzysmaki.estima.site\/en\/wp-json\/wp\/v2\/product"}],"about":[{"href":"https:\/\/wiejskieprzysmaki.estima.site\/en\/wp-json\/wp\/v2\/types\/product"}],"replies":[{"embeddable":true,"href":"https:\/\/wiejskieprzysmaki.estima.site\/en\/wp-json\/wp\/v2\/comments?post=9052"}],"wp:featuredmedia":[{"embeddable":true,"href":"https:\/\/wiejskieprzysmaki.estima.site\/en\/wp-json\/wp\/v2\/media\/9053"}],"wp:attachment":[{"href":"https:\/\/wiejskieprzysmaki.estima.site\/en\/wp-json\/wp\/v2\/media?parent=9052"}],"wp:term":[{"taxonomy":"product_brand","embeddable":true,"href":"https:\/\/wiejskieprzysmaki.estima.site\/en\/wp-json\/wp\/v2\/product_brand?post=9052"},{"taxonomy":"product_cat","embeddable":true,"href":"https:\/\/wiejskieprzysmaki.estima.site\/en\/wp-json\/wp\/v2\/product_cat?post=9052"},{"taxonomy":"product_tag","embeddable":true,"href":"https:\/\/wiejskieprzysmaki.estima.site\/en\/wp-json\/wp\/v2\/product_tag?post=9052"}],"curies":[{"name":"wp","href":"https:\/\/api.w.org\/{rel}","templated":true}]}}