{"id":9082,"date":"2025-02-18T12:01:55","date_gmt":"2025-02-18T11:01:55","guid":{"rendered":"https:\/\/wiejskieprzysmaki.estima.site\/produkt\/kakao-ceremonialne-tabliczka-bio-50-g-cocoa\/"},"modified":"2025-02-18T12:01:57","modified_gmt":"2025-02-18T11:01:57","slug":"kakao-ceremonialne-tabliczka-bio-50-g-cocoa","status":"publish","type":"product","link":"https:\/\/wiejskieprzysmaki.estima.site\/en\/product\/kakao-ceremonialne-tabliczka-bio-50-g-cocoa\/","title":{"rendered":"KAKAO CEREMONIALNE TABLICZKA BIO 50 g &#8211; COCOA"},"content":{"rendered":"<p>SK\u0141ADNIKI<br \/>100 % niepra\u017cone ziarno kakaowca*. (*certyfikowany sk\u0142adnik ekologiczny). <\/p>\n<p>OPIS<br \/>Kakao ceremonialne to specjalna forma kakao przygotowywana z ziaren kakaowca o wysokiej jako\u015bci, bez dodatku cukru lub mleka.<br \/>Kakao ceremonialne ma bardzo intensywny smak, kt\u00f3ry mo\u017ce by\u0107 dla niekt\u00f3rych ludzi zbyt gorzki.<br \/>Warto rozpocz\u0105\u0107, od mniejszej ilo\u015bci kakao i stopniowo zwi\u0119ksza\u0107 jej ilo\u015b\u0107, aby dopasowa\u0107 smak do swoich preferencji.<br \/>Wysoka zawarto\u015b\u0107 b\u0142onnika pokarmowego. <\/p>\n<p>WARTO\u015a\u0106 OD\u017bYWCZA W 100 g<br \/>Warto\u015b\u0107 energetyczna 2416 kJ\/586 kcal  <br \/>T\u0142uszcz: 52 g<br \/>w tym kwasy nasycone: 30 g<br \/>W\u0119glowodany: 6,0 g<br \/>w tym cukry: 1,5 g<br \/>B\u0142onnik: 23 g<br \/>Bia\u0142ko: 12 g<br \/>S\u00f3l: 0,2 g<\/p>\n<p>INFORMACJA ALERGENNA<br \/>Mo\u017ce zawiera\u0107 orzechy.<\/p>\n<p>ZALECANE WARUNKI PRZECHOWYWANIA  <br \/>Przechowywa\u0107 w suchym i ch\u0142odnym miejscu.<\/p>","protected":false},"excerpt":{"rendered":"<p>SK\u0141ADNIKI100 % niepra\u017cone ziarno kakaowca*. (*certyfikowany sk\u0142adnik ekologiczny). OPISKakao ceremonialne to specjalna forma kakao przygotowywana z ziaren kakaowca o wysokiej jako\u015bci, bez dodatku cukru lub mleka.Kakao ceremonialne ma bardzo intensywny smak, kt\u00f3ry mo\u017ce by\u0107 dla niekt\u00f3rych ludzi zbyt gorzki.Warto rozpocz\u0105\u0107, od mniejszej ilo\u015bci kakao i stopniowo zwi\u0119ksza\u0107 jej ilo\u015b\u0107, aby dopasowa\u0107 smak do swoich preferencji.Wysoka [&hellip;]<\/p>","protected":false},"featured_media":9083,"comment_status":"closed","ping_status":"open","template":"","meta":{"_acf_changed":false},"product_brand":[],"product_cat":[898,897],"product_tag":[],"class_list":{"0":"post-9082","1":"product","2":"type-product","3":"status-publish","4":"has-post-thumbnail","6":"product_cat-kakao","7":"product_cat-kawa-i-kakao","8":"pa_ean-matka-6953","9":"pa_gwarancja-przydatnosci-311","10":"pa_ilosc-w-opakowaniu-3660","11":"pa_jednostka-podstawowa-szt","12":"pa_kod-cn-1803-10-00","13":"pa_kraj-pochodzenia-skladnikow-turcja","14":"pa_masa-netto-461","15":"pa_objetosc-brutto-6564","16":"pa_producent-cocoa-czekolady-i-bakalie-w-surowej-czekoladzie","17":"pa_producent-nazwa-adres-surovital-marcin-rendak-karol-szwed-s-c-sw-urszuli-ledochowskiej-5-18-02-972-warszawa","18":"pa_tagi-bez-cukru-w-skladnikach","19":"pa_tagi-bez-glutenu-w-skladnikach","20":"pa_tagi-certyfikat-bio","21":"pa_tagi-weganski","22":"pa_tagi-wegetarianski","24":"first","25":"instock","26":"taxable","27":"shipping-taxable","28":"purchasable","29":"product-type-simple"},"acf":[],"_links":{"self":[{"href":"https:\/\/wiejskieprzysmaki.estima.site\/en\/wp-json\/wp\/v2\/product\/9082","targetHints":{"allow":["GET"]}}],"collection":[{"href":"https:\/\/wiejskieprzysmaki.estima.site\/en\/wp-json\/wp\/v2\/product"}],"about":[{"href":"https:\/\/wiejskieprzysmaki.estima.site\/en\/wp-json\/wp\/v2\/types\/product"}],"replies":[{"embeddable":true,"href":"https:\/\/wiejskieprzysmaki.estima.site\/en\/wp-json\/wp\/v2\/comments?post=9082"}],"wp:featuredmedia":[{"embeddable":true,"href":"https:\/\/wiejskieprzysmaki.estima.site\/en\/wp-json\/wp\/v2\/media\/9083"}],"wp:attachment":[{"href":"https:\/\/wiejskieprzysmaki.estima.site\/en\/wp-json\/wp\/v2\/media?parent=9082"}],"wp:term":[{"taxonomy":"product_brand","embeddable":true,"href":"https:\/\/wiejskieprzysmaki.estima.site\/en\/wp-json\/wp\/v2\/product_brand?post=9082"},{"taxonomy":"product_cat","embeddable":true,"href":"https:\/\/wiejskieprzysmaki.estima.site\/en\/wp-json\/wp\/v2\/product_cat?post=9082"},{"taxonomy":"product_tag","embeddable":true,"href":"https:\/\/wiejskieprzysmaki.estima.site\/en\/wp-json\/wp\/v2\/product_tag?post=9082"}],"curies":[{"name":"wp","href":"https:\/\/api.w.org\/{rel}","templated":true}]}}