{"id":9086,"date":"2025-02-18T12:01:55","date_gmt":"2025-02-18T11:01:55","guid":{"rendered":"https:\/\/wiejskieprzysmaki.estima.site\/produkt\/czekolada-focus-keto-bio-40-g-cocoa\/"},"modified":"2025-02-18T12:01:58","modified_gmt":"2025-02-18T11:01:58","slug":"czekolada-focus-keto-bio-40-g-cocoa","status":"publish","type":"product","link":"https:\/\/wiejskieprzysmaki.estima.site\/en\/product\/czekolada-focus-keto-bio-40-g-cocoa\/","title":{"rendered":"CZEKOLADA FOCUS KETO BIO 40 g &#8211; COCOA"},"content":{"rendered":"<p>SK\u0141ADNIKI<br \/>niepra\u017cone ziarno kakaowca*, inulina*, substancja s\u0142odz\u0105ca: erytrytol*, t\u0142uszcz kakaowy*, sproszkowana guarana*, sproszkowany olej MCT z kokosa* (olej MCT z kokosa* 70 %, b\u0142onnik z akacji* 30 %), sproszkowany mi\u0105\u017csz kokosowy*, herbata matcha zielona*, sopl\u00f3wka je\u017cowata grzyb mielony*, wanilia Bourbon*. (*certyfikowany sk\u0142adnik ekologiczny). <br \/>Zawarto\u015b\u0107 masy kakaowej min. 42 %.<\/p>\n<p>OPIS<br \/>Keto czekolada focus to pierwsza na rynku funkcjonalna czekolada, kt\u00f3ra zawiera:&nbsp;guaran\u0119, matche i lion\u2019s mane,&nbsp;czyli&nbsp;sopl\u00f3wk\u0119 je\u017cowat\u0105, kt\u00f3re wp\u0142ywaj\u0105 na prac\u0119 m\u00f3zgu. Poza tym, keto czekolada focus przygotowana jest w wersji keto, czyli jest r\u00f3wnie\u017c przyjazna dla os\u00f3b b\u0119d\u0105cych na diecie ketogenicznej lub na diecie low carb.<br \/>Zawiera substancj\u0119 s\u0142odz\u0105c\u0105. Zawiera kofein\u0119; nie zaleca si\u0119 stosowania u dzieci i kobiet w ci\u0105\u017cy (370 g\/100 g)<br \/>Spo\u017cycie w nadmiernych ilo\u015bciach mo\u017ce mie\u0107 efekt przeczyszczaj\u0105cy.<\/p>\n<p>WARTO\u015a\u0106 OD\u017bYWCZA W 100 g<br \/>Warto\u015b\u0107 energetyczna: 1903 kJ\/460 kcal <br \/>T\u0142uszcz: 36 g<br \/>w tym kwasy nasycone: 24 g<br \/>W\u0119glowodany: 27 g<br \/>w tym cukry: 3,7 g<br \/>w tym poliole: 15 g<br \/>B\u0142onnik: 29 g<br \/>Bia\u0142ko: 5,4 g<br \/>S\u00f3l: 0,18 g<\/p>\n<p>INFORMACJA ALERGENNA<br \/>Mo\u017ce zawiera\u0107 orzechy.<\/p>\n<p>ZALECANE WARUNKI PRZECHOWYWANIA <br \/>Przechowywa\u0107 w suchym i ch\u0142odnym miejscu.<\/p>","protected":false},"excerpt":{"rendered":"<p>SK\u0141ADNIKIniepra\u017cone ziarno kakaowca*, inulina*, substancja s\u0142odz\u0105ca: erytrytol*, t\u0142uszcz kakaowy*, sproszkowana guarana*, sproszkowany olej MCT z kokosa* (olej MCT z kokosa* 70 %, b\u0142onnik z akacji* 30 %), sproszkowany mi\u0105\u017csz kokosowy*, herbata matcha zielona*, sopl\u00f3wka je\u017cowata grzyb mielony*, wanilia Bourbon*. (*certyfikowany sk\u0142adnik ekologiczny). Zawarto\u015b\u0107 masy kakaowej min. 42 %. OPISKeto czekolada focus to pierwsza na rynku [&hellip;]<\/p>","protected":false},"featured_media":9087,"comment_status":"closed","ping_status":"open","template":"","meta":{"_acf_changed":false},"product_brand":[],"product_cat":[1187,139],"product_tag":[],"class_list":{"0":"post-9086","1":"product","2":"type-product","3":"status-publish","4":"has-post-thumbnail","6":"product_cat-czekolady-i-czekoladki","7":"product_cat-slodycze-i-przekaski","8":"pa_ean-matka-6956","9":"pa_gwarancja-przydatnosci-320","10":"pa_ilosc-w-opakowaniu-374","11":"pa_jednostka-podstawowa-szt","12":"pa_kod-cn-1806-90-50","13":"pa_kraj-pochodzenia-skladnikow-turcja","14":"pa_masa-netto-351","15":"pa_objetosc-brutto-4615","16":"pa_producent-cocoa-czekolady-i-bakalie-w-surowej-czekoladzie","17":"pa_producent-nazwa-adres-surovital-marcin-rendak-karol-szwed-s-c-sw-urszuli-ledochowskiej-5-18-02-972-warszawa","18":"pa_tagi-bez-cukru-w-skladnikach","19":"pa_tagi-bez-glutenu-w-skladnikach","20":"pa_tagi-certyfikat-bio","21":"pa_tagi-weganski","22":"pa_tagi-wegetarianski","23":"pa_termin-przydatnosci-12-07-2025","25":"first","26":"instock","27":"taxable","28":"shipping-taxable","29":"purchasable","30":"product-type-simple"},"acf":[],"_links":{"self":[{"href":"https:\/\/wiejskieprzysmaki.estima.site\/en\/wp-json\/wp\/v2\/product\/9086","targetHints":{"allow":["GET"]}}],"collection":[{"href":"https:\/\/wiejskieprzysmaki.estima.site\/en\/wp-json\/wp\/v2\/product"}],"about":[{"href":"https:\/\/wiejskieprzysmaki.estima.site\/en\/wp-json\/wp\/v2\/types\/product"}],"replies":[{"embeddable":true,"href":"https:\/\/wiejskieprzysmaki.estima.site\/en\/wp-json\/wp\/v2\/comments?post=9086"}],"wp:featuredmedia":[{"embeddable":true,"href":"https:\/\/wiejskieprzysmaki.estima.site\/en\/wp-json\/wp\/v2\/media\/9087"}],"wp:attachment":[{"href":"https:\/\/wiejskieprzysmaki.estima.site\/en\/wp-json\/wp\/v2\/media?parent=9086"}],"wp:term":[{"taxonomy":"product_brand","embeddable":true,"href":"https:\/\/wiejskieprzysmaki.estima.site\/en\/wp-json\/wp\/v2\/product_brand?post=9086"},{"taxonomy":"product_cat","embeddable":true,"href":"https:\/\/wiejskieprzysmaki.estima.site\/en\/wp-json\/wp\/v2\/product_cat?post=9086"},{"taxonomy":"product_tag","embeddable":true,"href":"https:\/\/wiejskieprzysmaki.estima.site\/en\/wp-json\/wp\/v2\/product_tag?post=9086"}],"curies":[{"name":"wp","href":"https:\/\/api.w.org\/{rel}","templated":true}]}}