{"id":9090,"date":"2025-02-18T12:01:55","date_gmt":"2025-02-18T11:01:55","guid":{"rendered":"https:\/\/wiejskieprzysmaki.estima.site\/produkt\/yerba-mate-green-bio-200-g-organic-mate-green\/"},"modified":"2025-02-18T12:01:59","modified_gmt":"2025-02-18T11:01:59","slug":"yerba-mate-green-bio-200-g-organic-mate-green","status":"publish","type":"product","link":"https:\/\/wiejskieprzysmaki.estima.site\/en\/product\/yerba-mate-green-bio-200-g-organic-mate-green\/","title":{"rendered":"YERBA MATE GREEN BIO 200 g &#8211; ORGANIC MATE GREEN"},"content":{"rendered":"<p>SK\u0141ADNIKI<br \/>yerba mate green* (Ilex Paraguariensis). (*certyfikowany sk\u0142adnik ekologiczny)<\/p>\n<p>SPOS\u00d3B PRZYGOTOWANIA<br \/>Susz wsypuje si\u0119 w ilo\u015bci od 1\/4 do 3\/4 obj\u0119to\u015bci naczynia, zalewa wod\u0105 o temperaturze 70-80 stopni Celsjusza lub wod\u0105 z lodem. Ten sam susz mo\u017cna zalewa\u0107 wielokrotnie.<\/p>\n<p>ZALECANE WARUNKI PRZECHOWYWANIA<br \/>Przechowywa\u0107 w suchym miejscu, w szczelnie zamkni\u0119tym opakowaniu.<\/p>","protected":false},"excerpt":{"rendered":"<p>SK\u0141ADNIKIyerba mate green* (Ilex Paraguariensis). (*certyfikowany sk\u0142adnik ekologiczny) SPOS\u00d3B PRZYGOTOWANIASusz wsypuje si\u0119 w ilo\u015bci od 1\/4 do 3\/4 obj\u0119to\u015bci naczynia, zalewa wod\u0105 o temperaturze 70-80 stopni Celsjusza lub wod\u0105 z lodem. Ten sam susz mo\u017cna zalewa\u0107 wielokrotnie. ZALECANE WARUNKI PRZECHOWYWANIAPrzechowywa\u0107 w suchym miejscu, w szczelnie zamkni\u0119tym opakowaniu.<\/p>","protected":false},"featured_media":9091,"comment_status":"closed","ping_status":"open","template":"","meta":{"_acf_changed":false},"product_brand":[],"product_cat":[282,1050],"product_tag":[],"class_list":{"0":"post-9090","1":"product","2":"type-product","3":"status-publish","4":"has-post-thumbnail","6":"product_cat-herbaty-i-ziola","7":"product_cat-yerba-mate-w-tym-z-dodatkami","8":"pa_ean-matka-6959","9":"pa_gwarancja-przydatnosci-320","10":"pa_ilosc-w-opakowaniu-3660","11":"pa_jednostka-podstawowa-szt","12":"pa_kod-cn-0903-00-00","13":"pa_kraj-pochodzenia-skladnikow-brazylia","14":"pa_masa-netto-354","15":"pa_objetosc-brutto-3685","16":"pa_producent-organic-mate-green-yerba-mate","17":"pa_producent-nazwa-adres-derlatka-robert-oranzada-stefana-batorego-42-24-05-400-otwock","18":"pa_tagi-bez-cukru-w-skladnikach","19":"pa_tagi-bez-glutenu-w-skladnikach","20":"pa_tagi-certyfikat-bio","21":"pa_tagi-weganski","22":"pa_tagi-wegetarianski","24":"first","25":"instock","26":"taxable","27":"shipping-taxable","28":"purchasable","29":"product-type-simple"},"acf":[],"_links":{"self":[{"href":"https:\/\/wiejskieprzysmaki.estima.site\/en\/wp-json\/wp\/v2\/product\/9090","targetHints":{"allow":["GET"]}}],"collection":[{"href":"https:\/\/wiejskieprzysmaki.estima.site\/en\/wp-json\/wp\/v2\/product"}],"about":[{"href":"https:\/\/wiejskieprzysmaki.estima.site\/en\/wp-json\/wp\/v2\/types\/product"}],"replies":[{"embeddable":true,"href":"https:\/\/wiejskieprzysmaki.estima.site\/en\/wp-json\/wp\/v2\/comments?post=9090"}],"wp:featuredmedia":[{"embeddable":true,"href":"https:\/\/wiejskieprzysmaki.estima.site\/en\/wp-json\/wp\/v2\/media\/9091"}],"wp:attachment":[{"href":"https:\/\/wiejskieprzysmaki.estima.site\/en\/wp-json\/wp\/v2\/media?parent=9090"}],"wp:term":[{"taxonomy":"product_brand","embeddable":true,"href":"https:\/\/wiejskieprzysmaki.estima.site\/en\/wp-json\/wp\/v2\/product_brand?post=9090"},{"taxonomy":"product_cat","embeddable":true,"href":"https:\/\/wiejskieprzysmaki.estima.site\/en\/wp-json\/wp\/v2\/product_cat?post=9090"},{"taxonomy":"product_tag","embeddable":true,"href":"https:\/\/wiejskieprzysmaki.estima.site\/en\/wp-json\/wp\/v2\/product_tag?post=9090"}],"curies":[{"name":"wp","href":"https:\/\/api.w.org\/{rel}","templated":true}]}}