{"id":911,"date":"2025-02-18T10:32:40","date_gmt":"2025-02-18T09:32:40","guid":{"rendered":"https:\/\/wiejskieprzysmaki.estima.site\/produkt\/fasolka-adzuki-bio-1-kg-bio-planet\/"},"modified":"2025-02-18T10:32:59","modified_gmt":"2025-02-18T09:32:59","slug":"fasolka-adzuki-bio-1-kg-bio-planet","status":"publish","type":"product","link":"https:\/\/wiejskieprzysmaki.estima.site\/en\/product\/fasolka-adzuki-bio-1-kg-bio-planet\/","title":{"rendered":"FASOLKA ADZUKI BIO 1 kg &#8211; BIO PLANET"},"content":{"rendered":"<p>SK\u0141ADNIKI<br \/>fasolka adzuki* 100 % (*certyfikowany sk\u0142adnik ekologiczny).<\/p>\n<p>OPIS<br \/>Ekologiczna fasolka adzuki charakteryzuje si\u0119 s\u0142odko &#8211; orzechowym smakiem. Polecamy  jako dodatek do ry\u017cu i innych potraw zbo\u017cowych oraz do past, pasztet\u00f3w, zup i potraw jednogarnkowych.<br \/>SPOS\u00d3B PRZYGOTOWANIA<br \/>Uprzednio namoczon\u0105 kilka godzin i przep\u0142ukan\u0105 fasol\u0119 nale\u017cy gotowa\u0107 do mi\u0119kko\u015bci w \u015bwie\u017cej, nieosolonej wodzie ok. 60 min. Fasol\u0119 solimy dopiero pod koniec gotowania.<\/p>\n<p>WARTO\u015a\u0106 OD\u017bYWCZA W 100 g<br \/>Warto\u015b\u0107 energetyczna &#8211; 1375 kJ \/ 329 kcal<br \/>T\u0142uszcz &#8211; 0,5 g<br \/>w tym kwasy t\u0142uszczowe nasycone &#8211; 0,2 g<br \/>W\u0119glowodany &#8211; 50 g<br \/>w tym cukry &#8211; 0 g<br \/>B\u0142onnik &#8211; 13 g<br \/>Bia\u0142ko &#8211; 20 g<br \/>S\u00f3l &#8211; 0,01 g<\/p>\n<p>ZALECANE WARUNKI PRZECHOWYWANIA<br \/>Przechowywa\u0107 w suchym i ch\u0142odnym miejscu.<\/p>","protected":false},"excerpt":{"rendered":"<p>SK\u0141ADNIKIfasolka adzuki* 100 % (*certyfikowany sk\u0142adnik ekologiczny). OPISEkologiczna fasolka adzuki charakteryzuje si\u0119 s\u0142odko &#8211; orzechowym smakiem. Polecamy jako dodatek do ry\u017cu i innych potraw zbo\u017cowych oraz do past, pasztet\u00f3w, zup i potraw jednogarnkowych.SPOS\u00d3B PRZYGOTOWANIAUprzednio namoczon\u0105 kilka godzin i przep\u0142ukan\u0105 fasol\u0119 nale\u017cy gotowa\u0107 do mi\u0119kko\u015bci w \u015bwie\u017cej, nieosolonej wodzie ok. 60 min. Fasol\u0119 solimy dopiero pod [&hellip;]<\/p>","protected":false},"featured_media":912,"comment_status":"closed","ping_status":"open","template":"","meta":{"_acf_changed":false},"product_brand":[],"product_cat":[316,315],"product_tag":[],"class_list":{"0":"post-911","1":"product","2":"type-product","3":"status-publish","4":"has-post-thumbnail","6":"product_cat-suszone","7":"product_cat-warzywa-straczkowe","8":"pa_ean-matka-928","9":"pa_ean-matka-927","10":"pa_gwarancja-przydatnosci-311","11":"pa_ilosc-w-opakowaniu-366","12":"pa_jednostka-podstawowa-szt","13":"pa_kod-cn-0713-32-00","14":"pa_kraj-pochodzenia-skladnikow-chiny","15":"pa_masa-netto-209","16":"pa_objetosc-brutto-210","17":"pa_producent-bio-planet-seria-zielona-straczkowe","18":"pa_producent-nazwa-adres-bio-planet-s-a-wilkowa-wies-7-05-084-leszno","19":"pa_tagi-bez-cukru-w-skladnikach","20":"pa_tagi-bez-glutenu-w-skladnikach","21":"pa_tagi-certyfikat-bio","22":"pa_tagi-weganski","23":"pa_tagi-wegetarianski","25":"first","26":"instock","27":"taxable","28":"shipping-taxable","29":"purchasable","30":"product-type-simple"},"acf":[],"_links":{"self":[{"href":"https:\/\/wiejskieprzysmaki.estima.site\/en\/wp-json\/wp\/v2\/product\/911","targetHints":{"allow":["GET"]}}],"collection":[{"href":"https:\/\/wiejskieprzysmaki.estima.site\/en\/wp-json\/wp\/v2\/product"}],"about":[{"href":"https:\/\/wiejskieprzysmaki.estima.site\/en\/wp-json\/wp\/v2\/types\/product"}],"replies":[{"embeddable":true,"href":"https:\/\/wiejskieprzysmaki.estima.site\/en\/wp-json\/wp\/v2\/comments?post=911"}],"wp:featuredmedia":[{"embeddable":true,"href":"https:\/\/wiejskieprzysmaki.estima.site\/en\/wp-json\/wp\/v2\/media\/912"}],"wp:attachment":[{"href":"https:\/\/wiejskieprzysmaki.estima.site\/en\/wp-json\/wp\/v2\/media?parent=911"}],"wp:term":[{"taxonomy":"product_brand","embeddable":true,"href":"https:\/\/wiejskieprzysmaki.estima.site\/en\/wp-json\/wp\/v2\/product_brand?post=911"},{"taxonomy":"product_cat","embeddable":true,"href":"https:\/\/wiejskieprzysmaki.estima.site\/en\/wp-json\/wp\/v2\/product_cat?post=911"},{"taxonomy":"product_tag","embeddable":true,"href":"https:\/\/wiejskieprzysmaki.estima.site\/en\/wp-json\/wp\/v2\/product_tag?post=911"}],"curies":[{"name":"wp","href":"https:\/\/api.w.org\/{rel}","templated":true}]}}