{"id":9116,"date":"2025-02-18T12:02:15","date_gmt":"2025-02-18T11:02:15","guid":{"rendered":"https:\/\/wiejskieprzysmaki.estima.site\/produkt\/ostropest-plamisty-330-mg-bezglutenowy-90-kapsulek-pharmovit-classic\/"},"modified":"2025-02-20T15:12:00","modified_gmt":"2025-02-20T14:12:00","slug":"ostropest-plamisty-330-mg-bezglutenowy-90-kapsulek-pharmovit-classic","status":"publish","type":"product","link":"https:\/\/wiejskieprzysmaki.estima.site\/en\/product\/ostropest-plamisty-330-mg-bezglutenowy-90-kapsulek-pharmovit-classic\/","title":{"rendered":"OSTROPEST PLAMISTY (330 mg) BEZGLUTENOWY 90 KAPSU\u0141EK &#8211; PHARMOVIT (CLASSIC)"},"content":{"rendered":"<p>SK\u0141ADNIKI <br \/>Ekstrakt z nasion ostropestu plamistego, otoczka kapsu\u0142ki: \u017celatyna.<\/p>\n<p>Sk\u0142adniki w porcji dziennej &#8211; 1 kapsu\u0142ka<br \/>Ekstrakt 4:1 z nasion ostropestu plamistego (Silybum marianum) &#8211; 330 mg<\/p>\n<p>OPIS <br \/>Suplement diety.<br \/>Ostropest plamisty wspomaga prawid\u0142owe utrzymanie funkcji w\u0105troby i dodatkowo wspomaga trawienie i oczyszczanie organizmu. Przyczynia si\u0119 do utrzymania prawid\u0142owego poziomu cukru we krwi. Pomaga utrzyma\u0107 zdrowe serce.<br \/>Produkt nie zawiera substancji wype\u0142niaj\u0105cych, przeciwzbrylaj\u0105cych, barwnik\u00f3w.<\/p>\n<p>ZALECANE SPO\u017bYCIE I INNE UWAGI <br \/>Zalecana porcja produktu do spo\u017cycia w ci\u0105gu dnia niezb\u0119dna do uzyskania korzystnego dzia\u0142ania produktu: Spo\u017cywa\u0107 1 kapsu\u0142k\u0119 dziennie. Popi\u0107 wod\u0105 (250 ml). Zalecana porcja dzienna to 1 kapsu\u0142ka.<br \/>Nie nale\u017cy przekracza\u0107 zalecanej porcji do spo\u017cycia w ci\u0105gu dnia. Nie stosowa\u0107 w przypadku uczulenia na kt\u00f3rykolwiek ze sk\u0142adnik\u00f3w. Produkt dla doros\u0142ych. Spo\u017cywania produktu nie zaleca si\u0119 kobietom w ci\u0105\u017cy i karmi\u0105cym piersi\u0105. Produkt nie mo\u017ce by\u0107 stosowany jako substytut zr\u00f3\u017cnicowanej diety. Wa\u017cne jest prowadzenie zdrowego trybu \u017cycia i zr\u00f3wnowa\u017conego sposobu \u017cywienia.<\/p>\n<p>ZALECANE WARUNKI PRZECHOWYWANIA<br \/>Chroni\u0107 przed \u015bwiat\u0142em. Przechowywa\u0107 w temperaturze pokojowej, w suchym miejscu, w spos\u00f3b niedost\u0119pny dla ma\u0142ych dzieci.<\/p>","protected":false},"excerpt":{"rendered":"<p>SK\u0141ADNIKI Ekstrakt z nasion ostropestu plamistego, otoczka kapsu\u0142ki: \u017celatyna. Sk\u0142adniki w porcji dziennej &#8211; 1 kapsu\u0142kaEkstrakt 4:1 z nasion ostropestu plamistego (Silybum marianum) &#8211; 330 mg OPIS Suplement diety.Ostropest plamisty wspomaga prawid\u0142owe utrzymanie funkcji w\u0105troby i dodatkowo wspomaga trawienie i oczyszczanie organizmu. Przyczynia si\u0119 do utrzymania prawid\u0142owego poziomu cukru we krwi. Pomaga utrzyma\u0107 zdrowe serce.Produkt [&hellip;]<\/p>","protected":false},"featured_media":9117,"comment_status":"closed","ping_status":"open","template":"","meta":{"_acf_changed":false},"product_brand":[],"product_cat":[1497,9057],"product_tag":[],"class_list":{"0":"post-9116","1":"product","2":"type-product","3":"status-publish","4":"has-post-thumbnail","6":"product_cat-kapsulki-tabletki","7":"product_cat-suplementy-diety","8":"pa_ean-matka-6979","9":"pa_gwarancja-przydatnosci-320","10":"pa_ilosc-w-opakowaniu-454","11":"pa_jednostka-podstawowa-szt","12":"pa_kod-cn-2106-90-92","13":"pa_masa-netto-5424","14":"pa_objetosc-brutto-5200","15":"pa_producent-pharmovit-suplementy-diety","16":"pa_producent-nazwa-adres-pharmovit-dystybucja-spolka-z-ograniczona-odpowiedzialnoscia-ul-kostrogaj-9d-09-400-plock","17":"pa_tagi-bez-cukru-w-skladnikach","18":"pa_tagi-bez-glutenu-deklaracja","19":"pa_tagi-bez-glutenu-w-skladnikach","21":"first","22":"instock","23":"taxable","24":"shipping-taxable","25":"purchasable","26":"product-type-simple"},"acf":[],"_links":{"self":[{"href":"https:\/\/wiejskieprzysmaki.estima.site\/en\/wp-json\/wp\/v2\/product\/9116","targetHints":{"allow":["GET"]}}],"collection":[{"href":"https:\/\/wiejskieprzysmaki.estima.site\/en\/wp-json\/wp\/v2\/product"}],"about":[{"href":"https:\/\/wiejskieprzysmaki.estima.site\/en\/wp-json\/wp\/v2\/types\/product"}],"replies":[{"embeddable":true,"href":"https:\/\/wiejskieprzysmaki.estima.site\/en\/wp-json\/wp\/v2\/comments?post=9116"}],"wp:featuredmedia":[{"embeddable":true,"href":"https:\/\/wiejskieprzysmaki.estima.site\/en\/wp-json\/wp\/v2\/media\/9117"}],"wp:attachment":[{"href":"https:\/\/wiejskieprzysmaki.estima.site\/en\/wp-json\/wp\/v2\/media?parent=9116"}],"wp:term":[{"taxonomy":"product_brand","embeddable":true,"href":"https:\/\/wiejskieprzysmaki.estima.site\/en\/wp-json\/wp\/v2\/product_brand?post=9116"},{"taxonomy":"product_cat","embeddable":true,"href":"https:\/\/wiejskieprzysmaki.estima.site\/en\/wp-json\/wp\/v2\/product_cat?post=9116"},{"taxonomy":"product_tag","embeddable":true,"href":"https:\/\/wiejskieprzysmaki.estima.site\/en\/wp-json\/wp\/v2\/product_tag?post=9116"}],"curies":[{"name":"wp","href":"https:\/\/api.w.org\/{rel}","templated":true}]}}