{"id":913,"date":"2025-02-18T10:33:01","date_gmt":"2025-02-18T09:33:01","guid":{"rendered":"https:\/\/wiejskieprzysmaki.estima.site\/produkt\/maka-jaglana-bio-1-kg-bio-planet\/"},"modified":"2025-02-18T10:33:01","modified_gmt":"2025-02-18T09:33:01","slug":"maka-jaglana-bio-1-kg-bio-planet","status":"publish","type":"product","link":"https:\/\/wiejskieprzysmaki.estima.site\/en\/product\/maka-jaglana-bio-1-kg-bio-planet\/","title":{"rendered":"M\u0104KA JAGLANA BIO 1 kg &#8211; BIO PLANET"},"content":{"rendered":"<p>SK\u0141ADNIKI <br \/>ekologiczna m\u0105ka jaglana 100%.  <\/p>\n<p>OPIS <br \/>Ekologiczna m\u0105ka jaglana uzyskana z ob\u0142uszczonego ziarna prosa. Polecamy do wyrobu ciasteczek w po\u0142\u0105czeniu z m\u0105k\u0105 ry\u017cow\u0105, tak\u017ce do nale\u015bnik\u00f3w i plack\u00f3w w po\u0142\u0105czeniu z m\u0105k\u0105 gryczan\u0105. Doskona\u0142a r\u00f3wnie\u017c do zag\u0119szczania potraw, gdy\u017c nie tworzy grudek i ma neutralny smak. \t\t\t<\/p>\n<p>WARTO\u015a\u0106 OD\u017bYWCZA W 100 g<br \/>Warto\u015b\u0107 energetyczna &#8211; 1460 kJ \/ 344 kcal  <br \/>T\u0142uszcz &#8211; 2,9 g  <br \/>w tym kwasy t\u0142uszczowe nasycone &#8211; 0,6 g  <br \/>W\u0119glowodany &#8211; 68 g  <br \/>w tym cukry &#8211; 0,1 g  <br \/>B\u0142onnik &#8211; 1,4 g  <br \/>Bia\u0142ko &#8211; 11 g  <br \/>S\u00f3l &#8211; 0 g<\/p>\n<p>INFORMACJA ALERGENNA<br \/>Produkt mo\u017ce zawiera\u0107: ZBO\u017bA ZAWIERAJ\u0104CE GLUTEN, ORZESZKI ZIEMNE, ORZECHY, NASIONA SEZAMU, SOJ\u0118.<\/p>\n<p>ZALECANE WARUNKI PRZECHOWYWANIA <br \/>Przechowywa\u0107 w suchym i ch\u0142odnym miejscu.<\/p>","protected":false},"excerpt":{"rendered":"<p>SK\u0141ADNIKI ekologiczna m\u0105ka jaglana 100%. OPIS Ekologiczna m\u0105ka jaglana uzyskana z ob\u0142uszczonego ziarna prosa. Polecamy do wyrobu ciasteczek w po\u0142\u0105czeniu z m\u0105k\u0105 ry\u017cow\u0105, tak\u017ce do nale\u015bnik\u00f3w i plack\u00f3w w po\u0142\u0105czeniu z m\u0105k\u0105 gryczan\u0105. Doskona\u0142a r\u00f3wnie\u017c do zag\u0119szczania potraw, gdy\u017c nie tworzy grudek i ma neutralny smak. WARTO\u015a\u0106 OD\u017bYWCZA W 100 gWarto\u015b\u0107 energetyczna &#8211; 1460 kJ [&hellip;]<\/p>","protected":false},"featured_media":914,"comment_status":"closed","ping_status":"open","template":"","meta":{"_acf_changed":false},"product_brand":[],"product_cat":[99,100],"product_tag":[],"class_list":{"0":"post-913","1":"product","2":"type-product","3":"status-publish","4":"has-post-thumbnail","6":"product_cat-maki-i-skrobie","7":"product_cat-maki-naturalnie-bezglutenowe","8":"pa_ean-matka-930","9":"pa_ean-matka-929","10":"pa_gwarancja-przydatnosci-320","11":"pa_ilosc-w-opakowaniu-366","12":"pa_jednostka-podstawowa-szt","13":"pa_kod-cn-1102-90-90","14":"pa_kraj-pochodzenia-skladnikow-polska","15":"pa_masa-netto-209","16":"pa_objetosc-brutto-368","17":"pa_producent-bio-planet-seria-maki-i-skrobie","18":"pa_producent-nazwa-adres-bio-planet-s-a-wilkowa-wies-7-05-084-leszno","19":"pa_tagi-bez-cukru-w-skladnikach","20":"pa_tagi-bez-glutenu-w-skladnikach","21":"pa_tagi-certyfikat-bio","22":"pa_tagi-weganski","23":"pa_tagi-wegetarianski","25":"first","26":"instock","27":"taxable","28":"shipping-taxable","29":"purchasable","30":"product-type-simple"},"acf":[],"_links":{"self":[{"href":"https:\/\/wiejskieprzysmaki.estima.site\/en\/wp-json\/wp\/v2\/product\/913","targetHints":{"allow":["GET"]}}],"collection":[{"href":"https:\/\/wiejskieprzysmaki.estima.site\/en\/wp-json\/wp\/v2\/product"}],"about":[{"href":"https:\/\/wiejskieprzysmaki.estima.site\/en\/wp-json\/wp\/v2\/types\/product"}],"replies":[{"embeddable":true,"href":"https:\/\/wiejskieprzysmaki.estima.site\/en\/wp-json\/wp\/v2\/comments?post=913"}],"wp:featuredmedia":[{"embeddable":true,"href":"https:\/\/wiejskieprzysmaki.estima.site\/en\/wp-json\/wp\/v2\/media\/914"}],"wp:attachment":[{"href":"https:\/\/wiejskieprzysmaki.estima.site\/en\/wp-json\/wp\/v2\/media?parent=913"}],"wp:term":[{"taxonomy":"product_brand","embeddable":true,"href":"https:\/\/wiejskieprzysmaki.estima.site\/en\/wp-json\/wp\/v2\/product_brand?post=913"},{"taxonomy":"product_cat","embeddable":true,"href":"https:\/\/wiejskieprzysmaki.estima.site\/en\/wp-json\/wp\/v2\/product_cat?post=913"},{"taxonomy":"product_tag","embeddable":true,"href":"https:\/\/wiejskieprzysmaki.estima.site\/en\/wp-json\/wp\/v2\/product_tag?post=913"}],"curies":[{"name":"wp","href":"https:\/\/api.w.org\/{rel}","templated":true}]}}