{"id":9153,"date":"2025-02-18T12:02:36","date_gmt":"2025-02-18T11:02:36","guid":{"rendered":"https:\/\/wiejskieprzysmaki.estima.site\/produkt\/yerba-mate-green-mas-energia-guarana-400-g-mate-green\/"},"modified":"2025-02-18T12:02:46","modified_gmt":"2025-02-18T11:02:46","slug":"yerba-mate-green-mas-energia-guarana-400-g-mate-green","status":"publish","type":"product","link":"https:\/\/wiejskieprzysmaki.estima.site\/en\/product\/yerba-mate-green-mas-energia-guarana-400-g-mate-green\/","title":{"rendered":"YERBA MATE GREEN MAS ENERGIA GUARANA 400 g &#8211; MATE GREEN"},"content":{"rendered":"<p>SK\u0141ADNIKI<br \/>yerba mate (Ilex Paraguariensis) 93 %, guarana sproszkowana 2 %, mi\u0119ta, trawa cytrynowa, nagietek, chaber b\u0142awatek, jagody goji, naturalny aromat.<\/p>\n<p>SPOS\u00d3B PRZYGOTOWANIA<br \/>Wsyp yerba mate do naczynia (od 1\/4 do 3\/4 pojemno\u015bci). Przechyl naczynie, tak aby susz u\u0142o\u017cy\u0142 si\u0119 na ukos. Umie\u015b\u0107 bombill\u0119 w pustej przestrzeni, zalej gor\u0105c\u0105 wod\u0105 o temperaturze 70 &#8211; 80 stopni Celsjusza. Czas parzenia: 3 &#8211; 5 minut. Ten sam susz, mo\u017cesz zalewa\u0107 wielokrotnie.  <\/p>\n<p>ZALECANE WARUNKI PRZECHOWYWANIA<br \/>Przechowywa\u0107 w suchym miejscu, w szczelnie zamkni\u0119tym opakowaniu.<\/p>","protected":false},"excerpt":{"rendered":"<p>SK\u0141ADNIKIyerba mate (Ilex Paraguariensis) 93 %, guarana sproszkowana 2 %, mi\u0119ta, trawa cytrynowa, nagietek, chaber b\u0142awatek, jagody goji, naturalny aromat. SPOS\u00d3B PRZYGOTOWANIAWsyp yerba mate do naczynia (od 1\/4 do 3\/4 pojemno\u015bci). Przechyl naczynie, tak aby susz u\u0142o\u017cy\u0142 si\u0119 na ukos. Umie\u015b\u0107 bombill\u0119 w pustej przestrzeni, zalej gor\u0105c\u0105 wod\u0105 o temperaturze 70 &#8211; 80 stopni Celsjusza. [&hellip;]<\/p>","protected":false},"featured_media":9154,"comment_status":"closed","ping_status":"open","template":"","meta":{"_acf_changed":false},"product_brand":[],"product_cat":[282,1050],"product_tag":[],"class_list":{"0":"post-9153","1":"product","2":"type-product","3":"status-publish","4":"has-post-thumbnail","6":"product_cat-herbaty-i-ziola","7":"product_cat-yerba-mate-w-tym-z-dodatkami","8":"pa_ean-matka-7000","9":"pa_gwarancja-przydatnosci-320","10":"pa_ilosc-w-opakowaniu-3660","11":"pa_jednostka-podstawowa-szt","12":"pa_kod-cn-0903-00-00","13":"pa_kraj-pochodzenia-skladnikow-brazylia","14":"pa_masa-netto-268","15":"pa_objetosc-brutto-6999","16":"pa_producent-organic-mate-green-yerba-mate","17":"pa_producent-nazwa-adres-derlatka-robert-oranzada-stefana-batorego-42-24-05-400-otwock","18":"pa_tagi-bez-cukru-w-skladnikach","19":"pa_tagi-bez-glutenu-w-skladnikach","20":"pa_tagi-weganski","21":"pa_tagi-wegetarianski","23":"first","24":"instock","25":"taxable","26":"shipping-taxable","27":"purchasable","28":"product-type-simple"},"acf":[],"_links":{"self":[{"href":"https:\/\/wiejskieprzysmaki.estima.site\/en\/wp-json\/wp\/v2\/product\/9153","targetHints":{"allow":["GET"]}}],"collection":[{"href":"https:\/\/wiejskieprzysmaki.estima.site\/en\/wp-json\/wp\/v2\/product"}],"about":[{"href":"https:\/\/wiejskieprzysmaki.estima.site\/en\/wp-json\/wp\/v2\/types\/product"}],"replies":[{"embeddable":true,"href":"https:\/\/wiejskieprzysmaki.estima.site\/en\/wp-json\/wp\/v2\/comments?post=9153"}],"wp:featuredmedia":[{"embeddable":true,"href":"https:\/\/wiejskieprzysmaki.estima.site\/en\/wp-json\/wp\/v2\/media\/9154"}],"wp:attachment":[{"href":"https:\/\/wiejskieprzysmaki.estima.site\/en\/wp-json\/wp\/v2\/media?parent=9153"}],"wp:term":[{"taxonomy":"product_brand","embeddable":true,"href":"https:\/\/wiejskieprzysmaki.estima.site\/en\/wp-json\/wp\/v2\/product_brand?post=9153"},{"taxonomy":"product_cat","embeddable":true,"href":"https:\/\/wiejskieprzysmaki.estima.site\/en\/wp-json\/wp\/v2\/product_cat?post=9153"},{"taxonomy":"product_tag","embeddable":true,"href":"https:\/\/wiejskieprzysmaki.estima.site\/en\/wp-json\/wp\/v2\/product_tag?post=9153"}],"curies":[{"name":"wp","href":"https:\/\/api.w.org\/{rel}","templated":true}]}}