{"id":9155,"date":"2025-02-18T12:02:36","date_gmt":"2025-02-18T11:02:36","guid":{"rendered":"https:\/\/wiejskieprzysmaki.estima.site\/produkt\/yerba-mate-green-despalada-400-g-mate-green\/"},"modified":"2025-02-18T12:02:47","modified_gmt":"2025-02-18T11:02:47","slug":"yerba-mate-green-despalada-400-g-mate-green","status":"publish","type":"product","link":"https:\/\/wiejskieprzysmaki.estima.site\/en\/product\/yerba-mate-green-despalada-400-g-mate-green\/","title":{"rendered":"YERBA MATE GREEN DESPALADA 400 g &#8211; MATE GREEN"},"content":{"rendered":"<p>SK\u0141ADNIKI<br \/>yerba mate green (Ilex Paraguariensis).<\/p>\n<p>SPOS\u00d3B PRZYGOTOWANIA<br \/>Wsyp yerba mate do naczynia (nieco ponad po\u0142ow\u0119). Po\u0142\u00f3\u017c d\u0142o\u0144 na wierzchu naczynia i odwr\u00f3\u0107 je do g\u00f3ry nogami. Powoli przechyl naczynie praw\u0105 stron\u0105 do g\u00f3ry, tak aby susz u\u0142o\u017cy\u0142 si\u0119 na ukos. Umie\u015b\u0107 bombill\u0119 w pustej przestrzeni, zalej gor\u0105c\u0105 wod\u0105 o temperaturze 70 &#8211; 80 stopni Celsjusza. Odczekaj 3 minuty. Mo\u017cesz zaparzy\u0107 t\u0119 sam\u0105 porcj\u0119 li\u015bci kilka razy. Mo\u017cesz u\u017cy\u0107 ciep\u0142ej wody lub zimnej wody. <\/p>\n<p>ZALECANE WARUNKI PRZECHOWYWANIA<br \/>Przechowywa\u0107 w suchym miejscu, w szczelnie zamkni\u0119tym opakowaniu.<\/p>","protected":false},"excerpt":{"rendered":"<p>SK\u0141ADNIKIyerba mate green (Ilex Paraguariensis). SPOS\u00d3B PRZYGOTOWANIAWsyp yerba mate do naczynia (nieco ponad po\u0142ow\u0119). Po\u0142\u00f3\u017c d\u0142o\u0144 na wierzchu naczynia i odwr\u00f3\u0107 je do g\u00f3ry nogami. Powoli przechyl naczynie praw\u0105 stron\u0105 do g\u00f3ry, tak aby susz u\u0142o\u017cy\u0142 si\u0119 na ukos. Umie\u015b\u0107 bombill\u0119 w pustej przestrzeni, zalej gor\u0105c\u0105 wod\u0105 o temperaturze 70 &#8211; 80 stopni Celsjusza. Odczekaj [&hellip;]<\/p>","protected":false},"featured_media":9156,"comment_status":"closed","ping_status":"open","template":"","meta":{"_acf_changed":false},"product_brand":[],"product_cat":[282,1050],"product_tag":[],"class_list":{"0":"post-9155","1":"product","2":"type-product","3":"status-publish","4":"has-post-thumbnail","6":"product_cat-herbaty-i-ziola","7":"product_cat-yerba-mate-w-tym-z-dodatkami","8":"pa_ean-matka-7001","9":"pa_gwarancja-przydatnosci-320","10":"pa_ilosc-w-opakowaniu-3660","11":"pa_jednostka-podstawowa-szt","12":"pa_kod-cn-0903-00-00","13":"pa_kraj-pochodzenia-skladnikow-brazylia","14":"pa_masa-netto-268","15":"pa_objetosc-brutto-6999","16":"pa_producent-organic-mate-green-yerba-mate","17":"pa_producent-nazwa-adres-derlatka-robert-oranzada-stefana-batorego-42-24-05-400-otwock","18":"pa_tagi-bez-cukru-w-skladnikach","19":"pa_tagi-bez-glutenu-w-skladnikach","20":"pa_tagi-weganski","21":"pa_tagi-wegetarianski","23":"first","24":"instock","25":"taxable","26":"shipping-taxable","27":"purchasable","28":"product-type-simple"},"acf":[],"_links":{"self":[{"href":"https:\/\/wiejskieprzysmaki.estima.site\/en\/wp-json\/wp\/v2\/product\/9155","targetHints":{"allow":["GET"]}}],"collection":[{"href":"https:\/\/wiejskieprzysmaki.estima.site\/en\/wp-json\/wp\/v2\/product"}],"about":[{"href":"https:\/\/wiejskieprzysmaki.estima.site\/en\/wp-json\/wp\/v2\/types\/product"}],"replies":[{"embeddable":true,"href":"https:\/\/wiejskieprzysmaki.estima.site\/en\/wp-json\/wp\/v2\/comments?post=9155"}],"wp:featuredmedia":[{"embeddable":true,"href":"https:\/\/wiejskieprzysmaki.estima.site\/en\/wp-json\/wp\/v2\/media\/9156"}],"wp:attachment":[{"href":"https:\/\/wiejskieprzysmaki.estima.site\/en\/wp-json\/wp\/v2\/media?parent=9155"}],"wp:term":[{"taxonomy":"product_brand","embeddable":true,"href":"https:\/\/wiejskieprzysmaki.estima.site\/en\/wp-json\/wp\/v2\/product_brand?post=9155"},{"taxonomy":"product_cat","embeddable":true,"href":"https:\/\/wiejskieprzysmaki.estima.site\/en\/wp-json\/wp\/v2\/product_cat?post=9155"},{"taxonomy":"product_tag","embeddable":true,"href":"https:\/\/wiejskieprzysmaki.estima.site\/en\/wp-json\/wp\/v2\/product_tag?post=9155"}],"curies":[{"name":"wp","href":"https:\/\/api.w.org\/{rel}","templated":true}]}}