{"id":9163,"date":"2025-02-18T12:02:52","date_gmt":"2025-02-18T11:02:52","guid":{"rendered":"https:\/\/wiejskieprzysmaki.estima.site\/produkt\/kulki-daktylowe-kakao-wisnia-bez-dodatku-cukrow-58-g-dobra-kaloria\/"},"modified":"2025-02-18T12:02:56","modified_gmt":"2025-02-18T11:02:56","slug":"kulki-daktylowe-kakao-wisnia-bez-dodatku-cukrow-58-g-dobra-kaloria","status":"publish","type":"product","link":"https:\/\/wiejskieprzysmaki.estima.site\/en\/product\/kulki-daktylowe-kakao-wisnia-bez-dodatku-cukrow-58-g-dobra-kaloria\/","title":{"rendered":"KULKI DAKTYLOWE KAKAO &#038; WI\u015aNIA BEZ DODATKU CUKR\u00d3W 58 g &#8211; DOBRA KALORIA"},"content":{"rendered":"<p>SK\u0141ADNIKI<br \/>daktyle suszone (66 %), ORZECHY NERKOWCA, MIGDA\u0141Y, wi\u015bnie suszone (8 %), kruszone ziarna kakaowca (3 %), kakao o obni\u017conej zawarto\u015bci t\u0142uszczu (3 %), zag\u0119szczony sok jab\u0142kowy, kakao (1 %), naturalny aromat. \t<\/p>\n<p>OPIS<br \/>&#8220;Na okr\u0105g\u0142o&#8221; &#8211; przek\u0105ska daktylowa z wi\u015bniami i kakao. <br \/>\u0179r\u00f3d\u0142o \u017celaza i magnezu. Wysoka zawarto\u015b\u0107 potasu. Bez dodatku cukr\u00f3w. Zawiera naturalnie wyst\u0119puj\u0105ce cukry. <\/p>\n<p>WARTO\u015a\u0106 OD\u017bYWCZA W 100 g<br \/>Warto\u015b\u0107 energetyczna &#8211; 1567 kJ\/372 kcal<br \/>T\u0142uszcz &#8211; 11 g<br \/>w tym kwasy t\u0142uszczowe nasycone &#8211; 2,3 g<br \/>W\u0119glowodany &#8211; 60 g<br \/>w tym cukry &#8211; 46 g<br \/>B\u0142onnik &#8211; 4,9 g<br \/>Bia\u0142ko &#8211; 7,2 g<br \/>S\u00f3l &#8211; 0,01 g<br \/>\u017belazo &#8211; 3,2 mg (23 %)*<br \/>Magnez &#8211; 98 mg (26 %)*<br \/>Potas &#8211; 784 mg (39 %)*<br \/>* Dzienna referencyjna warto\u015b\u0107 spo\u017cycia witamin i sk\u0142adnik\u00f3w mineralnych (dla osoby doros\u0142ej)  <\/p>\n<p>INFORMACJA ALERGENNA<br \/>Mo\u017ce zawiera\u0107 inne ORZECHY, ORZESZKI ZIEMNE, NASIONA SEZAMU, zbo\u017ca zawieraj\u0105ce gluten.<\/p>\n<p>UWAGA<br \/>Produkt mo\u017ce zawiera\u0107 pestki owoc\u00f3w lub ich fragmenty.<\/p>\n<p>ZALECANE WARUNKI PRZECHOWYWANIA<br \/>Przechowywa\u0107 szczelnie zamkni\u0119te.<\/p>","protected":false},"excerpt":{"rendered":"<p>SK\u0141ADNIKIdaktyle suszone (66 %), ORZECHY NERKOWCA, MIGDA\u0141Y, wi\u015bnie suszone (8 %), kruszone ziarna kakaowca (3 %), kakao o obni\u017conej zawarto\u015bci t\u0142uszczu (3 %), zag\u0119szczony sok jab\u0142kowy, kakao (1 %), naturalny aromat. OPIS&#8220;Na okr\u0105g\u0142o&#8221; &#8211; przek\u0105ska daktylowa z wi\u015bniami i kakao. \u0179r\u00f3d\u0142o \u017celaza i magnezu. Wysoka zawarto\u015b\u0107 potasu. Bez dodatku cukr\u00f3w. Zawiera naturalnie wyst\u0119puj\u0105ce cukry. WARTO\u015a\u0106 [&hellip;]<\/p>","protected":false},"featured_media":9164,"comment_status":"closed","ping_status":"open","template":"","meta":{"_acf_changed":false},"product_brand":[],"product_cat":[700,139],"product_tag":[],"class_list":{"0":"post-9163","1":"product","2":"type-product","3":"status-publish","4":"has-post-thumbnail","6":"product_cat-bakalie-w-czekol-i-kandyz","7":"product_cat-slodycze-i-przekaski","8":"pa_ean-matka-7009","9":"pa_gwarancja-przydatnosci-311","10":"pa_ilosc-w-opakowaniu-298","11":"pa_jednostka-podstawowa-szt","12":"pa_kod-cn-1806-90-90","13":"pa_masa-netto-7008","14":"pa_objetosc-brutto-221","15":"pa_producent-dobra-kaloria-batony-produkty-sniad-i-wege","16":"pa_producent-nazwa-adres-kubara-spolka-z-ograniczona-odpowiedzialnoscia-bema-32-42-202-czestochowa","17":"pa_tagi-bez-cukru-w-skladnikach","18":"pa_tagi-bez-glutenu-w-skladnikach","19":"pa_tagi-weganski","20":"pa_tagi-wegetarianski","22":"first","23":"instock","24":"taxable","25":"shipping-taxable","26":"purchasable","27":"product-type-simple"},"acf":[],"_links":{"self":[{"href":"https:\/\/wiejskieprzysmaki.estima.site\/en\/wp-json\/wp\/v2\/product\/9163","targetHints":{"allow":["GET"]}}],"collection":[{"href":"https:\/\/wiejskieprzysmaki.estima.site\/en\/wp-json\/wp\/v2\/product"}],"about":[{"href":"https:\/\/wiejskieprzysmaki.estima.site\/en\/wp-json\/wp\/v2\/types\/product"}],"replies":[{"embeddable":true,"href":"https:\/\/wiejskieprzysmaki.estima.site\/en\/wp-json\/wp\/v2\/comments?post=9163"}],"wp:featuredmedia":[{"embeddable":true,"href":"https:\/\/wiejskieprzysmaki.estima.site\/en\/wp-json\/wp\/v2\/media\/9164"}],"wp:attachment":[{"href":"https:\/\/wiejskieprzysmaki.estima.site\/en\/wp-json\/wp\/v2\/media?parent=9163"}],"wp:term":[{"taxonomy":"product_brand","embeddable":true,"href":"https:\/\/wiejskieprzysmaki.estima.site\/en\/wp-json\/wp\/v2\/product_brand?post=9163"},{"taxonomy":"product_cat","embeddable":true,"href":"https:\/\/wiejskieprzysmaki.estima.site\/en\/wp-json\/wp\/v2\/product_cat?post=9163"},{"taxonomy":"product_tag","embeddable":true,"href":"https:\/\/wiejskieprzysmaki.estima.site\/en\/wp-json\/wp\/v2\/product_tag?post=9163"}],"curies":[{"name":"wp","href":"https:\/\/api.w.org\/{rel}","templated":true}]}}