{"id":9201,"date":"2025-02-18T12:03:29","date_gmt":"2025-02-18T11:03:29","guid":{"rendered":"https:\/\/wiejskieprzysmaki.estima.site\/produkt\/acerola-ekstrakt-600-mg-120-kapsulek-soul-farm\/"},"modified":"2025-02-20T15:11:59","modified_gmt":"2025-02-20T14:11:59","slug":"acerola-ekstrakt-600-mg-120-kapsulek-soul-farm","status":"publish","type":"product","link":"https:\/\/wiejskieprzysmaki.estima.site\/en\/product\/acerola-ekstrakt-600-mg-120-kapsulek-soul-farm\/","title":{"rendered":"ACEROLA EKSTRAKT (600 mg) 120 KAPSU\u0141EK &#8211; SOUL FARM"},"content":{"rendered":"<p>SK\u0141ADNIKI<br \/>ekstrakt z owoc\u00f3w aceroli (Malpighia emarginata) standaryzowany na zawarto\u015b\u0107 witaminy C (DER 10:1), kapsu\u0142ka: pullulan.\t<\/p>\n<p>Sk\u0142adniki w porcji dziennej &#8211; 2 kapsu\u0142ki<br \/>ekstrakt z owoc\u00f3w aceroli (Malpighia emarginata) &#8211; 1200 mg<br \/>w tym witamina C &#8211; 300 mg (375 %)*<br \/>* dzienna referencyjna warto\u015b\u0107 spo\u017cycia witaminy C (dla osoby doros\u0142ej)<\/p>\n<p>OPIS<br \/>Suplement diety. <\/p>\n<p>ZALECANE SPO\u017bYCIE I INNE UWAGI<br \/>1 kapsu\u0142ka 2 razy dziennie, obficie popijaj\u0105c wod\u0105. <br \/>Nie nale\u017cy przekracza\u0107 zalecanej porcji do spo\u017cycia w ci\u0105gu dnia.<br \/>Suplement diety nie mo\u017ce by\u0107 stosowany jako substytut (zamiennik) zr\u00f3\u017cnicowanej diety.<br \/>Zalecany jest zr\u00f3wnowa\u017cony spos\u00f3b \u017cywienia i zdrowy tryb \u017cycia.<br \/>Nie stosowa\u0107 w przypadku nadwra\u017cliwo\u015bci na kt\u00f3rykolwiek ze sk\u0142adnik\u00f3w preparatu.<br \/>Stosowanie suplementu diety w okresie ci\u0105\u017cy lub w okresie karmienia piersi\u0105 nale\u017cy skonsultowa\u0107 z lekarzem.<br \/>Nie stosowa\u0107 u os\u00f3b maj\u0105cych predyspozycje do tworzenia kamieni nerkowych lub choruj\u0105cych na kamic\u0119 nerkow\u0105.<\/p>\n<p>ZALECANE WARUNKI PRZECHOWYWANIA<br \/>Przechowywa\u0107 w suchym i ciemnym miejscu w temperaturze pokojowej. Suplement diety powinien by\u0107 przechowywany w spos\u00f3b niedost\u0119pny dla ma\u0142ych dzieci. <\/p>","protected":false},"excerpt":{"rendered":"<p>SK\u0141ADNIKIekstrakt z owoc\u00f3w aceroli (Malpighia emarginata) standaryzowany na zawarto\u015b\u0107 witaminy C (DER 10:1), kapsu\u0142ka: pullulan. Sk\u0142adniki w porcji dziennej &#8211; 2 kapsu\u0142kiekstrakt z owoc\u00f3w aceroli (Malpighia emarginata) &#8211; 1200 mgw tym witamina C &#8211; 300 mg (375 %)** dzienna referencyjna warto\u015b\u0107 spo\u017cycia witaminy C (dla osoby doros\u0142ej) OPISSuplement diety. ZALECANE SPO\u017bYCIE I INNE UWAGI1 kapsu\u0142ka [&hellip;]<\/p>","protected":false},"featured_media":9202,"comment_status":"closed","ping_status":"open","template":"","meta":{"_acf_changed":false},"product_brand":[],"product_cat":[1497,9057],"product_tag":[],"class_list":{"0":"post-9201","1":"product","2":"type-product","3":"status-publish","4":"has-post-thumbnail","6":"product_cat-kapsulki-tabletki","7":"product_cat-suplementy-diety","8":"pa_ean-matka-7041","9":"pa_gwarancja-przydatnosci-311","10":"pa_ilosc-w-opakowaniu-298","11":"pa_jednostka-podstawowa-szt","12":"pa_kod-cn-2106-90-92","13":"pa_masa-netto-7040","14":"pa_objetosc-brutto-4578","15":"pa_producent-soul-farm-witaminy-i-ekstrakty","16":"pa_producent-nazwa-adres-soul-farm-maciej-foszcz-janowicka-138-43-334-bielsko-biala","17":"pa_tagi-bez-cukru-w-skladnikach","18":"pa_tagi-bez-glutenu-w-skladnikach","19":"pa_tagi-weganski","20":"pa_tagi-wegetarianski","22":"first","23":"instock","24":"taxable","25":"shipping-taxable","26":"purchasable","27":"product-type-simple"},"acf":[],"_links":{"self":[{"href":"https:\/\/wiejskieprzysmaki.estima.site\/en\/wp-json\/wp\/v2\/product\/9201","targetHints":{"allow":["GET"]}}],"collection":[{"href":"https:\/\/wiejskieprzysmaki.estima.site\/en\/wp-json\/wp\/v2\/product"}],"about":[{"href":"https:\/\/wiejskieprzysmaki.estima.site\/en\/wp-json\/wp\/v2\/types\/product"}],"replies":[{"embeddable":true,"href":"https:\/\/wiejskieprzysmaki.estima.site\/en\/wp-json\/wp\/v2\/comments?post=9201"}],"wp:featuredmedia":[{"embeddable":true,"href":"https:\/\/wiejskieprzysmaki.estima.site\/en\/wp-json\/wp\/v2\/media\/9202"}],"wp:attachment":[{"href":"https:\/\/wiejskieprzysmaki.estima.site\/en\/wp-json\/wp\/v2\/media?parent=9201"}],"wp:term":[{"taxonomy":"product_brand","embeddable":true,"href":"https:\/\/wiejskieprzysmaki.estima.site\/en\/wp-json\/wp\/v2\/product_brand?post=9201"},{"taxonomy":"product_cat","embeddable":true,"href":"https:\/\/wiejskieprzysmaki.estima.site\/en\/wp-json\/wp\/v2\/product_cat?post=9201"},{"taxonomy":"product_tag","embeddable":true,"href":"https:\/\/wiejskieprzysmaki.estima.site\/en\/wp-json\/wp\/v2\/product_tag?post=9201"}],"curies":[{"name":"wp","href":"https:\/\/api.w.org\/{rel}","templated":true}]}}