{"id":923,"date":"2025-02-18T10:33:01","date_gmt":"2025-02-18T09:33:01","guid":{"rendered":"https:\/\/wiejskieprzysmaki.estima.site\/produkt\/platki-kukurydziane-z-truskawkami-bez-dodatku-cukrow-bio-250-g-bio-planet\/"},"modified":"2025-02-18T10:33:07","modified_gmt":"2025-02-18T09:33:07","slug":"platki-kukurydziane-z-truskawkami-bez-dodatku-cukrow-bio-250-g-bio-planet","status":"publish","type":"product","link":"https:\/\/wiejskieprzysmaki.estima.site\/en\/product\/platki-kukurydziane-z-truskawkami-bez-dodatku-cukrow-bio-250-g-bio-planet\/","title":{"rendered":"P\u0141ATKI KUKURYDZIANE Z TRUSKAWKAMI BEZ DODATKU CUKR\u00d3W BIO 250 g &#8211; BIO PLANET"},"content":{"rendered":"<p>SK\u0141ADNIKI<br \/>p\u0142atki kukurydziane* 96 % (kaszka kukurydziana*, s\u00f3l), truskawka liofilizowana* 4 % (*certyfikowany sk\u0142adnik ekologiczny).<\/p>\n<p>OPIS<br \/>Bez dodatku cukr\u00f3w. Zawiera naturalnie wyst\u0119puj\u0105ce cukry.<br \/><br \/>WARTO\u015a\u0106 OD\u017bYWCZA W 100 g<br \/>Warto\u015b\u0107 energetyczna \t1565 kJ\/369 kcal<br \/>T\u0142uszcz \t2,2 g<br \/>w tym kwasy t\u0142uszczowe nasycone \t0,6 g<br \/>W\u0119glowodany \t78 g<br \/>w tym cukry \t2,9 g<br \/>B\u0142onnik \t5,4 g<br \/>Bia\u0142ko \t6,7 g<br \/>S\u00f3l \t1,6 g<\/p>\n<p>INFORMACJA ALERGENNA<br \/>Produkt mo\u017ce zawiera\u0107: ZBO\u017bA ZAWIERAJ\u0104CE GLUTEN, ORZESZKI ZIEMNE, ORZECHY, NASIONA SEZAMU, SOJ\u0118.<\/p>\n<p>ZALECANE WARUNKI PRZECHOWYWANIA<br \/>Przechowywa\u0107 w suchym i ch\u0142odnym miejscu.<\/p>","protected":false},"excerpt":{"rendered":"<p>SK\u0141ADNIKIp\u0142atki kukurydziane* 96 % (kaszka kukurydziana*, s\u00f3l), truskawka liofilizowana* 4 % (*certyfikowany sk\u0142adnik ekologiczny). OPISBez dodatku cukr\u00f3w. Zawiera naturalnie wyst\u0119puj\u0105ce cukry.\ufeffWARTO\u015a\u0106 OD\u017bYWCZA W 100 gWarto\u015b\u0107 energetyczna 1565 kJ\/369 kcalT\u0142uszcz 2,2 gw tym kwasy t\u0142uszczowe nasycone 0,6 gW\u0119glowodany 78 gw tym cukry 2,9 gB\u0142onnik 5,4 gBia\u0142ko 6,7 gS\u00f3l 1,6 g INFORMACJA ALERGENNAProdukt mo\u017ce zawiera\u0107: ZBO\u017bA ZAWIERAJ\u0104CE [&hellip;]<\/p>","protected":false},"featured_media":924,"comment_status":"closed","ping_status":"open","template":"","meta":{"_acf_changed":false},"product_brand":[],"product_cat":[941,265],"product_tag":[],"class_list":{"0":"post-923","1":"product","2":"type-product","3":"status-publish","4":"has-post-thumbnail","6":"product_cat-kulki-poduszki-platki-na-slodko","7":"product_cat-sniadaniowe","8":"pa_ean-matka-940","9":"pa_gwarancja-przydatnosci-320","10":"pa_ilosc-w-opakowaniu-298","11":"pa_jednostka-podstawowa-szt","12":"pa_kod-cn-1904-10-10","13":"pa_kraj-pochodzenia-skladnikow-rolnictwo-ue","14":"pa_masa-netto-480","15":"pa_objetosc-brutto-513","16":"pa_producent-bio-planet-seria-rozowa-platki-otreby-musli","17":"pa_producent-nazwa-adres-bio-planet-s-a-wilkowa-wies-7-05-084-leszno","18":"pa_tagi-bez-cukru-w-skladnikach","19":"pa_tagi-bez-glutenu-w-skladnikach","20":"pa_tagi-certyfikat-bio","21":"pa_tagi-weganski","22":"pa_tagi-wegetarianski","24":"first","25":"instock","26":"taxable","27":"shipping-taxable","28":"purchasable","29":"product-type-simple"},"acf":[],"_links":{"self":[{"href":"https:\/\/wiejskieprzysmaki.estima.site\/en\/wp-json\/wp\/v2\/product\/923","targetHints":{"allow":["GET"]}}],"collection":[{"href":"https:\/\/wiejskieprzysmaki.estima.site\/en\/wp-json\/wp\/v2\/product"}],"about":[{"href":"https:\/\/wiejskieprzysmaki.estima.site\/en\/wp-json\/wp\/v2\/types\/product"}],"replies":[{"embeddable":true,"href":"https:\/\/wiejskieprzysmaki.estima.site\/en\/wp-json\/wp\/v2\/comments?post=923"}],"wp:featuredmedia":[{"embeddable":true,"href":"https:\/\/wiejskieprzysmaki.estima.site\/en\/wp-json\/wp\/v2\/media\/924"}],"wp:attachment":[{"href":"https:\/\/wiejskieprzysmaki.estima.site\/en\/wp-json\/wp\/v2\/media?parent=923"}],"wp:term":[{"taxonomy":"product_brand","embeddable":true,"href":"https:\/\/wiejskieprzysmaki.estima.site\/en\/wp-json\/wp\/v2\/product_brand?post=923"},{"taxonomy":"product_cat","embeddable":true,"href":"https:\/\/wiejskieprzysmaki.estima.site\/en\/wp-json\/wp\/v2\/product_cat?post=923"},{"taxonomy":"product_tag","embeddable":true,"href":"https:\/\/wiejskieprzysmaki.estima.site\/en\/wp-json\/wp\/v2\/product_tag?post=923"}],"curies":[{"name":"wp","href":"https:\/\/api.w.org\/{rel}","templated":true}]}}