{"id":9235,"date":"2025-02-18T12:03:38","date_gmt":"2025-02-18T11:03:38","guid":{"rendered":"https:\/\/wiejskieprzysmaki.estima.site\/produkt\/ashwagandha-ekstrakt-400-mg-bezglutenowy-90-kapsulek-pharmovit-classic\/"},"modified":"2025-02-20T15:11:57","modified_gmt":"2025-02-20T14:11:57","slug":"ashwagandha-ekstrakt-400-mg-bezglutenowy-90-kapsulek-pharmovit-classic","status":"publish","type":"product","link":"https:\/\/wiejskieprzysmaki.estima.site\/en\/product\/ashwagandha-ekstrakt-400-mg-bezglutenowy-90-kapsulek-pharmovit-classic\/","title":{"rendered":"ASHWAGANDHA EKSTRAKT (400 mg) BEZGLUTENOWY 90 KAPSU\u0141EK &#8211; PHARMOVIT (CLASSIC)"},"content":{"rendered":"<p>SK\u0141ADNIKI <br \/>Ekstrakt z korzenia ashwagandhy (Withania somnifera) DER 4:1, otoczka kapsu\u0142ki: \u017celatyna.  <\/p>\n<p>Sk\u0142adniki w porcji dziennej &#8211; 1 kapsu\u0142ka<br \/>ekstrakt z korzenia ashwagandhy &#8211; 400 mg<\/p>\n<p>OPIS <br \/>Suplement diety.<br \/>Ashwagandha (\u017ce\u0144-sze\u0144 indyjski) jest jednym z najbardziej znanych zi\u00f3\u0142 stosowanych w ajurwedzie. Ma w\u0142a\u015bciwo\u015bci adaptogenne. Pomaga w utrzymaniu zdolno\u015bci fizycznych i psychicznych w przypadku os\u0142abienia, zm\u0119czenia, utraty koncentracji. Zwi\u0119ksza odporno\u015b\u0107 organizmu na stres. Pomaga zachowa\u0107 zdrow\u0105 sk\u00f3r\u0119. <br \/>Produkt nie zawiera substancji wype\u0142niaj\u0105cych, przeciwzbrylaj\u0105cych, barwnik\u00f3w. Bez laktozy i soi.<\/p>\n<p>ZALECANE SPO\u017bYCIE I INNE UWAGI <br \/>Zalecana porcja produktu do spo\u017cycia w ci\u0105gu dnia niezb\u0119dna do uzyskania korzystnego dzia\u0142ania produktu: Spo\u017cywa\u0107 1 kapsu\u0142k\u0119 dziennie. Popi\u0107 wod\u0105 (250 ml). Zalecana porcja dzienna to 1 kapsu\u0142ka. <br \/>Nie nale\u017cy przekracza\u0107 zalecanej porcji do spo\u017cycia w ci\u0105gu dnia. Nie stosowa\u0107 w przypadku uczulenia na kt\u00f3rykolwiek ze sk\u0142adnik\u00f3w. Produkt dla doros\u0142ych. <br \/>Produkt nie powinien by\u0107 spo\u017cywany w przypadku stosowania lek\u00f3w o dzia\u0142aniu uspokajaj\u0105cym, nasennym, przeciwpadaczkowym, nie stosowa\u0107 u dzieci, kobiet w ci\u0105\u017cy i w trakcie laktacji. <br \/>Produkt nie mo\u017ce by\u0107 stosowany jako substytut zr\u00f3\u017cnicowanej diety. <br \/>Wa\u017cne jest prowadzenie zdrowego trybu \u017cycia i zr\u00f3wnowa\u017conego sposobu \u017cywienia.<\/p>\n<p>ZALECANE WARUNKI PRZECHOWYWANIA<br \/>Chroni\u0107 przed \u015bwiat\u0142em. Przechowywa\u0107 w szczelnie zamkni\u0119tym opakowaniu, w temperaturze pokojowej, w suchym miejscu, w spos\u00f3b niedost\u0119pny dla ma\u0142ych dzieci.  <\/p>","protected":false},"excerpt":{"rendered":"<p>SK\u0141ADNIKI Ekstrakt z korzenia ashwagandhy (Withania somnifera) DER 4:1, otoczka kapsu\u0142ki: \u017celatyna. Sk\u0142adniki w porcji dziennej &#8211; 1 kapsu\u0142kaekstrakt z korzenia ashwagandhy &#8211; 400 mg OPIS Suplement diety.Ashwagandha (\u017ce\u0144-sze\u0144 indyjski) jest jednym z najbardziej znanych zi\u00f3\u0142 stosowanych w ajurwedzie. Ma w\u0142a\u015bciwo\u015bci adaptogenne. Pomaga w utrzymaniu zdolno\u015bci fizycznych i psychicznych w przypadku os\u0142abienia, zm\u0119czenia, utraty koncentracji. [&hellip;]<\/p>","protected":false},"featured_media":9236,"comment_status":"closed","ping_status":"open","template":"","meta":{"_acf_changed":false},"product_brand":[],"product_cat":[1497,9057],"product_tag":[],"class_list":{"0":"post-9235","1":"product","2":"type-product","3":"status-publish","4":"has-post-thumbnail","6":"product_cat-kapsulki-tabletki","7":"product_cat-suplementy-diety","8":"pa_ean-matka-7067","9":"pa_gwarancja-przydatnosci-320","10":"pa_ilosc-w-opakowaniu-454","11":"pa_jednostka-podstawowa-szt","12":"pa_kod-cn-2106-90-92","13":"pa_masa-netto-2529","14":"pa_objetosc-brutto-5200","15":"pa_producent-pharmovit-suplementy-diety","16":"pa_producent-nazwa-adres-pharmovit-dystybucja-spolka-z-ograniczona-odpowiedzialnoscia-ul-kostrogaj-9d-09-400-plock","17":"pa_tagi-bez-cukru-w-skladnikach","18":"pa_tagi-bez-glutenu-deklaracja","19":"pa_tagi-bez-glutenu-w-skladnikach","21":"first","22":"instock","23":"taxable","24":"shipping-taxable","25":"purchasable","26":"product-type-simple"},"acf":[],"_links":{"self":[{"href":"https:\/\/wiejskieprzysmaki.estima.site\/en\/wp-json\/wp\/v2\/product\/9235","targetHints":{"allow":["GET"]}}],"collection":[{"href":"https:\/\/wiejskieprzysmaki.estima.site\/en\/wp-json\/wp\/v2\/product"}],"about":[{"href":"https:\/\/wiejskieprzysmaki.estima.site\/en\/wp-json\/wp\/v2\/types\/product"}],"replies":[{"embeddable":true,"href":"https:\/\/wiejskieprzysmaki.estima.site\/en\/wp-json\/wp\/v2\/comments?post=9235"}],"wp:featuredmedia":[{"embeddable":true,"href":"https:\/\/wiejskieprzysmaki.estima.site\/en\/wp-json\/wp\/v2\/media\/9236"}],"wp:attachment":[{"href":"https:\/\/wiejskieprzysmaki.estima.site\/en\/wp-json\/wp\/v2\/media?parent=9235"}],"wp:term":[{"taxonomy":"product_brand","embeddable":true,"href":"https:\/\/wiejskieprzysmaki.estima.site\/en\/wp-json\/wp\/v2\/product_brand?post=9235"},{"taxonomy":"product_cat","embeddable":true,"href":"https:\/\/wiejskieprzysmaki.estima.site\/en\/wp-json\/wp\/v2\/product_cat?post=9235"},{"taxonomy":"product_tag","embeddable":true,"href":"https:\/\/wiejskieprzysmaki.estima.site\/en\/wp-json\/wp\/v2\/product_tag?post=9235"}],"curies":[{"name":"wp","href":"https:\/\/api.w.org\/{rel}","templated":true}]}}