{"id":9239,"date":"2025-02-18T12:03:48","date_gmt":"2025-02-18T11:03:48","guid":{"rendered":"https:\/\/wiejskieprzysmaki.estima.site\/produkt\/kurkuma-piperyna-bio-240-tabletek-batom\/"},"modified":"2025-02-20T15:11:57","modified_gmt":"2025-02-20T14:11:57","slug":"kurkuma-piperyna-bio-240-tabletek-batom","status":"publish","type":"product","link":"https:\/\/wiejskieprzysmaki.estima.site\/en\/product\/kurkuma-piperyna-bio-240-tabletek-batom\/","title":{"rendered":"KURKUMA + PIPERYNA BIO 240 TABLETEK &#8211; BATOM"},"content":{"rendered":"<p>SK\u0141ADNIKI<br \/>ekologiczny sproszkowany korze\u0144 kurkumy (Curcuma longa L.), ekologiczny ekstrakt z owoc\u00f3w pieprzu czarnego (Piper nigrum) standaryzowany na 95 % piperyny. <\/p>\n<p>Zawarto\u015b\u0107 sk\u0142adnik\u00f3w w dziennej porcji 2 tabletki<br \/>ekologiczny sproszkowany korze\u0144 kurkumy &#8211; 998 mg<br \/>ekologiczny ekstrakt z owoc\u00f3w pieprzu czarnego &#8211; 2 mg<br \/>w tym piperyna &#8211; 1,9 mg<\/p>\n<p>OPIS<br \/>Suplement diety. <\/p>\n<p>ZALECANE SPO\u017bYCIE I INNE UWAGI<br \/>2 tabletki dziennie popijaj\u0105c du\u017c\u0105 ilo\u015bci\u0105 wody.<br \/>Nie przekracza\u0107 zalecanej porcji do spo\u017cycia w ci\u0105gu dnia.<br \/>Suplementy diety nie mog\u0105 by\u0107 stosowane jako substytut (zamiennik) zr\u00f3\u017cnicowanej diety.<br \/>Nie stosowa\u0107 u dzieci, kobiet w ci\u0105\u017cy i w trakcie laktacji. <\/p>\n<p>ZALECANE WARUNKI PRZECHOWYWANIA<br \/>Przechowywa\u0107 w suchym, ch\u0142odnym miejscu, w spos\u00f3b niedost\u0119pny dla ma\u0142ych dzieci. <\/p>","protected":false},"excerpt":{"rendered":"<p>SK\u0141ADNIKIekologiczny sproszkowany korze\u0144 kurkumy (Curcuma longa L.), ekologiczny ekstrakt z owoc\u00f3w pieprzu czarnego (Piper nigrum) standaryzowany na 95 % piperyny. Zawarto\u015b\u0107 sk\u0142adnik\u00f3w w dziennej porcji 2 tabletkiekologiczny sproszkowany korze\u0144 kurkumy &#8211; 998 mgekologiczny ekstrakt z owoc\u00f3w pieprzu czarnego &#8211; 2 mgw tym piperyna &#8211; 1,9 mg OPISSuplement diety. ZALECANE SPO\u017bYCIE I INNE UWAGI2 tabletki dziennie [&hellip;]<\/p>","protected":false},"featured_media":9240,"comment_status":"closed","ping_status":"open","template":"","meta":{"_acf_changed":false},"product_brand":[],"product_cat":[1497,9057],"product_tag":[],"class_list":{"0":"post-9239","1":"product","2":"type-product","3":"status-publish","4":"has-post-thumbnail","6":"product_cat-kapsulki-tabletki","7":"product_cat-suplementy-diety","8":"pa_ean-matka-7069","9":"pa_gwarancja-przydatnosci-311","10":"pa_ilosc-w-opakowaniu-298","11":"pa_jednostka-podstawowa-szt","12":"pa_kod-cn-2106-90-92","13":"pa_kraj-pochodzenia-skladnikow-turcja","14":"pa_masa-netto-411","15":"pa_objetosc-brutto-4423","16":"pa_producent-batom-oleje-soki-sole-kapielowe","17":"pa_producent-nazwa-adres-batom-pl-jozef-lesniak-hurtownia-zdrowej-zywnosci-generala-augusta-fieldorfa-nila-17-31-209-krakow","18":"pa_tagi-bez-cukru-w-skladnikach","19":"pa_tagi-bez-glutenu-w-skladnikach","20":"pa_tagi-certyfikat-bio","21":"pa_tagi-weganski","22":"pa_tagi-wegetarianski","24":"first","25":"instock","26":"taxable","27":"shipping-taxable","28":"purchasable","29":"product-type-simple"},"acf":[],"_links":{"self":[{"href":"https:\/\/wiejskieprzysmaki.estima.site\/en\/wp-json\/wp\/v2\/product\/9239","targetHints":{"allow":["GET"]}}],"collection":[{"href":"https:\/\/wiejskieprzysmaki.estima.site\/en\/wp-json\/wp\/v2\/product"}],"about":[{"href":"https:\/\/wiejskieprzysmaki.estima.site\/en\/wp-json\/wp\/v2\/types\/product"}],"replies":[{"embeddable":true,"href":"https:\/\/wiejskieprzysmaki.estima.site\/en\/wp-json\/wp\/v2\/comments?post=9239"}],"wp:featuredmedia":[{"embeddable":true,"href":"https:\/\/wiejskieprzysmaki.estima.site\/en\/wp-json\/wp\/v2\/media\/9240"}],"wp:attachment":[{"href":"https:\/\/wiejskieprzysmaki.estima.site\/en\/wp-json\/wp\/v2\/media?parent=9239"}],"wp:term":[{"taxonomy":"product_brand","embeddable":true,"href":"https:\/\/wiejskieprzysmaki.estima.site\/en\/wp-json\/wp\/v2\/product_brand?post=9239"},{"taxonomy":"product_cat","embeddable":true,"href":"https:\/\/wiejskieprzysmaki.estima.site\/en\/wp-json\/wp\/v2\/product_cat?post=9239"},{"taxonomy":"product_tag","embeddable":true,"href":"https:\/\/wiejskieprzysmaki.estima.site\/en\/wp-json\/wp\/v2\/product_tag?post=9239"}],"curies":[{"name":"wp","href":"https:\/\/api.w.org\/{rel}","templated":true}]}}