{"id":9241,"date":"2025-02-18T12:03:48","date_gmt":"2025-02-18T11:03:48","guid":{"rendered":"https:\/\/wiejskieprzysmaki.estima.site\/produkt\/herbatka-ajurwedyjska-jasnosc-umyslu-mental-clarity-bio-17-x-19-g-323-g-yogi-tea\/"},"modified":"2025-02-18T12:03:49","modified_gmt":"2025-02-18T11:03:49","slug":"herbatka-ajurwedyjska-jasnosc-umyslu-mental-clarity-bio-17-x-19-g-323-g-yogi-tea","status":"publish","type":"product","link":"https:\/\/wiejskieprzysmaki.estima.site\/en\/product\/herbatka-ajurwedyjska-jasnosc-umyslu-mental-clarity-bio-17-x-19-g-323-g-yogi-tea\/","title":{"rendered":"HERBATKA AJURWEDYJSKA JASNO\u015a\u0106 UMYS\u0141U (MENTAL CLARITY) BIO (17 x 1,9 g) 32,3 g &#8211; YOGI TEA"},"content":{"rendered":"<p>SK\u0141ADNIKI<br \/>mi\u0119ta pieprzowa* (18 %), melisa* (15 %), trawa cytrynowa*, mi\u0119ta zielona* (12 %), lukrecja*, rooibos*, imbir*, cynamon*, eukaliptus* (4 %), korze\u0144 \u017ce\u0144-szenia* (2 %), maca*, pieprz czarny*, olejek pomara\u0144czowy*, kardamon*, olejek z mi\u0119ty pieprzowej*. (*certyfikowany sk\u0142adnik ekologiczny)\t<\/p>\n<p>OPIS<br \/>Znasz te dni, kiedy wyj\u0105tkowo trudno Ci si\u0119 skoncentrowa\u0107? A&nbsp;pami\u0119\u0107 odmawia wsp\u00f3\u0142pracy? To znak, \u017ce potrzebujesz chwili przerwy. Smaczna herbatka z&nbsp;\u017ce\u0144-szeniem, eukaliptusem i&nbsp;\u015bwie\u017c\u0105 mi\u0119t\u0105 da Ci moment wytchnienia. Kr\u00f3tka przerwa stanie si\u0119 \u017ar\u00f3d\u0142em jasno\u015bci umys\u0142u i&nbsp;pozwoli skupi\u0107 si\u0119 na tym, co istotne.<br \/>Herbatka dla wszystkich, kt\u00f3rzy potrzebuj\u0105 zresetowa\u0107 umys\u0142.<\/p>\n<p>SPOS\u00d3B PRZYGOTOWANIA<br \/>Torebk\u0119 zala\u0107 250 ml wrz\u0105cej wody, pozostawi\u0107 na 6 minut do zaparzenia. Smacznego!<\/p>\n<p>UWAGI<br \/>Zawiera lukrecj\u0119 \u2013 chorzy na nadci\u015bnienie powinni unika\u0107 nadmiernego spo\u017cycia.<\/p>\n<p>ZALECANE WARUNKI PRZECHOWYWANIA<br \/>Przechowywa\u0107 w suchym i ch\u0142odnym miejscu.<\/p>","protected":false},"excerpt":{"rendered":"<p>SK\u0141ADNIKImi\u0119ta pieprzowa* (18 %), melisa* (15 %), trawa cytrynowa*, mi\u0119ta zielona* (12 %), lukrecja*, rooibos*, imbir*, cynamon*, eukaliptus* (4 %), korze\u0144 \u017ce\u0144-szenia* (2 %), maca*, pieprz czarny*, olejek pomara\u0144czowy*, kardamon*, olejek z mi\u0119ty pieprzowej*. (*certyfikowany sk\u0142adnik ekologiczny) OPISZnasz te dni, kiedy wyj\u0105tkowo trudno Ci si\u0119 skoncentrowa\u0107? A&nbsp;pami\u0119\u0107 odmawia wsp\u00f3\u0142pracy? To znak, \u017ce potrzebujesz chwili przerwy. [&hellip;]<\/p>","protected":false},"featured_media":9242,"comment_status":"closed","ping_status":"open","template":"","meta":{"_acf_changed":false},"product_brand":[],"product_cat":[282,478],"product_tag":[],"class_list":{"0":"post-9241","1":"product","2":"type-product","3":"status-publish","4":"has-post-thumbnail","6":"product_cat-herbaty-i-ziola","7":"product_cat-ziolowe-owocowe-mieszanki","8":"pa_ean-matka-7070","9":"pa_gwarancja-przydatnosci-522","10":"pa_ilosc-w-opakowaniu-298","11":"pa_jednostka-podstawowa-szt","12":"pa_kod-cn-2106-90-98","13":"pa_masa-netto-2302","14":"pa_objetosc-brutto-1264","15":"pa_producent-yogi-tea-herbaty-i-herbatki","16":"pa_producent-nazwa-adres-yogi-tea-gmbh-burchardstrase-24-20095-hamburg","17":"pa_tagi-bez-cukru-w-skladnikach","18":"pa_tagi-bez-glutenu-w-skladnikach","19":"pa_tagi-certyfikat-bio","20":"pa_tagi-weganski","21":"pa_tagi-wegetarianski","23":"first","24":"instock","25":"taxable","26":"shipping-taxable","27":"purchasable","28":"product-type-simple"},"acf":[],"_links":{"self":[{"href":"https:\/\/wiejskieprzysmaki.estima.site\/en\/wp-json\/wp\/v2\/product\/9241","targetHints":{"allow":["GET"]}}],"collection":[{"href":"https:\/\/wiejskieprzysmaki.estima.site\/en\/wp-json\/wp\/v2\/product"}],"about":[{"href":"https:\/\/wiejskieprzysmaki.estima.site\/en\/wp-json\/wp\/v2\/types\/product"}],"replies":[{"embeddable":true,"href":"https:\/\/wiejskieprzysmaki.estima.site\/en\/wp-json\/wp\/v2\/comments?post=9241"}],"wp:featuredmedia":[{"embeddable":true,"href":"https:\/\/wiejskieprzysmaki.estima.site\/en\/wp-json\/wp\/v2\/media\/9242"}],"wp:attachment":[{"href":"https:\/\/wiejskieprzysmaki.estima.site\/en\/wp-json\/wp\/v2\/media?parent=9241"}],"wp:term":[{"taxonomy":"product_brand","embeddable":true,"href":"https:\/\/wiejskieprzysmaki.estima.site\/en\/wp-json\/wp\/v2\/product_brand?post=9241"},{"taxonomy":"product_cat","embeddable":true,"href":"https:\/\/wiejskieprzysmaki.estima.site\/en\/wp-json\/wp\/v2\/product_cat?post=9241"},{"taxonomy":"product_tag","embeddable":true,"href":"https:\/\/wiejskieprzysmaki.estima.site\/en\/wp-json\/wp\/v2\/product_tag?post=9241"}],"curies":[{"name":"wp","href":"https:\/\/api.w.org\/{rel}","templated":true}]}}