{"id":925,"date":"2025-02-18T10:33:01","date_gmt":"2025-02-18T09:33:01","guid":{"rendered":"https:\/\/wiejskieprzysmaki.estima.site\/produkt\/maka-z-samopszy-pelnoziarnista-bio-500-g-bio-planet\/"},"modified":"2025-02-18T10:33:08","modified_gmt":"2025-02-18T09:33:08","slug":"maka-z-samopszy-pelnoziarnista-bio-500-g-bio-planet","status":"publish","type":"product","link":"https:\/\/wiejskieprzysmaki.estima.site\/en\/product\/maka-z-samopszy-pelnoziarnista-bio-500-g-bio-planet\/","title":{"rendered":"M\u0104KA Z SAMOPSZY PE\u0141NOZIARNISTA BIO 500 g &#8211; BIO PLANET"},"content":{"rendered":"<p>SK\u0141ADNIKI<br \/>ekologiczna m\u0105ka z PSZENICY samopszy pe\u0142noziarnista 100 %.<\/p>\n<p>OPIS<br \/>M\u0105ka z samopszy otrzymywana jest z przemia\u0142u oczyszczonych ziaren jednego z najstarszych, udomowionych gatunk\u00f3w pszenicy. Polecamy do wypieku razowego pieczywa, ciast, ciasteczek, a tak\u017ce nale\u015bnik\u00f3w i gofr\u00f3w.\t\t\t<\/p>\n<p>WARTO\u015a\u0106 OD\u017bYWCZA W   100 g<br \/>Warto\u015b\u0107 energetyczna \t1466 kJ\/346 kcal<br \/>T\u0142uszcz \t1,1 g<br \/>w tym kwasy t\u0142uszczowe nasycone \t0,9 g<br \/>W\u0119glowodany \t67 g<br \/>w tym cukry \t0,9 g<br \/>B\u0142onnik \t4,8 g<br \/>Bia\u0142ko \t15 g<br \/>S\u00f3l \t0 g<\/p>\n<p>INFORMACJA ALERGENNA<br \/>Produkt mo\u017ce zawiera\u0107: ORZESZKI ZIEMNE, ORZECHY, NASIONA SEZAMU, SOJ\u0118.<\/p>\n<p>ZALECANE WARUNKI PRZECHOWYWANIA<br \/>Przechowywa\u0107 w suchym i ch\u0142odnym miejscu.<\/p>","protected":false},"excerpt":{"rendered":"<p>SK\u0141ADNIKIekologiczna m\u0105ka z PSZENICY samopszy pe\u0142noziarnista 100 %. OPISM\u0105ka z samopszy otrzymywana jest z przemia\u0142u oczyszczonych ziaren jednego z najstarszych, udomowionych gatunk\u00f3w pszenicy. Polecamy do wypieku razowego pieczywa, ciast, ciasteczek, a tak\u017ce nale\u015bnik\u00f3w i gofr\u00f3w. WARTO\u015a\u0106 OD\u017bYWCZA W 100 gWarto\u015b\u0107 energetyczna 1466 kJ\/346 kcalT\u0142uszcz 1,1 gw tym kwasy t\u0142uszczowe nasycone 0,9 gW\u0119glowodany 67 gw tym [&hellip;]<\/p>","protected":false},"featured_media":926,"comment_status":"closed","ping_status":"open","template":"","meta":{"_acf_changed":false},"product_brand":[],"product_cat":[99,106],"product_tag":[],"class_list":{"0":"post-925","1":"product","2":"type-product","3":"status-publish","4":"has-post-thumbnail","6":"product_cat-maki-i-skrobie","7":"product_cat-maki-zbozowe-z-glutenem","8":"pa_ean-matka-942","9":"pa_gwarancja-przydatnosci-311","10":"pa_ilosc-w-opakowaniu-298","11":"pa_jednostka-podstawowa-szt","12":"pa_kod-cn-1102-90-90","13":"pa_kraj-pochodzenia-skladnikow-austria","14":"pa_masa-netto-347","15":"pa_objetosc-brutto-338","16":"pa_producent-bio-planet-seria-maki-i-skrobie","17":"pa_producent-nazwa-adres-bio-planet-s-a-wilkowa-wies-7-05-084-leszno","18":"pa_tagi-bez-cukru-w-skladnikach","19":"pa_tagi-certyfikat-bio","20":"pa_tagi-weganski","21":"pa_tagi-wegetarianski","23":"first","24":"instock","25":"taxable","26":"shipping-taxable","27":"purchasable","28":"product-type-simple"},"acf":[],"_links":{"self":[{"href":"https:\/\/wiejskieprzysmaki.estima.site\/en\/wp-json\/wp\/v2\/product\/925","targetHints":{"allow":["GET"]}}],"collection":[{"href":"https:\/\/wiejskieprzysmaki.estima.site\/en\/wp-json\/wp\/v2\/product"}],"about":[{"href":"https:\/\/wiejskieprzysmaki.estima.site\/en\/wp-json\/wp\/v2\/types\/product"}],"replies":[{"embeddable":true,"href":"https:\/\/wiejskieprzysmaki.estima.site\/en\/wp-json\/wp\/v2\/comments?post=925"}],"wp:featuredmedia":[{"embeddable":true,"href":"https:\/\/wiejskieprzysmaki.estima.site\/en\/wp-json\/wp\/v2\/media\/926"}],"wp:attachment":[{"href":"https:\/\/wiejskieprzysmaki.estima.site\/en\/wp-json\/wp\/v2\/media?parent=925"}],"wp:term":[{"taxonomy":"product_brand","embeddable":true,"href":"https:\/\/wiejskieprzysmaki.estima.site\/en\/wp-json\/wp\/v2\/product_brand?post=925"},{"taxonomy":"product_cat","embeddable":true,"href":"https:\/\/wiejskieprzysmaki.estima.site\/en\/wp-json\/wp\/v2\/product_cat?post=925"},{"taxonomy":"product_tag","embeddable":true,"href":"https:\/\/wiejskieprzysmaki.estima.site\/en\/wp-json\/wp\/v2\/product_tag?post=925"}],"curies":[{"name":"wp","href":"https:\/\/api.w.org\/{rel}","templated":true}]}}