{"id":9251,"date":"2025-02-18T12:03:48","date_gmt":"2025-02-18T11:03:48","guid":{"rendered":"https:\/\/wiejskieprzysmaki.estima.site\/produkt\/mus-morelowy-bez-dodatku-cukrow-200-g-birkengold\/"},"modified":"2025-02-18T12:04:01","modified_gmt":"2025-02-18T11:04:01","slug":"mus-morelowy-bez-dodatku-cukrow-200-g-birkengold","status":"publish","type":"product","link":"https:\/\/wiejskieprzysmaki.estima.site\/en\/product\/mus-morelowy-bez-dodatku-cukrow-200-g-birkengold\/","title":{"rendered":"MUS MORELOWY BEZ DODATKU CUKR\u00d3W 200 g &#8211; BIRKENGOLD"},"content":{"rendered":"<p>SK\u0141ADNIKI<br \/>morele, substancja s\u0142odz\u0105ca: ksylitol, substancja \u017celuj\u0105ca: pektyny, sok z cytryny.<\/p>\n<p>OPIS<br \/>Ten pyszny mus to prawdziwa eksplozja smaku dojrza\u0142ych moreli, bez dodatku cukru, dzi\u0119ki czemu zachowuje pe\u0142ni\u0119 owocowej s\u0142odyczy. Doskona\u0142y wyb\u00f3r dla os\u00f3b, kt\u00f3re pragn\u0105 delektowa\u0107 si\u0119 zdrow\u0105 i smaczn\u0105 alternatyw\u0105 dla s\u0142odkich przek\u0105sek. Idealny jako dodatek do deser\u00f3w, jogurt\u00f3w, czy po prostu na ka\u017cd\u0105 okazj\u0119 \u2013 mus, kt\u00f3ry \u0142\u0105czy naturalny smak owoc\u00f3w z dba\u0142o\u015bci\u0105 o zdrowie!<br \/>Sporz\u0105dzono z 70 g owoc\u00f3w na 100 g wyrobu gotowego.<br \/>Bez dodatku cukru. Zawiera naturalnie wyst\u0119puj\u0105ce cukry.<br \/>Zawiera substancj\u0119 s\u0142odz\u0105c\u0105. Spo\u017cycie w nadmiernych ilo\u015bciach mo\u017ce mie\u0107 efekt przeczyszczaj\u0105cy.<\/p>\n<p>WARTO\u015a\u0106 OD\u017bYWCZA W 100 g<br \/>Warto\u015b\u0107 energetyczna: 508 kJ\/122 kcal<br \/>T\u0142uszcz: 0 g<br \/>w tym kwasy t\u0142uszczowe nasycone: 0 g<br \/>W\u0119glowodany: 47 g<br \/>w tym cukry: 3,6 g<br \/>alkohole wielowodorotlenowe: 42 g<br \/>B\u0142onnik: 1,2 g<br \/>Bia\u0142ko: 0,6 g<br \/>S\u00f3l: &lt;0,01 g<\/p>\n<p>ZALECANE WARUNKI PRZECHOWYWANIA<br \/>Przechowywa\u0107 z dala od ciep\u0142a. Po otwarciu przechowywa\u0107 w lod\u00f3wce i spo\u017cy\u0107 w ci\u0105gu tygodnia.<\/p>","protected":false},"excerpt":{"rendered":"<p>SK\u0141ADNIKImorele, substancja s\u0142odz\u0105ca: ksylitol, substancja \u017celuj\u0105ca: pektyny, sok z cytryny. OPISTen pyszny mus to prawdziwa eksplozja smaku dojrza\u0142ych moreli, bez dodatku cukru, dzi\u0119ki czemu zachowuje pe\u0142ni\u0119 owocowej s\u0142odyczy. Doskona\u0142y wyb\u00f3r dla os\u00f3b, kt\u00f3re pragn\u0105 delektowa\u0107 si\u0119 zdrow\u0105 i smaczn\u0105 alternatyw\u0105 dla s\u0142odkich przek\u0105sek. Idealny jako dodatek do deser\u00f3w, jogurt\u00f3w, czy po prostu na ka\u017cd\u0105 okazj\u0119 [&hellip;]<\/p>","protected":false},"featured_media":9252,"comment_status":"closed","ping_status":"open","template":"","meta":{"_acf_changed":false},"product_brand":[],"product_cat":[999,998],"product_tag":[],"class_list":{"0":"post-9251","1":"product","2":"type-product","3":"status-publish","4":"has-post-thumbnail","6":"product_cat-dzemy-konfitury-musy","7":"product_cat-przetwory-warzywne-i-owocowe","8":"pa_ean-matka-7081","9":"pa_gwarancja-przydatnosci-320","10":"pa_ilosc-w-opakowaniu-298","11":"pa_jednostka-podstawowa-szt","12":"pa_kod-cn-2007-10-10","13":"pa_masa-netto-354","14":"pa_objetosc-brutto-7080","15":"pa_producent-birkengold-musy-ciastka-gumy","16":"pa_producent-nazwa-adres-birkengold-gmbh-hauptpl-3-5-3202-hofstetten-austria","17":"pa_tagi-bez-cukru-w-skladnikach","18":"pa_tagi-bez-glutenu-w-skladnikach","19":"pa_tagi-weganski","20":"pa_tagi-wegetarianski","22":"first","23":"instock","24":"taxable","25":"shipping-taxable","26":"purchasable","27":"product-type-simple"},"acf":[],"_links":{"self":[{"href":"https:\/\/wiejskieprzysmaki.estima.site\/en\/wp-json\/wp\/v2\/product\/9251","targetHints":{"allow":["GET"]}}],"collection":[{"href":"https:\/\/wiejskieprzysmaki.estima.site\/en\/wp-json\/wp\/v2\/product"}],"about":[{"href":"https:\/\/wiejskieprzysmaki.estima.site\/en\/wp-json\/wp\/v2\/types\/product"}],"replies":[{"embeddable":true,"href":"https:\/\/wiejskieprzysmaki.estima.site\/en\/wp-json\/wp\/v2\/comments?post=9251"}],"wp:featuredmedia":[{"embeddable":true,"href":"https:\/\/wiejskieprzysmaki.estima.site\/en\/wp-json\/wp\/v2\/media\/9252"}],"wp:attachment":[{"href":"https:\/\/wiejskieprzysmaki.estima.site\/en\/wp-json\/wp\/v2\/media?parent=9251"}],"wp:term":[{"taxonomy":"product_brand","embeddable":true,"href":"https:\/\/wiejskieprzysmaki.estima.site\/en\/wp-json\/wp\/v2\/product_brand?post=9251"},{"taxonomy":"product_cat","embeddable":true,"href":"https:\/\/wiejskieprzysmaki.estima.site\/en\/wp-json\/wp\/v2\/product_cat?post=9251"},{"taxonomy":"product_tag","embeddable":true,"href":"https:\/\/wiejskieprzysmaki.estima.site\/en\/wp-json\/wp\/v2\/product_tag?post=9251"}],"curies":[{"name":"wp","href":"https:\/\/api.w.org\/{rel}","templated":true}]}}