{"id":9255,"date":"2025-02-18T12:03:48","date_gmt":"2025-02-18T11:03:48","guid":{"rendered":"https:\/\/wiejskieprzysmaki.estima.site\/produkt\/chleb-tostowy-krojony-bio-400-g-il-buon-pane\/"},"modified":"2025-02-18T12:04:06","modified_gmt":"2025-02-18T11:04:06","slug":"chleb-tostowy-krojony-bio-400-g-il-buon-pane","status":"publish","type":"product","link":"https:\/\/wiejskieprzysmaki.estima.site\/en\/product\/chleb-tostowy-krojony-bio-400-g-il-buon-pane\/","title":{"rendered":"CHLEB TOSTOWY KROJONY BIO 400 g &#8211; IL BUON PANE"},"content":{"rendered":"<p>SK\u0141ADNIKI<br \/>m\u0105ka PSZENNA* typ \u201e0\u201d (67 %), woda, dro\u017cd\u017ce, oliwa z oliwek extra virgin* (4 %), dekstroza* (2,1 %), s\u00f3l, m\u0105ka PSZENNA s\u0142odowa*. (*certyfikowany sk\u0142adnik ekologiczny)<\/p>\n<p>OPIS<br \/>Chleb z m\u0105ki pszennej typ 0 z oliw\u0105 z oliwek extra virgin (4 %) i dekstroz\u0105. Produkt potraktowany alkoholem etylowym.<br \/>Opakowanie zawiera 16 sugerowanych porcji po 25 g. <\/p>\n<p>WARTO\u015a\u0106 OD\u017bYWCZA W 100 g<br \/>Warto\u015b\u0107 energetyczna: 1159 kJ\/275 kcal<br \/>T\u0142uszcz: 5,4 g<br \/>w tym kwasy t\u0142uszczowe nasycone: 0,9 g<br \/>W\u0119glowodany: 47 g<br \/>w tym cukry: 4,7 g<br \/>B\u0142onnik: 2,8 g<br \/>Bia\u0142ko: 8,1 g<br \/>S\u00f3l: 1,6 g<\/p>\n<p>INFORMACJA ALERGENNA<br \/>Mo\u017ce zawiera\u0107 MLEKO, JAJA, NASIONA SEZAMU, SOJ\u0118 i gorczyc\u0119.<\/p>\n<p>ZALECANE WARUNKI PRZECHOWYWANIA<br \/>Przechowywa\u0107 w suchym i ch\u0142odnym miejscu<\/p>","protected":false},"excerpt":{"rendered":"<p>SK\u0141ADNIKIm\u0105ka PSZENNA* typ \u201e0\u201d (67 %), woda, dro\u017cd\u017ce, oliwa z oliwek extra virgin* (4 %), dekstroza* (2,1 %), s\u00f3l, m\u0105ka PSZENNA s\u0142odowa*. (*certyfikowany sk\u0142adnik ekologiczny) OPISChleb z m\u0105ki pszennej typ 0 z oliw\u0105 z oliwek extra virgin (4 %) i dekstroz\u0105. Produkt potraktowany alkoholem etylowym.Opakowanie zawiera 16 sugerowanych porcji po 25 g. WARTO\u015a\u0106 OD\u017bYWCZA W [&hellip;]<\/p>","protected":false},"featured_media":9256,"comment_status":"closed","ping_status":"open","template":"","meta":{"_acf_changed":false},"product_brand":[],"product_cat":[1437,64],"product_tag":[],"class_list":{"0":"post-9255","1":"product","2":"type-product","3":"status-publish","4":"has-post-thumbnail","6":"product_cat-chleby-bulki","7":"product_cat-pieczywo","8":"pa_ean-matka-7083","9":"pa_gwarancja-przydatnosci-535","10":"pa_ilosc-w-opakowaniu-454","11":"pa_jednostka-podstawowa-szt","12":"pa_kod-cn-1905-90-30","13":"pa_masa-netto-268","14":"pa_objetosc-brutto-7073","15":"pa_producent-il-buon-pane-chleby-tostowe","16":"pa_producent-nazwa-adres-grissitalia-srl-via-valle-san-bartolomeo-37-15122-alessandria-al","17":"pa_tagi-certyfikat-bio","18":"pa_tagi-weganski","19":"pa_tagi-wegetarianski","21":"first","22":"instock","23":"taxable","24":"shipping-taxable","25":"purchasable","26":"product-type-simple"},"acf":[],"_links":{"self":[{"href":"https:\/\/wiejskieprzysmaki.estima.site\/en\/wp-json\/wp\/v2\/product\/9255","targetHints":{"allow":["GET"]}}],"collection":[{"href":"https:\/\/wiejskieprzysmaki.estima.site\/en\/wp-json\/wp\/v2\/product"}],"about":[{"href":"https:\/\/wiejskieprzysmaki.estima.site\/en\/wp-json\/wp\/v2\/types\/product"}],"replies":[{"embeddable":true,"href":"https:\/\/wiejskieprzysmaki.estima.site\/en\/wp-json\/wp\/v2\/comments?post=9255"}],"wp:featuredmedia":[{"embeddable":true,"href":"https:\/\/wiejskieprzysmaki.estima.site\/en\/wp-json\/wp\/v2\/media\/9256"}],"wp:attachment":[{"href":"https:\/\/wiejskieprzysmaki.estima.site\/en\/wp-json\/wp\/v2\/media?parent=9255"}],"wp:term":[{"taxonomy":"product_brand","embeddable":true,"href":"https:\/\/wiejskieprzysmaki.estima.site\/en\/wp-json\/wp\/v2\/product_brand?post=9255"},{"taxonomy":"product_cat","embeddable":true,"href":"https:\/\/wiejskieprzysmaki.estima.site\/en\/wp-json\/wp\/v2\/product_cat?post=9255"},{"taxonomy":"product_tag","embeddable":true,"href":"https:\/\/wiejskieprzysmaki.estima.site\/en\/wp-json\/wp\/v2\/product_tag?post=9255"}],"curies":[{"name":"wp","href":"https:\/\/api.w.org\/{rel}","templated":true}]}}