{"id":9290,"date":"2025-02-18T12:04:18","date_gmt":"2025-02-18T11:04:18","guid":{"rendered":"https:\/\/wiejskieprzysmaki.estima.site\/produkt\/pieczywo-chrupkie-blonnikowe-kasztanowe-bezglutenowe-bio-150-g-le-pain-des-fleurs\/"},"modified":"2025-02-18T12:04:24","modified_gmt":"2025-02-18T11:04:24","slug":"pieczywo-chrupkie-blonnikowe-kasztanowe-bezglutenowe-bio-150-g-le-pain-des-fleurs","status":"publish","type":"product","link":"https:\/\/wiejskieprzysmaki.estima.site\/en\/product\/pieczywo-chrupkie-blonnikowe-kasztanowe-bezglutenowe-bio-150-g-le-pain-des-fleurs\/","title":{"rendered":"PIECZYWO CHRUPKIE B\u0141ONNIKOWE KASZTANOWE BEZGLUTENOWE BIO 150 g &#8211; LE PAIN DES FLEURS"},"content":{"rendered":"<p>SK\u0141ADNIKI<br \/>m\u0105ka ry\u017cowa*, m\u0105ka kasztanowa* (30 %), s\u00f3l morska (&lt;1 %). (*certyfikowany sk\u0142adnik ekologiczny)<\/p>\n<p>OPIS <br \/>Pieczywo chrupkie to \u015bwietna alternatywa dla tradycyjnego chleba.&nbsp;<br \/>\u0179r\u00f3d\u0142o b\u0142onnika pokarmowego.<br \/>Dzi\u0119ki niskiej zawarto\u015bci t\u0142uszczu, jest doskona\u0142ym elementem diet redukcyjnych.<\/p>\n<p>WARTO\u015a\u0106 OD\u017bYWCZA W 100 g<br \/>Warto\u015b\u0107 energetyczna: 1616 kJ \/ 381 kcal <br \/>T\u0142uszcz: 1,8 g <br \/>w tym kwasy t\u0142uszczowe nasycone: 0,5 g <br \/>W\u0119glowodany: 83 g <br \/>w tym cukry: 6,5 g <br \/>B\u0142onnik: 4,3 g <br \/>Bia\u0142ko: 6,7 g<br \/>S\u00f3l: 0,39 g<\/p>\n<p>ZALECANE WARUNKI PRZECHOWYWANIA <br \/>Przechowywa\u0107 w suchym miejscu, z dala od \u017ar\u00f3de\u0142 \u015bwiat\u0142a.<\/p>","protected":false},"excerpt":{"rendered":"<p>SK\u0141ADNIKIm\u0105ka ry\u017cowa*, m\u0105ka kasztanowa* (30 %), s\u00f3l morska (&lt;1 %). (*certyfikowany sk\u0142adnik ekologiczny) OPIS Pieczywo chrupkie to \u015bwietna alternatywa dla tradycyjnego chleba.&nbsp;\u0179r\u00f3d\u0142o b\u0142onnika pokarmowego.Dzi\u0119ki niskiej zawarto\u015bci t\u0142uszczu, jest doskona\u0142ym elementem diet redukcyjnych. WARTO\u015a\u0106 OD\u017bYWCZA W 100 gWarto\u015b\u0107 energetyczna: 1616 kJ \/ 381 kcal T\u0142uszcz: 1,8 g w tym kwasy t\u0142uszczowe nasycone: 0,5 g W\u0119glowodany: 83 [&hellip;]<\/p>","protected":false},"featured_media":9291,"comment_status":"closed","ping_status":"open","template":"","meta":{"_acf_changed":false},"product_brand":[],"product_cat":[64,1079],"product_tag":[],"class_list":{"0":"post-9290","1":"product","2":"type-product","3":"status-publish","4":"has-post-thumbnail","6":"product_cat-pieczywo","7":"product_cat-pieczywo-chrupkie","8":"pa_ean-matka-7109","9":"pa_gwarancja-przydatnosci-311","10":"pa_ilosc-w-opakowaniu-298","11":"pa_jednostka-podstawowa-szt","12":"pa_kod-cn-1905-10-00","13":"pa_masa-netto-197","14":"pa_objetosc-brutto-1230","15":"pa_producent-le-pain-des-fleurs-pieczywo-chrupkie","16":"pa_producent-nazwa-adres-alphanutrition-zone-dactivite-des-portes-du-velay-43140-la-seauve-sur-semne-francja","17":"pa_tagi-bez-cukru-w-skladnikach","18":"pa_tagi-bez-glutenu-deklaracja","19":"pa_tagi-bez-glutenu-w-skladnikach","20":"pa_tagi-certyfikat-bio","21":"pa_tagi-weganski","22":"pa_tagi-wegetarianski","24":"first","25":"outofstock","26":"taxable","27":"shipping-taxable","28":"purchasable","29":"product-type-simple"},"acf":[],"_links":{"self":[{"href":"https:\/\/wiejskieprzysmaki.estima.site\/en\/wp-json\/wp\/v2\/product\/9290","targetHints":{"allow":["GET"]}}],"collection":[{"href":"https:\/\/wiejskieprzysmaki.estima.site\/en\/wp-json\/wp\/v2\/product"}],"about":[{"href":"https:\/\/wiejskieprzysmaki.estima.site\/en\/wp-json\/wp\/v2\/types\/product"}],"replies":[{"embeddable":true,"href":"https:\/\/wiejskieprzysmaki.estima.site\/en\/wp-json\/wp\/v2\/comments?post=9290"}],"wp:featuredmedia":[{"embeddable":true,"href":"https:\/\/wiejskieprzysmaki.estima.site\/en\/wp-json\/wp\/v2\/media\/9291"}],"wp:attachment":[{"href":"https:\/\/wiejskieprzysmaki.estima.site\/en\/wp-json\/wp\/v2\/media?parent=9290"}],"wp:term":[{"taxonomy":"product_brand","embeddable":true,"href":"https:\/\/wiejskieprzysmaki.estima.site\/en\/wp-json\/wp\/v2\/product_brand?post=9290"},{"taxonomy":"product_cat","embeddable":true,"href":"https:\/\/wiejskieprzysmaki.estima.site\/en\/wp-json\/wp\/v2\/product_cat?post=9290"},{"taxonomy":"product_tag","embeddable":true,"href":"https:\/\/wiejskieprzysmaki.estima.site\/en\/wp-json\/wp\/v2\/product_tag?post=9290"}],"curies":[{"name":"wp","href":"https:\/\/api.w.org\/{rel}","templated":true}]}}