{"id":9293,"date":"2025-02-18T12:04:18","date_gmt":"2025-02-18T11:04:18","guid":{"rendered":"https:\/\/wiejskieprzysmaki.estima.site\/produkt\/rozki-z-kremem-orzechowo-kakaowym-bezglutenowe-bio-30-g-mogli\/"},"modified":"2025-02-18T12:04:26","modified_gmt":"2025-02-18T11:04:26","slug":"rozki-z-kremem-orzechowo-kakaowym-bezglutenowe-bio-30-g-mogli","status":"publish","type":"product","link":"https:\/\/wiejskieprzysmaki.estima.site\/en\/product\/rozki-z-kremem-orzechowo-kakaowym-bezglutenowe-bio-30-g-mogli\/","title":{"rendered":"RO\u017bKI Z KREMEM ORZECHOWO &#8211; KAKAOWYM BEZGLUTENOWE BIO 30 g &#8211; MOGLI"},"content":{"rendered":"<p>SK\u0141ADNIKI<br \/>syrop z agawy w proszku* 35 %, m\u0105ka ry\u017cowa* 23 %, olej rzepakowy*, m\u0105ka z ciecierzycy* 8 %, pasta z ORZECH\u00d3W LASKOWYCH* 7 %, odt\u0142uszczone MLEKO w proszku*, kakao o obni\u017conej zawarto\u015bci t\u0142uszczu* 3,8 %, t\u0142uszcz kakaowy*, skrobia ry\u017cowa*, emulgator: lecytyny (ze s\u0142onecznika)*, olej kokosowy*, s\u00f3l. (*certyfikowany sk\u0142adnik ekologiczny)<\/p>\n<p>OPIS<br \/>Ro\u017cki waflowe na bazie m\u0105ki ry\u017cowej i m\u0105ki z ciecierzycy z nadzieniem z kremu z ORZECH\u00d3W LASKOWYCH i kakao (40 %).<br \/>Na zewn\u0105trz chrupi\u0105ce, w \u015brodku kremowe! Nie zdziw si\u0119, gdy znikn\u0105 w mgnieniu oka.<br \/>Produkt nie zawiera t\u0142uszczu palmowego i zosta\u0142 pos\u0142odzony syropem z agawy.<\/p>\n<p>WARTO\u015a\u0106 OD\u017bYWCZA W 100 g<br \/>Warto\u015b\u0107 energetyczna &#8211; 1823 kJ\/436 kcal<br \/>T\u0142uszcz &#8211; 17 g<br \/>w tym kwasy t\u0142uszczowe nasycone &#8211; 2,5 g<br \/>W\u0119glowodany &#8211; 60 g<br \/>w tym cukry &#8211; 33 g<br \/>B\u0142onnik &#8211; 3,0 g<br \/>Bia\u0142ko &#8211; 8,0 g<br \/>S\u00f3l &#8211; 0,32 g<\/p>\n<p>INFORMACJA ALERGENNA<br \/>Produkt mo\u017ce zawiera\u0107 ORZESZKI ZIEMNE, NASIONA SEZAMU.<\/p>\n<p>ZALECANE WARUNKI PRZECHOWYWANIA<br \/>Przechowywa\u0107 w ch\u0142odnym i suchym miejscu, spo\u017cy\u0107 bezpo\u015brednio po otwarciu.<\/p>","protected":false},"excerpt":{"rendered":"<p>SK\u0141ADNIKIsyrop z agawy w proszku* 35 %, m\u0105ka ry\u017cowa* 23 %, olej rzepakowy*, m\u0105ka z ciecierzycy* 8 %, pasta z ORZECH\u00d3W LASKOWYCH* 7 %, odt\u0142uszczone MLEKO w proszku*, kakao o obni\u017conej zawarto\u015bci t\u0142uszczu* 3,8 %, t\u0142uszcz kakaowy*, skrobia ry\u017cowa*, emulgator: lecytyny (ze s\u0142onecznika)*, olej kokosowy*, s\u00f3l. (*certyfikowany sk\u0142adnik ekologiczny) OPISRo\u017cki waflowe na bazie m\u0105ki ry\u017cowej [&hellip;]<\/p>","protected":false},"featured_media":9294,"comment_status":"closed","ping_status":"open","template":"","meta":{"_acf_changed":false},"product_brand":[],"product_cat":[1434,139],"product_tag":[],"class_list":{"0":"post-9293","1":"product","2":"type-product","3":"status-publish","4":"has-post-thumbnail","6":"product_cat-ciastka","7":"product_cat-slodycze-i-przekaski","8":"pa_ean-matka-7110","9":"pa_gwarancja-przydatnosci-324","10":"pa_ilosc-w-opakowaniu-350","11":"pa_jednostka-podstawowa-szt","12":"pa_kod-cn-1905-31-30","13":"pa_masa-netto-232","14":"pa_objetosc-brutto-470","15":"pa_producent-mogli-musy-owocowe-przekaski","16":"pa_producent-nazwa-adres-mogli-naturkost-gmbh-karl-marx-strasse-88-12043-berlin","17":"pa_tagi-bez-glutenu-deklaracja","18":"pa_tagi-bez-glutenu-w-skladnikach","19":"pa_tagi-certyfikat-bio","20":"pa_tagi-wegetarianski","22":"first","23":"instock","24":"taxable","25":"shipping-taxable","26":"purchasable","27":"product-type-simple"},"acf":[],"_links":{"self":[{"href":"https:\/\/wiejskieprzysmaki.estima.site\/en\/wp-json\/wp\/v2\/product\/9293","targetHints":{"allow":["GET"]}}],"collection":[{"href":"https:\/\/wiejskieprzysmaki.estima.site\/en\/wp-json\/wp\/v2\/product"}],"about":[{"href":"https:\/\/wiejskieprzysmaki.estima.site\/en\/wp-json\/wp\/v2\/types\/product"}],"replies":[{"embeddable":true,"href":"https:\/\/wiejskieprzysmaki.estima.site\/en\/wp-json\/wp\/v2\/comments?post=9293"}],"wp:featuredmedia":[{"embeddable":true,"href":"https:\/\/wiejskieprzysmaki.estima.site\/en\/wp-json\/wp\/v2\/media\/9294"}],"wp:attachment":[{"href":"https:\/\/wiejskieprzysmaki.estima.site\/en\/wp-json\/wp\/v2\/media?parent=9293"}],"wp:term":[{"taxonomy":"product_brand","embeddable":true,"href":"https:\/\/wiejskieprzysmaki.estima.site\/en\/wp-json\/wp\/v2\/product_brand?post=9293"},{"taxonomy":"product_cat","embeddable":true,"href":"https:\/\/wiejskieprzysmaki.estima.site\/en\/wp-json\/wp\/v2\/product_cat?post=9293"},{"taxonomy":"product_tag","embeddable":true,"href":"https:\/\/wiejskieprzysmaki.estima.site\/en\/wp-json\/wp\/v2\/product_tag?post=9293"}],"curies":[{"name":"wp","href":"https:\/\/api.w.org\/{rel}","templated":true}]}}