{"id":9302,"date":"2025-02-18T12:04:28","date_gmt":"2025-02-18T11:04:28","guid":{"rendered":"https:\/\/wiejskieprzysmaki.estima.site\/produkt\/czekolada-gorzka-z-imbirem-bio-100-g-meybona\/"},"modified":"2025-02-18T12:04:32","modified_gmt":"2025-02-18T11:04:32","slug":"czekolada-gorzka-z-imbirem-bio-100-g-meybona","status":"publish","type":"product","link":"https:\/\/wiejskieprzysmaki.estima.site\/en\/product\/czekolada-gorzka-z-imbirem-bio-100-g-meybona\/","title":{"rendered":"CZEKOLADA GORZKA Z IMBIREM BIO 100 g &#8211; MEYBONA"},"content":{"rendered":"<p>SK\u0141ADNIKI<br \/>cukier trzcinowy nierafinowany*, miazga kakaowa*, t\u0142uszcz kakaowy*, kandyzowany imbir* (3 %) (nierafinowany cukier trzcinowy*, imbir*), imbir w proszku* (1 %), wanilia bourbon*. (*certyfikowany sk\u0142adnik ekologiczny). Masa kakaowa minimum 52 %.<\/p>\n<p>OPIS<br \/>Wy\u015bmienita tabliczka czekolady, kt\u00f3ra \u0142\u0105czy w sobie dobro\u0107 gorzkiej czekolady z aromatem i smakiem imbiru. Po\u0142\u0105czenie imbiru i czekolady to pyszna dawka energii na ka\u017cd\u0105 por\u0119 dnia.<\/p>\n<p>WARTO\u015a\u0106 OD\u017bYWCZA w 100 g<br \/>Warto\u015b\u0107 energetyczna: 2330 kJ\/563 kcal<br \/>T\u0142uszcz: 37,1 g<br \/>w tym kwasy t\u0142uszczowe nasycone: 22,3 g<br \/>W\u0119glowodany: 48,9 g<br \/>w tym cukry: 45,2 g<br \/>Bia\u0142ko: 5,2 g<br \/>S\u00f3l: 0,02 g<\/p>\n<p>INFORMACJA ALERGENNA<br \/>Mo\u017ce zawiera\u0107 ZBO\u017bA ZAWIERAJ\u0104CE GLUTEN (PSZENICA), MLEKO, MIGDA\u0141Y i ORZECHY LASKOWE<\/p>\n<p>ZALECANE WARUNKI PRZECHOWYWANIA<br \/>Przechowywa\u0107 w suchym miejscu w temperaturze pokojowej. Chroni\u0107 przed ciep\u0142em.<\/p>","protected":false},"excerpt":{"rendered":"<p>SK\u0141ADNIKIcukier trzcinowy nierafinowany*, miazga kakaowa*, t\u0142uszcz kakaowy*, kandyzowany imbir* (3 %) (nierafinowany cukier trzcinowy*, imbir*), imbir w proszku* (1 %), wanilia bourbon*. (*certyfikowany sk\u0142adnik ekologiczny). Masa kakaowa minimum 52 %. OPISWy\u015bmienita tabliczka czekolady, kt\u00f3ra \u0142\u0105czy w sobie dobro\u0107 gorzkiej czekolady z aromatem i smakiem imbiru. Po\u0142\u0105czenie imbiru i czekolady to pyszna dawka energii na ka\u017cd\u0105 [&hellip;]<\/p>","protected":false},"featured_media":9303,"comment_status":"closed","ping_status":"open","template":"","meta":{"_acf_changed":false},"product_brand":[],"product_cat":[1187,139],"product_tag":[],"class_list":{"0":"post-9302","1":"product","2":"type-product","3":"status-publish","4":"has-post-thumbnail","6":"product_cat-czekolady-i-czekoladki","7":"product_cat-slodycze-i-przekaski","8":"pa_ean-matka-7115","9":"pa_gwarancja-przydatnosci-324","10":"pa_ilosc-w-opakowaniu-350","11":"pa_jednostka-podstawowa-szt","12":"pa_kod-cn-1806-32-10","13":"pa_masa-netto-242","14":"pa_objetosc-brutto-1272","15":"pa_producent-meybona-czekolady","16":"pa_producent-nazwa-adres-meybona-schokoladenfabrik-meyerkamp-gmbh-co-kg-alter-postweg-255-d-32584-lohne-germany","17":"pa_tagi-bez-glutenu-w-skladnikach","18":"pa_tagi-certyfikat-bio","19":"pa_tagi-weganski","20":"pa_tagi-wegetarianski","22":"first","23":"instock","24":"taxable","25":"shipping-taxable","26":"purchasable","27":"product-type-simple"},"acf":[],"_links":{"self":[{"href":"https:\/\/wiejskieprzysmaki.estima.site\/en\/wp-json\/wp\/v2\/product\/9302","targetHints":{"allow":["GET"]}}],"collection":[{"href":"https:\/\/wiejskieprzysmaki.estima.site\/en\/wp-json\/wp\/v2\/product"}],"about":[{"href":"https:\/\/wiejskieprzysmaki.estima.site\/en\/wp-json\/wp\/v2\/types\/product"}],"replies":[{"embeddable":true,"href":"https:\/\/wiejskieprzysmaki.estima.site\/en\/wp-json\/wp\/v2\/comments?post=9302"}],"wp:featuredmedia":[{"embeddable":true,"href":"https:\/\/wiejskieprzysmaki.estima.site\/en\/wp-json\/wp\/v2\/media\/9303"}],"wp:attachment":[{"href":"https:\/\/wiejskieprzysmaki.estima.site\/en\/wp-json\/wp\/v2\/media?parent=9302"}],"wp:term":[{"taxonomy":"product_brand","embeddable":true,"href":"https:\/\/wiejskieprzysmaki.estima.site\/en\/wp-json\/wp\/v2\/product_brand?post=9302"},{"taxonomy":"product_cat","embeddable":true,"href":"https:\/\/wiejskieprzysmaki.estima.site\/en\/wp-json\/wp\/v2\/product_cat?post=9302"},{"taxonomy":"product_tag","embeddable":true,"href":"https:\/\/wiejskieprzysmaki.estima.site\/en\/wp-json\/wp\/v2\/product_tag?post=9302"}],"curies":[{"name":"wp","href":"https:\/\/api.w.org\/{rel}","templated":true}]}}