{"id":9304,"date":"2025-02-18T12:04:28","date_gmt":"2025-02-18T11:04:28","guid":{"rendered":"https:\/\/wiejskieprzysmaki.estima.site\/produkt\/ostropest-plamisty-mielony-bio-600-g-bio-planet\/"},"modified":"2025-02-20T15:11:56","modified_gmt":"2025-02-20T14:11:56","slug":"ostropest-plamisty-mielony-bio-600-g-bio-planet","status":"publish","type":"product","link":"https:\/\/wiejskieprzysmaki.estima.site\/en\/product\/ostropest-plamisty-mielony-bio-600-g-bio-planet\/","title":{"rendered":"OSTROPEST PLAMISTY MIELONY BIO 600 g &#8211; BIO PLANET"},"content":{"rendered":"<p>SK\u0141ADNIKI<br \/>ekologiczne odt\u0142uszczone mielone ziarno ostropestu plamistego (Silybum marianum) 100 %.<\/p>\n<p>OPIS<br \/>Ostropest plamisty przyczynia si\u0119 do ochrony w\u0105troby oraz wspomaga trawienie i oczyszczanie organizmu.<br \/>Nie nale\u017cy przekracza\u0107 zalecanej porcji do spo\u017cycia w ci\u0105gu dnia. Suplement diety nie mo\u017ce by\u0107 stosowany jako substytut zr\u00f3\u017cnicowanej diety.\t<\/p>\n<p>ZALECANE SPO\u017bYCIE<br \/>4 g dziennie tj. 2 miarki do\u0142\u0105czone do produktu zala\u0107 gor\u0105c\u0105, ale nie wrz\u0105c\u0105 wod\u0105 (250 ml) i zaparza\u0107 pod przykryciem przez 15 minut. Doskonale sprawdzi si\u0119 r\u00f3wnie\u017c jako dodatek do koktajli, musli, sa\u0142atek. Zalecana do spo\u017cycia dzienna porcja zawiera 178,4 mg sylimaryny.<\/p>\n<p>WARTO\u015a\u0106 OD\u017bYWCZA W 100  g<br \/>Warto\u015b\u0107 energetyczna \t1108 kJ\/270 kcal<br \/>T\u0142uszcz \t7,7 g<br \/>w tym kwasy t\u0142uszczowe nasycone \t1,6 g<br \/>W\u0119glowodany \t2,0 g<br \/>w tym cukry \t1,2 g<br \/>B\u0142onnik \t56 g<br \/>Bia\u0142ko \t20 g<br \/>S\u00f3l \t0,03 g<\/p>\n<p>Sylimaryna \t4460 mg\/100 g<\/p>\n<p>UWAGI<br \/>Nie nale\u017cy przekracza\u0107 zalecanej porcji do spo\u017cycia w ci\u0105gu dnia. Suplement diety nie mo\u017ce by\u0107 stosowany jako substytut zr\u00f3\u017cnicowanej diety.<\/p>\n<p>INFORMACJA ALERGENNA<br \/>Produkt mo\u017ce zawiera\u0107: ZBO\u017bA ZAWIERAJ\u0104CE GLUTEN, ORZESZKI ZIEMNE, ORZECHY, NASIONA SEZAMU, SOJ\u0118.<\/p>\n<p>ZALECANE WARUNKI PRZECHOWYWANIA<br \/>Przechowywa\u0107 w temepraturze pokojowej w spos\u00f3b niedost\u0119pny dla ma\u0142ych dzieci.<\/p>","protected":false},"excerpt":{"rendered":"<p>SK\u0141ADNIKIekologiczne odt\u0142uszczone mielone ziarno ostropestu plamistego (Silybum marianum) 100 %. OPISOstropest plamisty przyczynia si\u0119 do ochrony w\u0105troby oraz wspomaga trawienie i oczyszczanie organizmu.Nie nale\u017cy przekracza\u0107 zalecanej porcji do spo\u017cycia w ci\u0105gu dnia. Suplement diety nie mo\u017ce by\u0107 stosowany jako substytut zr\u00f3\u017cnicowanej diety. ZALECANE SPO\u017bYCIE4 g dziennie tj. 2 miarki do\u0142\u0105czone do produktu zala\u0107 gor\u0105c\u0105, ale [&hellip;]<\/p>","protected":false},"featured_media":9305,"comment_status":"closed","ping_status":"open","template":"","meta":{"_acf_changed":false},"product_brand":[],"product_cat":[290,9057],"product_tag":[],"class_list":{"0":"post-9304","1":"product","2":"type-product","3":"status-publish","4":"has-post-thumbnail","6":"product_cat-produkty-sproszkowane","7":"product_cat-suplementy-diety","8":"pa_ean-matka-7116","9":"pa_gwarancja-przydatnosci-311","10":"pa_ilosc-w-opakowaniu-298","11":"pa_jednostka-podstawowa-szt","12":"pa_kod-cn-2306-90-90","13":"pa_kraj-pochodzenia-skladnikow-polska","14":"pa_masa-netto-792","15":"pa_objetosc-brutto-3440","16":"pa_producent-bio-planet-seria-superfoods","17":"pa_producent-nazwa-adres-bio-planet-s-a-wilkowa-wies-7-05-084-leszno","18":"pa_tagi-bez-cukru-w-skladnikach","19":"pa_tagi-bez-glutenu-w-skladnikach","20":"pa_tagi-certyfikat-bio","21":"pa_tagi-weganski","22":"pa_tagi-wegetarianski","24":"first","25":"instock","26":"taxable","27":"shipping-taxable","28":"purchasable","29":"product-type-simple"},"acf":[],"_links":{"self":[{"href":"https:\/\/wiejskieprzysmaki.estima.site\/en\/wp-json\/wp\/v2\/product\/9304","targetHints":{"allow":["GET"]}}],"collection":[{"href":"https:\/\/wiejskieprzysmaki.estima.site\/en\/wp-json\/wp\/v2\/product"}],"about":[{"href":"https:\/\/wiejskieprzysmaki.estima.site\/en\/wp-json\/wp\/v2\/types\/product"}],"replies":[{"embeddable":true,"href":"https:\/\/wiejskieprzysmaki.estima.site\/en\/wp-json\/wp\/v2\/comments?post=9304"}],"wp:featuredmedia":[{"embeddable":true,"href":"https:\/\/wiejskieprzysmaki.estima.site\/en\/wp-json\/wp\/v2\/media\/9305"}],"wp:attachment":[{"href":"https:\/\/wiejskieprzysmaki.estima.site\/en\/wp-json\/wp\/v2\/media?parent=9304"}],"wp:term":[{"taxonomy":"product_brand","embeddable":true,"href":"https:\/\/wiejskieprzysmaki.estima.site\/en\/wp-json\/wp\/v2\/product_brand?post=9304"},{"taxonomy":"product_cat","embeddable":true,"href":"https:\/\/wiejskieprzysmaki.estima.site\/en\/wp-json\/wp\/v2\/product_cat?post=9304"},{"taxonomy":"product_tag","embeddable":true,"href":"https:\/\/wiejskieprzysmaki.estima.site\/en\/wp-json\/wp\/v2\/product_tag?post=9304"}],"curies":[{"name":"wp","href":"https:\/\/api.w.org\/{rel}","templated":true}]}}