{"id":931,"date":"2025-02-18T10:33:01","date_gmt":"2025-02-18T09:33:01","guid":{"rendered":"https:\/\/wiejskieprzysmaki.estima.site\/produkt\/quinoa-biala-komosa-ryzowa-bezglutenowa-bio-500-g-bio-planet\/"},"modified":"2025-02-18T10:33:12","modified_gmt":"2025-02-18T09:33:12","slug":"quinoa-biala-komosa-ryzowa-bezglutenowa-bio-500-g-bio-planet","status":"publish","type":"product","link":"https:\/\/wiejskieprzysmaki.estima.site\/en\/product\/quinoa-biala-komosa-ryzowa-bezglutenowa-bio-500-g-bio-planet\/","title":{"rendered":"QUINOA BIA\u0141A (KOMOSA RY\u017bOWA) BEZGLUTENOWA BIO 500 g &#8211; BIO PLANET"},"content":{"rendered":"<p>SK\u0141ADNIKI<br \/>ekologiczna quinoa bia\u0142a (komosa ry\u017cowa) 100 %. <\/p>\n<p>OPIS<br \/>Ekologiczna quinoa bia\u0142a, znana r\u00f3wnie\u017c jako komosa ry\u017cowa. Z powodzeniem zast\u0119puje tradycyjne kasze lub makarony. Doskonale sprawdza si\u0119 jako sk\u0142adnik zup oraz dodatek do warzyw, sos\u00f3w, wypiek\u00f3w, a tak\u017ce deser\u00f3w.<\/p>\n<p>SPOS\u00d3B PRZYGOTOWANIA<br \/>ziarno quinoa przep\u0142uka\u0107 na sicie, nast\u0119pnie gotowa\u0107 w proporcji 1:2 (1 porcja quinoa na 2 porcje wody) ok. 15 min. Posoli\u0107 pod koniec gotowania.<\/p>\n<p>WARTO\u015a\u0106 OD\u017bYWCZA W 100 g<br \/>Warto\u015b\u0107 energetyczna \t1546 kJ\/367 kcal<br \/>T\u0142uszcz \t6,5 g<br \/>w tym kwasy t\u0142uszczowe nasycone \t0,8 g<br \/>W\u0119glowodany \t60 g<br \/>w tym cukry \t6,8 g<br \/>B\u0142onnik \t7,2 g<br \/>Bia\u0142ko \t14 g<br \/>S\u00f3l \t0,09 g<\/p>\n<p>ZALECANE WARUNKI PRZECHOWYWANIA<br \/>Przechowywa\u0107 w suchym i ch\u0142odnym miejscu.<\/p>","protected":false},"excerpt":{"rendered":"<p>SK\u0141ADNIKIekologiczna quinoa bia\u0142a (komosa ry\u017cowa) 100 %. OPISEkologiczna quinoa bia\u0142a, znana r\u00f3wnie\u017c jako komosa ry\u017cowa. Z powodzeniem zast\u0119puje tradycyjne kasze lub makarony. Doskonale sprawdza si\u0119 jako sk\u0142adnik zup oraz dodatek do warzyw, sos\u00f3w, wypiek\u00f3w, a tak\u017ce deser\u00f3w. SPOS\u00d3B PRZYGOTOWANIAziarno quinoa przep\u0142uka\u0107 na sicie, nast\u0119pnie gotowa\u0107 w proporcji 1:2 (1 porcja quinoa na 2 porcje wody) [&hellip;]<\/p>","protected":false},"featured_media":505,"comment_status":"closed","ping_status":"open","template":"","meta":{"_acf_changed":false},"product_brand":[],"product_cat":[151],"product_tag":[],"class_list":{"0":"post-931","1":"product","2":"type-product","3":"status-publish","4":"has-post-thumbnail","6":"product_cat-nasiona-i-ziarna","7":"pa_ean-matka-565","8":"pa_gwarancja-przydatnosci-301","9":"pa_ilosc-w-opakowaniu-298","10":"pa_jednostka-podstawowa-szt","11":"pa_kod-cn-1008-50-00","12":"pa_kraj-pochodzenia-skladnikow-peru","13":"pa_masa-netto-347","14":"pa_objetosc-brutto-221","15":"pa_producent-bio-planet-seria-niebieska-ryze-kasze-ziarna","16":"pa_producent-nazwa-adres-bio-planet-s-a-wilkowa-wies-7-05-084-leszno","17":"pa_tagi-bez-cukru-w-skladnikach","18":"pa_tagi-bez-glutenu-deklaracja","19":"pa_tagi-bez-glutenu-w-skladnikach","20":"pa_tagi-certyfikat-bio","21":"pa_tagi-weganski","22":"pa_tagi-wegetarianski","24":"first","25":"instock","26":"taxable","27":"shipping-taxable","28":"purchasable","29":"product-type-simple"},"acf":[],"_links":{"self":[{"href":"https:\/\/wiejskieprzysmaki.estima.site\/en\/wp-json\/wp\/v2\/product\/931","targetHints":{"allow":["GET"]}}],"collection":[{"href":"https:\/\/wiejskieprzysmaki.estima.site\/en\/wp-json\/wp\/v2\/product"}],"about":[{"href":"https:\/\/wiejskieprzysmaki.estima.site\/en\/wp-json\/wp\/v2\/types\/product"}],"replies":[{"embeddable":true,"href":"https:\/\/wiejskieprzysmaki.estima.site\/en\/wp-json\/wp\/v2\/comments?post=931"}],"wp:featuredmedia":[{"embeddable":true,"href":"https:\/\/wiejskieprzysmaki.estima.site\/en\/wp-json\/wp\/v2\/media\/505"}],"wp:attachment":[{"href":"https:\/\/wiejskieprzysmaki.estima.site\/en\/wp-json\/wp\/v2\/media?parent=931"}],"wp:term":[{"taxonomy":"product_brand","embeddable":true,"href":"https:\/\/wiejskieprzysmaki.estima.site\/en\/wp-json\/wp\/v2\/product_brand?post=931"},{"taxonomy":"product_cat","embeddable":true,"href":"https:\/\/wiejskieprzysmaki.estima.site\/en\/wp-json\/wp\/v2\/product_cat?post=931"},{"taxonomy":"product_tag","embeddable":true,"href":"https:\/\/wiejskieprzysmaki.estima.site\/en\/wp-json\/wp\/v2\/product_tag?post=931"}],"curies":[{"name":"wp","href":"https:\/\/api.w.org\/{rel}","templated":true}]}}