{"id":933,"date":"2025-02-18T10:33:01","date_gmt":"2025-02-18T09:33:01","guid":{"rendered":"https:\/\/wiejskieprzysmaki.estima.site\/produkt\/herbata-zielona-matcha-bio-100-g-bio-planet\/"},"modified":"2025-02-18T10:33:12","modified_gmt":"2025-02-18T09:33:12","slug":"herbata-zielona-matcha-bio-100-g-bio-planet","status":"publish","type":"product","link":"https:\/\/wiejskieprzysmaki.estima.site\/en\/product\/herbata-zielona-matcha-bio-100-g-bio-planet\/","title":{"rendered":"HERBATA ZIELONA MATCHA BIO 100 g &#8211; BIO PLANET"},"content":{"rendered":"<p>SK\u0141ADNIKI<br \/>ekologiczna herbata zielona Matcha w proszku 100 %.<\/p>\n<p>OPIS<br \/>Ekologiczna Matcha to sproszkowana zielona herbata. Proces przygotowywania herbaty to prawdziwa ceremonia, do\u015bwiadczenie dla zmys\u0142\u00f3w. Dzi\u0119ki walorom smakowym, Matcha wykorzystywana jest r\u00f3wnie\u017c jako dodatek do wypiek\u00f3w, lod\u00f3w, koktajli.<\/p>\n<p>SPOS\u00d3B PRZYGOTOWANIA<br \/>1 ma\u0142\u0105, p\u0142ask\u0105 \u0142y\u017ceczk\u0119 herbaty (ok. 2,5 g) zala\u0107 250 ml gor\u0105cej, ale nie wrz\u0105cej wody (ok. 70-80 st. C), wymiesza\u0107 szybkimi ruchami do rozpuszczenia proszku i pojawienia si\u0119 pianki. Aby przygotowa\u0107 match\u0119 w tradycyjny spos\u00f3b, nale\u017cy bambusow\u0105 \u0142y\u017ceczk\u0105 wsypa\u0107 porcj\u0119 herbaty do podgrzanej uprzednio miseczki, zala\u0107 gor\u0105c\u0105, lecz nie wrz\u0105c\u0105 wod\u0105, a nast\u0119pnie roztrzepa\u0107 specjaln\u0105 bambusow\u0105 miote\u0142k\u0105. Ten ostatni krok sprawia, \u017ce nap\u00f3j ma g\u0142adk\u0105, jedwabist\u0105 konsystencj\u0119.<\/p>\n<p>ZALECANE WARUNKI PRZECHOWYWANIA<br \/>Przechowywa\u0107 w suchym i ch\u0142odnym miejscu.<\/p>","protected":false},"excerpt":{"rendered":"<p>SK\u0141ADNIKIekologiczna herbata zielona Matcha w proszku 100 %. OPISEkologiczna Matcha to sproszkowana zielona herbata. Proces przygotowywania herbaty to prawdziwa ceremonia, do\u015bwiadczenie dla zmys\u0142\u00f3w. Dzi\u0119ki walorom smakowym, Matcha wykorzystywana jest r\u00f3wnie\u017c jako dodatek do wypiek\u00f3w, lod\u00f3w, koktajli. SPOS\u00d3B PRZYGOTOWANIA1 ma\u0142\u0105, p\u0142ask\u0105 \u0142y\u017ceczk\u0119 herbaty (ok. 2,5 g) zala\u0107 250 ml gor\u0105cej, ale nie wrz\u0105cej wody (ok. 70-80 [&hellip;]<\/p>","protected":false},"featured_media":934,"comment_status":"closed","ping_status":"open","template":"","meta":{"_acf_changed":false},"product_brand":[],"product_cat":[282,950],"product_tag":[],"class_list":{"0":"post-933","1":"product","2":"type-product","3":"status-publish","4":"has-post-thumbnail","6":"product_cat-herbaty-i-ziola","7":"product_cat-zielone-w-tym-z-dodatkami","8":"pa_ean-matka-949","9":"pa_ean-matka-948","10":"pa_gwarancja-przydatnosci-522","11":"pa_ilosc-w-opakowaniu-298","12":"pa_jednostka-podstawowa-szt","13":"pa_kod-cn-0902-10-00","14":"pa_kraj-pochodzenia-skladnikow-chiny","15":"pa_masa-netto-242","16":"pa_objetosc-brutto-778","17":"pa_producent-bio-planet-seria-superfoods","18":"pa_producent-nazwa-adres-bio-planet-s-a-wilkowa-wies-7-05-084-leszno","19":"pa_tagi-bez-cukru-w-skladnikach","20":"pa_tagi-bez-glutenu-w-skladnikach","21":"pa_tagi-certyfikat-bio","22":"pa_tagi-weganski","23":"pa_tagi-wegetarianski","25":"first","26":"instock","27":"taxable","28":"shipping-taxable","29":"purchasable","30":"product-type-simple"},"acf":[],"_links":{"self":[{"href":"https:\/\/wiejskieprzysmaki.estima.site\/en\/wp-json\/wp\/v2\/product\/933","targetHints":{"allow":["GET"]}}],"collection":[{"href":"https:\/\/wiejskieprzysmaki.estima.site\/en\/wp-json\/wp\/v2\/product"}],"about":[{"href":"https:\/\/wiejskieprzysmaki.estima.site\/en\/wp-json\/wp\/v2\/types\/product"}],"replies":[{"embeddable":true,"href":"https:\/\/wiejskieprzysmaki.estima.site\/en\/wp-json\/wp\/v2\/comments?post=933"}],"wp:featuredmedia":[{"embeddable":true,"href":"https:\/\/wiejskieprzysmaki.estima.site\/en\/wp-json\/wp\/v2\/media\/934"}],"wp:attachment":[{"href":"https:\/\/wiejskieprzysmaki.estima.site\/en\/wp-json\/wp\/v2\/media?parent=933"}],"wp:term":[{"taxonomy":"product_brand","embeddable":true,"href":"https:\/\/wiejskieprzysmaki.estima.site\/en\/wp-json\/wp\/v2\/product_brand?post=933"},{"taxonomy":"product_cat","embeddable":true,"href":"https:\/\/wiejskieprzysmaki.estima.site\/en\/wp-json\/wp\/v2\/product_cat?post=933"},{"taxonomy":"product_tag","embeddable":true,"href":"https:\/\/wiejskieprzysmaki.estima.site\/en\/wp-json\/wp\/v2\/product_tag?post=933"}],"curies":[{"name":"wp","href":"https:\/\/api.w.org\/{rel}","templated":true}]}}