{"id":9355,"date":"2025-02-18T12:05:05","date_gmt":"2025-02-18T11:05:05","guid":{"rendered":"https:\/\/wiejskieprzysmaki.estima.site\/produkt\/chipsy-ziemniaczane-o-smaku-czarnej-trufli-bio-100-g-trafo\/"},"modified":"2025-02-18T12:05:05","modified_gmt":"2025-02-18T11:05:05","slug":"chipsy-ziemniaczane-o-smaku-czarnej-trufli-bio-100-g-trafo","status":"publish","type":"product","link":"https:\/\/wiejskieprzysmaki.estima.site\/en\/product\/chipsy-ziemniaczane-o-smaku-czarnej-trufli-bio-100-g-trafo\/","title":{"rendered":"CHIPSY ZIEMNIACZANE O SMAKU CZARNEJ TRUFLI BIO 100 g &#8211; TRAFO"},"content":{"rendered":"<p>SK\u0141ADNIKI<br \/>ziemniaki*, olej s\u0142onecznikowy* (32 %), naturalny aromat truflowy (3,27 %), s\u00f3l (1,7 %), trufla letnia* (Tuber Aestivum) (0,03 %). (*certyfikowany sk\u0142adnik ekologiczny)<\/p>\n<p>OPIS<br \/>Najwy\u017cszej jako\u015bci plastry ziemniak\u00f3w delikatnie pieczone w oleju s\u0142onecznikowym, doprawione trufl\u0105 letni\u0105. <br \/>Z\u0142ocistobr\u0105zowa, chrupi\u0105ca przek\u0105ska jest r\u00f3wnie\u017c idealna do maczania w sosach lub jako przek\u0105ska z r\u00f3\u017cnymi dodatkami.<br \/>Pokruszone chipsy mo\u017cesz wykorzysta\u0107 jako alternatyw\u0119 grzanek do sa\u0142atek lub kremowych zup.<br \/>Pakowano w atmosferze ochronnej.<\/p>\n<p>WARTO\u015a\u0106 OD\u017bYWCZA W 100 g  <br \/>Warto\u015b\u0107 energetyczna &#8211; 2181 kJ\/521 kcal  <br \/>T\u0142uszcz &#8211; 32 g  <br \/>w tym kwasy t\u0142uszczowe nasycone &#8211; 3,5 g  <br \/>W\u0119glowodany &#8211; 49 g  <br \/>w tym cukry &#8211; 1,0 g  <br \/>B\u0142onnik &#8211; 5,3 g  <br \/>Bia\u0142ko &#8211; 7,5 g  <br \/>S\u00f3l &#8211; 1,7 g<\/p>\n<p>ZALECANE WARUNKI PRZECHOWYWANIA<br \/>Przechowywa\u0107 w suchym miejscu. Po otwarciu spo\u017cy\u0107 w ci\u0105gu kilku dni. <\/p>","protected":false},"excerpt":{"rendered":"<p>SK\u0141ADNIKIziemniaki*, olej s\u0142onecznikowy* (32 %), naturalny aromat truflowy (3,27 %), s\u00f3l (1,7 %), trufla letnia* (Tuber Aestivum) (0,03 %). (*certyfikowany sk\u0142adnik ekologiczny) OPISNajwy\u017cszej jako\u015bci plastry ziemniak\u00f3w delikatnie pieczone w oleju s\u0142onecznikowym, doprawione trufl\u0105 letni\u0105. Z\u0142ocistobr\u0105zowa, chrupi\u0105ca przek\u0105ska jest r\u00f3wnie\u017c idealna do maczania w sosach lub jako przek\u0105ska z r\u00f3\u017cnymi dodatkami.Pokruszone chipsy mo\u017cesz wykorzysta\u0107 jako alternatyw\u0119 [&hellip;]<\/p>","protected":false},"featured_media":9356,"comment_status":"closed","ping_status":"open","template":"","meta":{"_acf_changed":false},"product_brand":[],"product_cat":[422,139],"product_tag":[],"class_list":{"0":"post-9355","1":"product","2":"type-product","3":"status-publish","4":"has-post-thumbnail","6":"product_cat-chipsy-chrupki-popcorn","7":"product_cat-slodycze-i-przekaski","8":"pa_ean-matka-7148","9":"pa_gwarancja-przydatnosci-535","10":"pa_ilosc-w-opakowaniu-374","11":"pa_jednostka-podstawowa-szt","12":"pa_kod-cn-2005-20-20","13":"pa_kraj-pochodzenia-skladnikow-turcja","14":"pa_masa-netto-242","15":"pa_objetosc-brutto-4259","16":"pa_producent-trafo-chipsy-warzywne-i-ziemniaczne","17":"pa_producent-nazwa-adres-fz-organic-food-trafo-oppers-58-8471-zm-wolvega","18":"pa_tagi-bez-cukru-w-skladnikach","19":"pa_tagi-bez-glutenu-w-skladnikach","20":"pa_tagi-certyfikat-bio","21":"pa_tagi-weganski","22":"pa_tagi-wegetarianski","24":"first","25":"instock","26":"taxable","27":"shipping-taxable","28":"purchasable","29":"product-type-simple"},"acf":[],"_links":{"self":[{"href":"https:\/\/wiejskieprzysmaki.estima.site\/en\/wp-json\/wp\/v2\/product\/9355","targetHints":{"allow":["GET"]}}],"collection":[{"href":"https:\/\/wiejskieprzysmaki.estima.site\/en\/wp-json\/wp\/v2\/product"}],"about":[{"href":"https:\/\/wiejskieprzysmaki.estima.site\/en\/wp-json\/wp\/v2\/types\/product"}],"replies":[{"embeddable":true,"href":"https:\/\/wiejskieprzysmaki.estima.site\/en\/wp-json\/wp\/v2\/comments?post=9355"}],"wp:featuredmedia":[{"embeddable":true,"href":"https:\/\/wiejskieprzysmaki.estima.site\/en\/wp-json\/wp\/v2\/media\/9356"}],"wp:attachment":[{"href":"https:\/\/wiejskieprzysmaki.estima.site\/en\/wp-json\/wp\/v2\/media?parent=9355"}],"wp:term":[{"taxonomy":"product_brand","embeddable":true,"href":"https:\/\/wiejskieprzysmaki.estima.site\/en\/wp-json\/wp\/v2\/product_brand?post=9355"},{"taxonomy":"product_cat","embeddable":true,"href":"https:\/\/wiejskieprzysmaki.estima.site\/en\/wp-json\/wp\/v2\/product_cat?post=9355"},{"taxonomy":"product_tag","embeddable":true,"href":"https:\/\/wiejskieprzysmaki.estima.site\/en\/wp-json\/wp\/v2\/product_tag?post=9355"}],"curies":[{"name":"wp","href":"https:\/\/api.w.org\/{rel}","templated":true}]}}