{"id":9363,"date":"2025-02-18T12:05:05","date_gmt":"2025-02-18T11:05:05","guid":{"rendered":"https:\/\/wiejskieprzysmaki.estima.site\/produkt\/makaron-proteinowy-z-soczewicy-czerwonej-swiderki-250-g-novelle\/"},"modified":"2025-02-18T12:05:14","modified_gmt":"2025-02-18T11:05:14","slug":"makaron-proteinowy-z-soczewicy-czerwonej-swiderki-250-g-novelle","status":"publish","type":"product","link":"https:\/\/wiejskieprzysmaki.estima.site\/en\/product\/makaron-proteinowy-z-soczewicy-czerwonej-swiderki-250-g-novelle\/","title":{"rendered":"MAKARON PROTEINOWY (Z SOCZEWICY CZERWONEJ) \u015aWIDERKI 250 g &#8211; NOVELLE"},"content":{"rendered":"<p>SK\u0141ADNIKI<br \/>m\u0105ka z soczewicy czerwonej.<\/p>\n<p>OPIS<br \/>Makaron Novelle z czerwonej soczewicy jest wytwarzany w 100 % z m\u0105ki z czerwonej soczewicy. Jest zdrow\u0105 alternatyw\u0105 dla tradycyjnych makaron\u00f3w wytwarzanych z m\u0105ki pszennej, jest mniej kaloryczny i dostarcza wielu cennych sk\u0142adnik\u00f3w. <br \/>Zalety Makaronu Novelle z czerwonej soczewicy:<br \/>&#8211; Zdrowy, dzi\u0119ki zawarto\u015bci miedzi, kt\u00f3ra wp\u0142ywa na prawid\u0142owe funkcjonowanie uk\u0142adu odporno\u015bciowego i pomaga chroni\u0107 kom\u00f3rki przed stresem oksydacyjnym <br \/>&#8211; Fit, dzi\u0119ki wysokiej zawarto\u015bci bia\u0142ka, kt\u00f3re przyczynia si\u0119 do wzrostu i utrzymania masy mi\u0119\u015bniowej<br \/>&#8211; Wygodny, przygotowuje si\u0119 go znacznie szybciej i \u0142atwiej ni\u017c warzywo z kt\u00f3rego pochodzi<br \/>&#8211; \u015awietnie sprawdzi si\u0119 w r\u00f3\u017cnego rodzaju daniach, takich jak sa\u0142atki czy zapiekanki. <\/p>\n<p>Spo\u017cywaj 0,5 porcji (50 g ugotowanego makaronu) dziennie w ramach zr\u00f3\u017cnicowanej diety i aktywnego trybu \u017cycia. <br \/>Opakowanie zawiera 5 porcji produktu po ugotowaniu. 50 g makaronu przed ugotowaniem stanowi 100 g makaronu po ugotowaniu.<\/p>\n<p>SPOS\u00d3B PRZYGOTOWANIA<br \/>1. Zagotowa\u0107 wod\u0119 w proporcji 1 litr wody na 100 g makaronu. <br \/>2. Do gotuj\u0105cej wody wrzuca\u0107 stopniowo makaron, nie przerywaj\u0105c wrzenia.<br \/>3. Gotowa\u0107 5 minut na s\u0142abym ogniu, od czasu do czasu mieszaj\u0105c. <br \/>4. Po ugotowaniu makaron odcedzi\u0107 i podawa\u0107.<\/p>\n<p>WARTO\u015a\u0106 OD\u017bYWCZA w 100 g po ugotowaniu <br \/>Warto\u015b\u0107 energetyczna: 577 kJ\/137 kcal<br \/>T\u0142uszcz: 0,7 g<br \/>w tym kwasy t\u0142uszczowe nasycone: 0,2 g<br \/>W\u0119glowodany: 20 g<br \/>w tym cukry: 1,2 g<br \/>B\u0142onnik: 4,3 g<br \/>Bia\u0142ko: 10 g<br \/>S\u00f3l: <0,01 g<br \/>\u017belazo: 2,37 mg (17 %)*<br \/>Mied\u017a: 0,33 mg (33 %)*<br \/>Mangan: 0,53 mg (27 %)*<\/p>\n<p>* &#8211; dzienne referencyjne warto\u015bci spo\u017cycia sk\u0142adnik\u00f3w mineralnych (dla osoby doros\u0142ej)<\/p>\n<p>INFORMACJA ALERGENNA<br \/>Produkt mo\u017ce zawiera\u0107 GLUTEN (pszenica, \u017cyto) oraz jaja.<\/p>\n<p>ZALECANE WARUNKI PRZECHOWYWANIA<br \/>Przechowywa\u0107 w suchym i przewiewnym miejscu. Chroni\u0107 przed bezpo\u015brednim dzia\u0142aniem promieni s\u0142onecznych.<\/p>","protected":false},"excerpt":{"rendered":"<p>SK\u0141ADNIKIm\u0105ka z soczewicy czerwonej. OPISMakaron Novelle z czerwonej soczewicy jest wytwarzany w 100 % z m\u0105ki z czerwonej soczewicy. Jest zdrow\u0105 alternatyw\u0105 dla tradycyjnych makaron\u00f3w wytwarzanych z m\u0105ki pszennej, jest mniej kaloryczny i dostarcza wielu cennych sk\u0142adnik\u00f3w. Zalety Makaronu Novelle z czerwonej soczewicy:&#8211; Zdrowy, dzi\u0119ki zawarto\u015bci miedzi, kt\u00f3ra wp\u0142ywa na prawid\u0142owe funkcjonowanie uk\u0142adu odporno\u015bciowego i [&hellip;]<\/p>","protected":false},"featured_media":9364,"comment_status":"closed","ping_status":"open","template":"","meta":{"_acf_changed":false},"product_brand":[],"product_cat":[1163,1162],"product_tag":[],"class_list":{"0":"post-9363","1":"product","2":"type-product","3":"status-publish","4":"has-post-thumbnail","6":"product_cat-bezglutenowe","7":"product_cat-makarony","8":"pa_ean-matka-7155","9":"pa_gwarancja-przydatnosci-522","10":"pa_ilosc-w-opakowaniu-374","11":"pa_jednostka-podstawowa-szt","12":"pa_kod-cn-1902-30-10","13":"pa_masa-netto-480","14":"pa_objetosc-brutto-513","15":"pa_producent-novelle-makarony-tortellini","16":"pa_producent-nazwa-adres-wyprodukowano-we-wloszech-na-zlecenie-mp-trade-sp-z-o-o-ul-dwernickiego-5-21-450-stoczek-lukowski","17":"pa_tagi-bez-cukru-w-skladnikach","18":"pa_tagi-bez-glutenu-w-skladnikach","19":"pa_tagi-weganski","20":"pa_tagi-wegetarianski","22":"first","23":"instock","24":"taxable","25":"shipping-taxable","26":"purchasable","27":"product-type-simple"},"acf":[],"_links":{"self":[{"href":"https:\/\/wiejskieprzysmaki.estima.site\/en\/wp-json\/wp\/v2\/product\/9363","targetHints":{"allow":["GET"]}}],"collection":[{"href":"https:\/\/wiejskieprzysmaki.estima.site\/en\/wp-json\/wp\/v2\/product"}],"about":[{"href":"https:\/\/wiejskieprzysmaki.estima.site\/en\/wp-json\/wp\/v2\/types\/product"}],"replies":[{"embeddable":true,"href":"https:\/\/wiejskieprzysmaki.estima.site\/en\/wp-json\/wp\/v2\/comments?post=9363"}],"wp:featuredmedia":[{"embeddable":true,"href":"https:\/\/wiejskieprzysmaki.estima.site\/en\/wp-json\/wp\/v2\/media\/9364"}],"wp:attachment":[{"href":"https:\/\/wiejskieprzysmaki.estima.site\/en\/wp-json\/wp\/v2\/media?parent=9363"}],"wp:term":[{"taxonomy":"product_brand","embeddable":true,"href":"https:\/\/wiejskieprzysmaki.estima.site\/en\/wp-json\/wp\/v2\/product_brand?post=9363"},{"taxonomy":"product_cat","embeddable":true,"href":"https:\/\/wiejskieprzysmaki.estima.site\/en\/wp-json\/wp\/v2\/product_cat?post=9363"},{"taxonomy":"product_tag","embeddable":true,"href":"https:\/\/wiejskieprzysmaki.estima.site\/en\/wp-json\/wp\/v2\/product_tag?post=9363"}],"curies":[{"name":"wp","href":"https:\/\/api.w.org\/{rel}","templated":true}]}}