{"id":9365,"date":"2025-02-18T12:05:05","date_gmt":"2025-02-18T11:05:05","guid":{"rendered":"https:\/\/wiejskieprzysmaki.estima.site\/produkt\/makaron-proteinowy-z-groszku-zielonego-swiderki-250-g-novelle\/"},"modified":"2025-02-18T12:05:16","modified_gmt":"2025-02-18T11:05:16","slug":"makaron-proteinowy-z-groszku-zielonego-swiderki-250-g-novelle","status":"publish","type":"product","link":"https:\/\/wiejskieprzysmaki.estima.site\/en\/product\/makaron-proteinowy-z-groszku-zielonego-swiderki-250-g-novelle\/","title":{"rendered":"MAKARON PROTEINOWY (Z GROSZKU ZIELONEGO) \u015aWIDERKI 250 g &#8211; NOVELLE"},"content":{"rendered":"<p>SK\u0141ADNIKI<br \/>m\u0105ka z zielonego groszku.<\/p>\n<p>OPIS<br \/>Makaron Novelle z zielonego groszku jest wytwarzany w 100 % z m\u0105ki z zielonego groszku. Jest zdrow\u0105 alternatyw\u0105 dla tradycyjnych makaron\u00f3w wytwarzanych z m\u0105ki pszennej, jest mniej kaloryczny i dostarcza wielu cennych sk\u0142adnik\u00f3w. <br \/>Zalety Makaronu Novelle z zielonego groszku:<br \/>&#8211; Zdrowy, dzi\u0119ki zawarto\u015bci fosforu, kt\u00f3ry pomaga w utrzymaniu zdrowych ko\u015bci i z\u0119b\u00f3w<br \/>&#8211; Fit, dzi\u0119ki wysokiej zawarto\u015bci bia\u0142ka, kt\u00f3re przyczynia si\u0119 do wzrostu i utrzymania masy mi\u0119\u015bniowej<br \/>&#8211; Wygodny, przygotowuje si\u0119 go znacznie szybciej i \u0142atwiej ni\u017c warzywo z kt\u00f3rego pochodzi<br \/>&#8211; \u015awietnie sprawdzi si\u0119 w r\u00f3\u017cnego rodzaju daniach, takich jak sa\u0142atki czy zapiekanki. <\/p>\n<p>Spo\u017cywaj 0,5 porcji (50 g ugotowanego makaronu) dziennie w ramach zr\u00f3\u017cnicowanej diety i aktywnego trybu \u017cycia. <br \/>Opakowanie zawiera 5 porcji produktu po ugotowaniu. 50 g makaronu przed ugotowaniem stanowi 100 g makaronu po ugotowaniu.<\/p>\n<p>SPOS\u00d3B PRZYGOTOWANIA<br \/>1. Zagotowa\u0107 wod\u0119 w proporcji 1 litr wody na 100 g makaronu. <br \/>2. Do gotuj\u0105cej wody wrzuca\u0107 stopniowo makaron, nie przerywaj\u0105c wrzenia. <br \/>3. Gotowa\u0107 4 minuty na s\u0142abym ogniu, od czasu do czasu mieszaj\u0105c. <br \/>4. Po ugotowaniu makaron odcedzi\u0107 i podawa\u0107.<\/p>\n<p>WARTO\u015a\u0106 OD\u017bYWCZA w 100 g po ugotowaniu <br \/>Warto\u015b\u0107 energetyczna: 753 kJ\/178 kcal<br \/>T\u0142uszcz: 0,8 g<br \/>w tym kwasy t\u0142uszczowe nasycone: 0,2 g<br \/>W\u0119glowodany: 28 g<br \/>w tym cukry: 2,2 g<br \/>B\u0142onnik: 7,1 g<br \/>Bia\u0142ko: 11 g<br \/>S\u00f3l: <0,01 g<br \/>Fosfor: 239 mg (34 %)*<\/p>\n<p>* &#8211; dzienna referencyjna warto\u015b\u0107 spo\u017cycia fosforu (dla osoby doros\u0142ej)<\/p>\n<p>INFORMACJA ALERGENNA<br \/>Produkt mo\u017ce zawiera\u0107 GLUTEN (pszenica, \u017cyto) oraz jaja.<\/p>\n<p>ZALECANE WARUNKI PRZECHOWYWANIA<br \/>Przechowywa\u0107 w suchym i przewiewnym miejscu. Chroni\u0107 przed bezpo\u015brednim dzia\u0142aniem promieni s\u0142onecznych.<\/p>","protected":false},"excerpt":{"rendered":"<p>SK\u0141ADNIKIm\u0105ka z zielonego groszku. OPISMakaron Novelle z zielonego groszku jest wytwarzany w 100 % z m\u0105ki z zielonego groszku. Jest zdrow\u0105 alternatyw\u0105 dla tradycyjnych makaron\u00f3w wytwarzanych z m\u0105ki pszennej, jest mniej kaloryczny i dostarcza wielu cennych sk\u0142adnik\u00f3w. Zalety Makaronu Novelle z zielonego groszku:&#8211; Zdrowy, dzi\u0119ki zawarto\u015bci fosforu, kt\u00f3ry pomaga w utrzymaniu zdrowych ko\u015bci i z\u0119b\u00f3w&#8211; [&hellip;]<\/p>","protected":false},"featured_media":9366,"comment_status":"closed","ping_status":"open","template":"","meta":{"_acf_changed":false},"product_brand":[],"product_cat":[1163,1162],"product_tag":[],"class_list":{"0":"post-9365","1":"product","2":"type-product","3":"status-publish","4":"has-post-thumbnail","6":"product_cat-bezglutenowe","7":"product_cat-makarony","8":"pa_ean-matka-7156","9":"pa_gwarancja-przydatnosci-522","10":"pa_ilosc-w-opakowaniu-374","11":"pa_jednostka-podstawowa-szt","12":"pa_kod-cn-1902-30-10","13":"pa_masa-netto-480","14":"pa_objetosc-brutto-513","15":"pa_producent-novelle-makarony-tortellini","16":"pa_producent-nazwa-adres-wyprodukowano-we-wloszech-na-zlecenie-mp-trade-sp-z-o-o-ul-dwernickiego-5-21-450-stoczek-lukowski","17":"pa_tagi-bez-cukru-w-skladnikach","18":"pa_tagi-bez-glutenu-w-skladnikach","19":"pa_tagi-weganski","20":"pa_tagi-wegetarianski","22":"first","23":"instock","24":"taxable","25":"shipping-taxable","26":"purchasable","27":"product-type-simple"},"acf":[],"_links":{"self":[{"href":"https:\/\/wiejskieprzysmaki.estima.site\/en\/wp-json\/wp\/v2\/product\/9365","targetHints":{"allow":["GET"]}}],"collection":[{"href":"https:\/\/wiejskieprzysmaki.estima.site\/en\/wp-json\/wp\/v2\/product"}],"about":[{"href":"https:\/\/wiejskieprzysmaki.estima.site\/en\/wp-json\/wp\/v2\/types\/product"}],"replies":[{"embeddable":true,"href":"https:\/\/wiejskieprzysmaki.estima.site\/en\/wp-json\/wp\/v2\/comments?post=9365"}],"wp:featuredmedia":[{"embeddable":true,"href":"https:\/\/wiejskieprzysmaki.estima.site\/en\/wp-json\/wp\/v2\/media\/9366"}],"wp:attachment":[{"href":"https:\/\/wiejskieprzysmaki.estima.site\/en\/wp-json\/wp\/v2\/media?parent=9365"}],"wp:term":[{"taxonomy":"product_brand","embeddable":true,"href":"https:\/\/wiejskieprzysmaki.estima.site\/en\/wp-json\/wp\/v2\/product_brand?post=9365"},{"taxonomy":"product_cat","embeddable":true,"href":"https:\/\/wiejskieprzysmaki.estima.site\/en\/wp-json\/wp\/v2\/product_cat?post=9365"},{"taxonomy":"product_tag","embeddable":true,"href":"https:\/\/wiejskieprzysmaki.estima.site\/en\/wp-json\/wp\/v2\/product_tag?post=9365"}],"curies":[{"name":"wp","href":"https:\/\/api.w.org\/{rel}","templated":true}]}}