{"id":9367,"date":"2025-02-18T12:05:05","date_gmt":"2025-02-18T11:05:05","guid":{"rendered":"https:\/\/wiejskieprzysmaki.estima.site\/produkt\/makaron-semolinowy-razowy-penne-400-g-novelle\/"},"modified":"2025-02-18T12:05:18","modified_gmt":"2025-02-18T11:05:18","slug":"makaron-semolinowy-razowy-penne-400-g-novelle","status":"publish","type":"product","link":"https:\/\/wiejskieprzysmaki.estima.site\/en\/product\/makaron-semolinowy-razowy-penne-400-g-novelle\/","title":{"rendered":"MAKARON (SEMOLINOWY RAZOWY) PENNE 400 g &#8211; NOVELLE"},"content":{"rendered":"<p>SK\u0141ADNIKI<br \/>M\u0105ka pe\u0142noziarnista z PSZENICY twardej (Triticum durum), m\u0105ka PSZENNA pe\u0142noziarnista.<\/p>\n<p>OPIS<br \/>Novelle Makaron Razowy Pi\u00f3ra z m\u0105ki z pe\u0142nego przemia\u0142u to doskona\u0142e urozmaicenie codziennej diety dzi\u0119ki zawarto\u015bci cennego dla organizmu b\u0142onnika pokarmowego i sk\u0142adnik\u00f3w mineralnych takich jak fosfor i mangan. <br \/>Im mniejszy jest stopie\u0144 przemia\u0142u ziarna, zawieraj\u0105cego w swych zewn\u0119trznych cz\u0119\u015bciach cenne sk\u0142adniki od\u017cywcze, tym wi\u0119ksza jest warto\u015b\u0107 \u017cywieniowa produkt\u00f3w zbo\u017cowych.<br \/>Makarony Novelle Razowe, dzi\u0119ki przygotowaniu z m\u0105k z pe\u0142nego przemia\u0142u odznaczaj\u0105 si\u0119 wy\u017csz\u0105 zawarto\u015bci\u0105 witamin, sk\u0142adnik\u00f3w mineralnych i b\u0142onnika pokarmowego.<br \/>Opakowanie zawiera 4 porcje produktu po ugotowaniu. 100 g makaronu przed ugotowaniem stanowi 200 g makaronu po ugotowaniu.<\/p>\n<p>SPOS\u00d3B PRZYGOTOWANIA<br \/>1. Zagotowa\u0107 wod\u0119 w proporcji 1 litr wody na 100 g makaronu. <br \/>2. Do gotuj\u0105cej wody wrzuca\u0107 stopniowo makaron, nie przerywaj\u0105c wrzenia. <br \/>3. Gotowa\u0107 10 minut na s\u0142abym ogniu, od czasu do czasu mieszaj\u0105c. <br \/>4. Po ugotowaniu makaron odcedzi\u0107, sp\u0142uka\u0107 wod\u0105 i podawa\u0107.\t<\/p>\n<p>WARTO\u015a\u0106 OD\u017bYWCZA w 100 g po ugotowaniu <br \/>Warto\u015b\u0107 energetyczna: 661 kJ\/156 kcal<br \/>T\u0142uszcz: 1,2 g<br \/>w tym kwasy t\u0142uszczowe nasycone: 0,3 g<br \/>W\u0119glowodany: 28 g<br \/>w tym cukry: 0,8 g<br \/>B\u0142onnik: 3,3 g<br \/>Bia\u0142ko: 6,9 g<br \/>S\u00f3l: &lt;0,01 g<br \/>Fosfor: 118 mg (17 %)*<br \/>Mangan: 1,39 mg (70 %)*<\/p>\n<p>* &#8211; dzienne referencyjne warto\u015bci spo\u017cycia sk\u0142adnik\u00f3w mineralnych (dla osoby doros\u0142ej)<\/p>\n<p>INFORMACJA ALERGENNA<br \/>Produkt mo\u017ce zawiera\u0107 jaja.<\/p>\n<p>ZALECANE WARUNKI PRZECHOWYWANIA<br \/>Przechowywa\u0107 w suchym, przewiewnym i zacienionym miejscu.<\/p>","protected":false},"excerpt":{"rendered":"<p>SK\u0141ADNIKIM\u0105ka pe\u0142noziarnista z PSZENICY twardej (Triticum durum), m\u0105ka PSZENNA pe\u0142noziarnista. OPISNovelle Makaron Razowy Pi\u00f3ra z m\u0105ki z pe\u0142nego przemia\u0142u to doskona\u0142e urozmaicenie codziennej diety dzi\u0119ki zawarto\u015bci cennego dla organizmu b\u0142onnika pokarmowego i sk\u0142adnik\u00f3w mineralnych takich jak fosfor i mangan. Im mniejszy jest stopie\u0144 przemia\u0142u ziarna, zawieraj\u0105cego w swych zewn\u0119trznych cz\u0119\u015bciach cenne sk\u0142adniki od\u017cywcze, tym wi\u0119ksza [&hellip;]<\/p>","protected":false},"featured_media":9368,"comment_status":"closed","ping_status":"open","template":"","meta":{"_acf_changed":false},"product_brand":[],"product_cat":[1162,1246],"product_tag":[],"class_list":{"0":"post-9367","1":"product","2":"type-product","3":"status-publish","4":"has-post-thumbnail","6":"product_cat-makarony","7":"product_cat-zbozowe-z-glutenem","8":"pa_ean-matka-7157","9":"pa_ilosc-w-opakowaniu-674","10":"pa_jednostka-podstawowa-szt","11":"pa_kod-cn-1902-19-90","12":"pa_masa-netto-268","13":"pa_objetosc-brutto-3243","14":"pa_producent-novelle-makarony-tortellini","15":"pa_producent-nazwa-adres-wyprodukowano-we-wloszech-na-zlecenie-mp-trade-sp-z-o-o-ul-dwernickiego-5-21-450-stoczek-lukowski","16":"pa_tagi-bez-cukru-w-skladnikach","17":"pa_tagi-weganski","18":"pa_tagi-wegetarianski","20":"first","21":"instock","22":"taxable","23":"shipping-taxable","24":"purchasable","25":"product-type-simple"},"acf":[],"_links":{"self":[{"href":"https:\/\/wiejskieprzysmaki.estima.site\/en\/wp-json\/wp\/v2\/product\/9367","targetHints":{"allow":["GET"]}}],"collection":[{"href":"https:\/\/wiejskieprzysmaki.estima.site\/en\/wp-json\/wp\/v2\/product"}],"about":[{"href":"https:\/\/wiejskieprzysmaki.estima.site\/en\/wp-json\/wp\/v2\/types\/product"}],"replies":[{"embeddable":true,"href":"https:\/\/wiejskieprzysmaki.estima.site\/en\/wp-json\/wp\/v2\/comments?post=9367"}],"wp:featuredmedia":[{"embeddable":true,"href":"https:\/\/wiejskieprzysmaki.estima.site\/en\/wp-json\/wp\/v2\/media\/9368"}],"wp:attachment":[{"href":"https:\/\/wiejskieprzysmaki.estima.site\/en\/wp-json\/wp\/v2\/media?parent=9367"}],"wp:term":[{"taxonomy":"product_brand","embeddable":true,"href":"https:\/\/wiejskieprzysmaki.estima.site\/en\/wp-json\/wp\/v2\/product_brand?post=9367"},{"taxonomy":"product_cat","embeddable":true,"href":"https:\/\/wiejskieprzysmaki.estima.site\/en\/wp-json\/wp\/v2\/product_cat?post=9367"},{"taxonomy":"product_tag","embeddable":true,"href":"https:\/\/wiejskieprzysmaki.estima.site\/en\/wp-json\/wp\/v2\/product_tag?post=9367"}],"curies":[{"name":"wp","href":"https:\/\/api.w.org\/{rel}","templated":true}]}}