{"id":9377,"date":"2025-02-18T12:05:22","date_gmt":"2025-02-18T11:05:22","guid":{"rendered":"https:\/\/wiejskieprzysmaki.estima.site\/produkt\/grzybek-scoby-starter-do-kombuchy-bio-150-g-delikatna\/"},"modified":"2025-02-18T12:05:23","modified_gmt":"2025-02-18T11:05:23","slug":"grzybek-scoby-starter-do-kombuchy-bio-150-g-delikatna","status":"publish","type":"product","link":"https:\/\/wiejskieprzysmaki.estima.site\/en\/product\/grzybek-scoby-starter-do-kombuchy-bio-150-g-delikatna\/","title":{"rendered":"GRZYBEK SCOBY STARTER DO KOMBUCHY BIO 150 g &#8211; DELIKATNA"},"content":{"rendered":"<p>SK\u0141ADNIKI<br \/>symbiotyczna kultura bakterii (Acetobacter, Gluconobacter) i dro\u017cd\u017cy (Saccharomyces, Saccharomycodes, Schizosaccharomyces, Zygosaccharomyces, Dekkera, Candida, Torulospora, Koleckera, Pichia, Mycotorula i Mycoderma) z ekologicznej kombuchy 100 %.<\/p>\n<p>OPIS<br \/> Ekologiczny grzybek scoby. Starter do kombuchy. Produkt niepasteryzowany.<\/p>\n<p>SPOS\u00d3B U\u017bYCIA<br \/>Ca\u0142\u0105 zawarto\u015b\u0107 s\u0142oiczka dodaj do 3 l zimnej os\u0142odzonej herbaty i trzymaj w ciep\u0142ym miejscu przez 7 dni. <br \/>Po tym czasie kombucha jest gotowa -przechowuj j\u0105 w lod\u00f3wce. Zbierz grzybek i wykorzystaj do kolejnej kombuchy.<\/p>\n<p>WARTO\u015a\u0106 OD\u017bYWCZA W 100 g<br \/>Warto\u015b\u0107 energetyczna: 18 kJ \/4 kcal<br \/>T\u0142uszcz: <0,1 g<br \/>w tym kwasy nasycone: 0 g<br \/>W\u0119glowodany: <0,5 g<br \/>w tym cukry: <0,5 g<br \/>Bia\u0142ko: 0 g<br \/>S\u00f3l: 0 g<\/p>\n<p>INFORMACJA ALERGENNA<br \/>Produkt mo\u017ce zawiera\u0107: SOJ\u0118, gorczyc\u0119.       <\/p>\n<p>ZALECANE WARUNKI PRZECHOWYWANIA<br \/>Przechowywa\u0107 w  temperaturze od +2\u00b0C do +8\u00b0C.<\/p>","protected":false},"excerpt":{"rendered":"<p>SK\u0141ADNIKIsymbiotyczna kultura bakterii (Acetobacter, Gluconobacter) i dro\u017cd\u017cy (Saccharomyces, Saccharomycodes, Schizosaccharomyces, Zygosaccharomyces, Dekkera, Candida, Torulospora, Koleckera, Pichia, Mycotorula i Mycoderma) z ekologicznej kombuchy 100 %. OPIS Ekologiczny grzybek scoby. Starter do kombuchy. Produkt niepasteryzowany. SPOS\u00d3B U\u017bYCIACa\u0142\u0105 zawarto\u015b\u0107 s\u0142oiczka dodaj do 3 l zimnej os\u0142odzonej herbaty i trzymaj w ciep\u0142ym miejscu przez 7 dni. Po tym czasie [&hellip;]<\/p>","protected":false},"featured_media":9378,"comment_status":"closed","ping_status":"open","template":"","meta":{"_acf_changed":false},"product_brand":[],"product_cat":[274,2664],"product_tag":[],"class_list":{"0":"post-9377","1":"product","2":"type-product","3":"status-publish","4":"has-post-thumbnail","6":"product_cat-lodowka-inne","7":"product_cat-zywe-kultury-bakterii-drozdze","8":"pa_ean-matka-7163","9":"pa_gwarancja-przydatnosci-324","10":"pa_ilosc-w-opakowaniu-298","11":"pa_jednostka-podstawowa-szt","12":"pa_kod-cn-2102-10-39","13":"pa_kraj-pochodzenia-skladnikow-polska","14":"pa_masa-netto-197","15":"pa_objetosc-brutto-433","16":"pa_producent-delikatna-kombucha-kimchi-zakwas","17":"pa_producent-nazwa-adres-bacillus-sp-z-o-o-zaklad-produkcyjny-ul-stryjska-24-81-506-gdynia","18":"pa_tagi-bez-cukru-w-skladnikach","19":"pa_tagi-bez-glutenu-w-skladnikach","20":"pa_tagi-certyfikat-bio","21":"pa_tagi-weganski","22":"pa_tagi-wegetarianski","24":"first","25":"instock","26":"taxable","27":"shipping-taxable","28":"purchasable","29":"product-type-simple"},"acf":[],"_links":{"self":[{"href":"https:\/\/wiejskieprzysmaki.estima.site\/en\/wp-json\/wp\/v2\/product\/9377","targetHints":{"allow":["GET"]}}],"collection":[{"href":"https:\/\/wiejskieprzysmaki.estima.site\/en\/wp-json\/wp\/v2\/product"}],"about":[{"href":"https:\/\/wiejskieprzysmaki.estima.site\/en\/wp-json\/wp\/v2\/types\/product"}],"replies":[{"embeddable":true,"href":"https:\/\/wiejskieprzysmaki.estima.site\/en\/wp-json\/wp\/v2\/comments?post=9377"}],"wp:featuredmedia":[{"embeddable":true,"href":"https:\/\/wiejskieprzysmaki.estima.site\/en\/wp-json\/wp\/v2\/media\/9378"}],"wp:attachment":[{"href":"https:\/\/wiejskieprzysmaki.estima.site\/en\/wp-json\/wp\/v2\/media?parent=9377"}],"wp:term":[{"taxonomy":"product_brand","embeddable":true,"href":"https:\/\/wiejskieprzysmaki.estima.site\/en\/wp-json\/wp\/v2\/product_brand?post=9377"},{"taxonomy":"product_cat","embeddable":true,"href":"https:\/\/wiejskieprzysmaki.estima.site\/en\/wp-json\/wp\/v2\/product_cat?post=9377"},{"taxonomy":"product_tag","embeddable":true,"href":"https:\/\/wiejskieprzysmaki.estima.site\/en\/wp-json\/wp\/v2\/product_tag?post=9377"}],"curies":[{"name":"wp","href":"https:\/\/api.w.org\/{rel}","templated":true}]}}