{"id":9385,"date":"2025-02-18T12:05:22","date_gmt":"2025-02-18T11:05:22","guid":{"rendered":"https:\/\/wiejskieprzysmaki.estima.site\/produkt\/dla-psa-przysmak-dentystyczny-paleczki-roslinne-bio-7-szt-180-g-yarrah\/"},"modified":"2025-02-20T15:09:04","modified_gmt":"2025-02-20T14:09:04","slug":"dla-psa-przysmak-dentystyczny-paleczki-roslinne-bio-7-szt-180-g-yarrah","status":"publish","type":"product","link":"https:\/\/wiejskieprzysmaki.estima.site\/en\/product\/dla-psa-przysmak-dentystyczny-paleczki-roslinne-bio-7-szt-180-g-yarrah\/","title":{"rendered":"(DLA PSA) PRZYSMAK DENTYSTYCZNY &#8211; PA\u0141ECZKI RO\u015aLINNE BIO (7 szt.) 180 g &#8211; YARRAH"},"content":{"rendered":"<p>SK\u0141ADNIKI<br \/>zbo\u017ca* (kukurydza* i PSZENICA* w zmiennych proporcjach), warzywa*, produkty pochodzenia ro\u015blinnego*, oleje i t\u0142uszcze*, glony. (* certyfikowany sk\u0142adnik ekologiczny)<\/p>\n<p>OPIS<br \/>Karma uzupe\u0142niaj\u0105ca dla psa. <br \/>Podaruj swojemu psu pyszn\u0105 przek\u0105sk\u0119 i zdrowe z\u0119by! <br \/>Dbanie o zdrowie jamy ustnej jest bardzo wa\u017cne. Profilaktyka od najm\u0142odszych lat pozwoli uchroni\u0107 Twojego zwierzaka przed nieprzyjemnymi chorobami zwi\u0105zanymi z uz\u0119bieniem.<br \/>Produkt uzupe\u0142niaj\u0105cy codzienn\u0105 diet\u0119 ps\u00f3w powy\u017cej 3. miesi\u0105ca \u017cycia. Jego unikalny kszta\u0142t X oraz specjalna powierzchnia \u015bcierna pozwala ograniczy\u0107 przyrastanie p\u0142ytki i kamienia naz\u0119bnego.<br \/>Stosowana codziennie pomaga dba\u0107 o dzi\u0105s\u0142a, a tak\u017ce zapewnia Twojemu pupilowi doskona\u0142e oczyszczenie z\u0119b\u00f3w.<\/p>\n<p>SK\u0141ADNIKI ANALITYCZNE<br \/>wilgotno\u015b\u0107 &#8211; 24 %<br \/>bia\u0142ko surowe &#8211; 10 %<br \/>t\u0142uszcz surowy &#8211; 4,0 %<br \/>popi\u00f3\u0142 surowy &#8211; 2,0 %<br \/>w\u0142\u00f3kno surowe &#8211; 2,5 %<br \/>warto\u015b\u0107 energetyczna &#8211; 306 kcal ME\/100 g<\/p>\n<p>ZALECANE DZIENNE KARMIENIE<br \/>Ma\u0142y pies o masie 10 &#8211; 20 kg &#8211; 1 &#8211; 2 sztuki<br \/>Du\u017cy pies o masie powy\u017cej 20 kg &#8211; 1 &#8211; 3 sztuki<\/p>\n<p>UWAGA<br \/>Podawa\u0107 jako przek\u0105sk\u0119 mi\u0119dzy posi\u0142kami. Zapewni\u0107 zwierz\u0119ciu sta\u0142y dost\u0119p do \u015bwie\u017cej wody pitnej.<\/p>\n<p>ZALECANE WARUNKI PRZECHOWYWANIA<br \/>Przechowywa\u0107 w suchym i ch\u0142odnym miejscu.<\/p>","protected":false},"excerpt":{"rendered":"<p>SK\u0141ADNIKIzbo\u017ca* (kukurydza* i PSZENICA* w zmiennych proporcjach), warzywa*, produkty pochodzenia ro\u015blinnego*, oleje i t\u0142uszcze*, glony. (* certyfikowany sk\u0142adnik ekologiczny) OPISKarma uzupe\u0142niaj\u0105ca dla psa. Podaruj swojemu psu pyszn\u0105 przek\u0105sk\u0119 i zdrowe z\u0119by! Dbanie o zdrowie jamy ustnej jest bardzo wa\u017cne. Profilaktyka od najm\u0142odszych lat pozwoli uchroni\u0107 Twojego zwierzaka przed nieprzyjemnymi chorobami zwi\u0105zanymi z uz\u0119bieniem.Produkt uzupe\u0142niaj\u0105cy codzienn\u0105 [&hellip;]<\/p>","protected":false},"featured_media":9386,"comment_status":"closed","ping_status":"open","template":"","meta":{"_acf_changed":false},"product_brand":[],"product_cat":[9054],"product_tag":[],"class_list":{"0":"post-9385","1":"product","2":"type-product","3":"status-publish","4":"has-post-thumbnail","6":"product_cat-karma-dla-zwierzat","7":"pa_ean-matka-7171","8":"pa_gwarancja-przydatnosci-320","9":"pa_ilosc-w-opakowaniu-374","10":"pa_jednostka-podstawowa-szt","11":"pa_kod-cn-2309-10-51","12":"pa_masa-netto-432","13":"pa_objetosc-brutto-5742","14":"pa_producent-yarrah-karma-dla-kotow-i-psow","15":"pa_producent-nazwa-adres-premium-petfood-brands-b-v-putterweg-5-ermelo-postal-p-o-box-1214-nl-3840-be-harderwijk-the-netherlands","16":"pa_tagi-bez-cukru-w-skladnikach","17":"pa_tagi-certyfikat-bio","18":"pa_tagi-weganski","19":"pa_tagi-wegetarianski","21":"first","22":"instock","23":"taxable","24":"shipping-taxable","25":"purchasable","26":"product-type-simple"},"acf":[],"_links":{"self":[{"href":"https:\/\/wiejskieprzysmaki.estima.site\/en\/wp-json\/wp\/v2\/product\/9385","targetHints":{"allow":["GET"]}}],"collection":[{"href":"https:\/\/wiejskieprzysmaki.estima.site\/en\/wp-json\/wp\/v2\/product"}],"about":[{"href":"https:\/\/wiejskieprzysmaki.estima.site\/en\/wp-json\/wp\/v2\/types\/product"}],"replies":[{"embeddable":true,"href":"https:\/\/wiejskieprzysmaki.estima.site\/en\/wp-json\/wp\/v2\/comments?post=9385"}],"wp:featuredmedia":[{"embeddable":true,"href":"https:\/\/wiejskieprzysmaki.estima.site\/en\/wp-json\/wp\/v2\/media\/9386"}],"wp:attachment":[{"href":"https:\/\/wiejskieprzysmaki.estima.site\/en\/wp-json\/wp\/v2\/media?parent=9385"}],"wp:term":[{"taxonomy":"product_brand","embeddable":true,"href":"https:\/\/wiejskieprzysmaki.estima.site\/en\/wp-json\/wp\/v2\/product_brand?post=9385"},{"taxonomy":"product_cat","embeddable":true,"href":"https:\/\/wiejskieprzysmaki.estima.site\/en\/wp-json\/wp\/v2\/product_cat?post=9385"},{"taxonomy":"product_tag","embeddable":true,"href":"https:\/\/wiejskieprzysmaki.estima.site\/en\/wp-json\/wp\/v2\/product_tag?post=9385"}],"curies":[{"name":"wp","href":"https:\/\/api.w.org\/{rel}","templated":true}]}}