{"id":9387,"date":"2025-02-18T12:05:22","date_gmt":"2025-02-18T11:05:22","guid":{"rendered":"https:\/\/wiejskieprzysmaki.estima.site\/produkt\/napoj-migdalowy-bez-cukru-bezglutenowy-bio-1-l-berief\/"},"modified":"2025-02-18T12:05:32","modified_gmt":"2025-02-18T11:05:32","slug":"napoj-migdalowy-bez-cukru-bezglutenowy-bio-1-l-berief","status":"publish","type":"product","link":"https:\/\/wiejskieprzysmaki.estima.site\/en\/product\/napoj-migdalowy-bez-cukru-bezglutenowy-bio-1-l-berief\/","title":{"rendered":"NAP\u00d3J MIGDA\u0141OWY BEZ CUKRU BEZGLUTENOWY BIO 1 L &#8211; BERIEF"},"content":{"rendered":"<p>SK\u0141ADNIKI<br \/>woda, MIGDA\u0141Y* (2,3 %), s\u00f3l morska, substancja zag\u0119szczaj\u0105ca: guma guar*. (*certyfikowany sk\u0142adnik ekologiczny)\t<\/p>\n<p>OPIS<br \/>Pyszny o ka\u017cdej porze dnia, doskona\u0142y dla os\u00f3b na diecie wega\u0144skiej, jak i w przypadku nietolerancji na LAKTOZ\u0118, jako zamiennik MLEKA krowiego.<br \/>Produkt UHT. Przed ka\u017cdym u\u017cyciem wstrz\u0105sn\u0105\u0107.<\/p>\n<p>WARTO\u015a\u0106 OD\u017bYWCZA W 100 ml<br \/>Warto\u015b\u0107 energetyczna: 59 kJ\/14 kcal <br \/>T\u0142uszcz: 1,2 g  <br \/>w tym kwasy t\u0142uszczowe nasycone: 0,1 g  <br \/>W\u0119glowodany: <0,5 g  <br \/>w tym cukry: 0 g  <br \/>Bia\u0142ko: 0,5 g <br \/>S\u00f3l: 0,11 g<\/p>\n<p>ZALECANE WARUNKI PRZECHOWYWANIA  <br \/>Przechowywa\u0107 w suchym i ch\u0142odnym miejscu. Po otwarciu przechowywa\u0107 w lod\u00f3wce i spo\u017cy\u0107 w ci\u0105gu 3-4 dni.<\/p>","protected":false},"excerpt":{"rendered":"<p>SK\u0141ADNIKIwoda, MIGDA\u0141Y* (2,3 %), s\u00f3l morska, substancja zag\u0119szczaj\u0105ca: guma guar*. (*certyfikowany sk\u0142adnik ekologiczny) OPISPyszny o ka\u017cdej porze dnia, doskona\u0142y dla os\u00f3b na diecie wega\u0144skiej, jak i w przypadku nietolerancji na LAKTOZ\u0118, jako zamiennik MLEKA krowiego.Produkt UHT. Przed ka\u017cdym u\u017cyciem wstrz\u0105sn\u0105\u0107. WARTO\u015a\u0106 OD\u017bYWCZA W 100 mlWarto\u015b\u0107 energetyczna: 59 kJ\/14 kcal T\u0142uszcz: 1,2 g w tym kwasy [&hellip;]<\/p>","protected":false},"featured_media":9388,"comment_status":"closed","ping_status":"open","template":"","meta":{"_acf_changed":false},"product_brand":[],"product_cat":[134,1008],"product_tag":[],"class_list":{"0":"post-9387","1":"product","2":"type-product","3":"status-publish","4":"has-post-thumbnail","6":"product_cat-napoje","7":"product_cat-roslinne-alternatywy-mleka-i-smietany","8":"pa_ean-matka-7172","9":"pa_gwarancja-przydatnosci-324","10":"pa_ilosc-w-opakowaniu-331","11":"pa_jednostka-podstawowa-szt","12":"pa_kod-cn-2202-99-15","13":"pa_kraj-pochodzenia-skladnikow-niemcy","14":"pa_objetosc-brutto-1109","15":"pa_objetosc-netto-858","16":"pa_producent-berief-napoje-roslinne","17":"pa_producent-nazwa-adres-berief-food-gmbh-lebensweg-1-59269-beckum","18":"pa_tagi-bez-cukru-w-skladnikach","19":"pa_tagi-bez-glutenu-deklaracja","20":"pa_tagi-bez-glutenu-w-skladnikach","21":"pa_tagi-certyfikat-bio","22":"pa_tagi-weganski","23":"pa_tagi-wegetarianski","25":"first","26":"instock","27":"taxable","28":"shipping-taxable","29":"purchasable","30":"product-type-simple"},"acf":[],"_links":{"self":[{"href":"https:\/\/wiejskieprzysmaki.estima.site\/en\/wp-json\/wp\/v2\/product\/9387","targetHints":{"allow":["GET"]}}],"collection":[{"href":"https:\/\/wiejskieprzysmaki.estima.site\/en\/wp-json\/wp\/v2\/product"}],"about":[{"href":"https:\/\/wiejskieprzysmaki.estima.site\/en\/wp-json\/wp\/v2\/types\/product"}],"replies":[{"embeddable":true,"href":"https:\/\/wiejskieprzysmaki.estima.site\/en\/wp-json\/wp\/v2\/comments?post=9387"}],"wp:featuredmedia":[{"embeddable":true,"href":"https:\/\/wiejskieprzysmaki.estima.site\/en\/wp-json\/wp\/v2\/media\/9388"}],"wp:attachment":[{"href":"https:\/\/wiejskieprzysmaki.estima.site\/en\/wp-json\/wp\/v2\/media?parent=9387"}],"wp:term":[{"taxonomy":"product_brand","embeddable":true,"href":"https:\/\/wiejskieprzysmaki.estima.site\/en\/wp-json\/wp\/v2\/product_brand?post=9387"},{"taxonomy":"product_cat","embeddable":true,"href":"https:\/\/wiejskieprzysmaki.estima.site\/en\/wp-json\/wp\/v2\/product_cat?post=9387"},{"taxonomy":"product_tag","embeddable":true,"href":"https:\/\/wiejskieprzysmaki.estima.site\/en\/wp-json\/wp\/v2\/product_tag?post=9387"}],"curies":[{"name":"wp","href":"https:\/\/api.w.org\/{rel}","templated":true}]}}