{"id":9403,"date":"2025-02-18T12:05:39","date_gmt":"2025-02-18T11:05:39","guid":{"rendered":"https:\/\/wiejskieprzysmaki.estima.site\/produkt\/majonez-czosnkowy-bio-200-ml-poloniak\/"},"modified":"2025-02-18T12:05:44","modified_gmt":"2025-02-18T11:05:44","slug":"majonez-czosnkowy-bio-200-ml-poloniak","status":"publish","type":"product","link":"https:\/\/wiejskieprzysmaki.estima.site\/en\/product\/majonez-czosnkowy-bio-200-ml-poloniak\/","title":{"rendered":"MAJONEZ CZOSNKOWY BIO 200 ml &#8211; POLONIAK"},"content":{"rendered":"<p>SK\u0141ADNIKI<br \/>olej s\u0142onecznikowy*, \u017c\u00f3\u0142tko JAJA*, musztarda* (woda, GORCZYCA*, ocet zbo\u017cowy*, cukier trzcinowy*, s\u00f3l morska, przyprawy*, zio\u0142a*, przeciwutleniacz: kwas cytrynowy), czosnek* 10 %, ocet jab\u0142kowy*, sok z cytryny*, pieprz*, regulator kwasowo\u015bci: kwas cytrynowy, s\u00f3l. (*certyfikowany sk\u0142adnik ekologiczny)<\/p>\n<p>WARTO\u015a\u0106 OD\u017bYWCZA W 100 ml <br \/>Warto\u015b\u0107 energetyczna: 2584 kJ\/628 kcal  <br \/>T\u0142uszcz: 69 g  <br \/>w tym kwasy t\u0142uszczowe nasycone: 7,9 g  <br \/>W\u0119glowodany: 0,9 g  <br \/>w tym cukry: 0,8 g  <br \/>Bia\u0142ko: 1,8 g  <br \/>S\u00f3l: 1,7 g<\/p>\n<p>ZALECANE WARUNKI PRZECHOWYWANIA  <br \/>Przechowywa\u0107 w suchym i ch\u0142odnym miejscu. Po otwarciu przechowywa\u0107 w lod\u00f3wce.<\/p>","protected":false},"excerpt":{"rendered":"<p>SK\u0141ADNIKIolej s\u0142onecznikowy*, \u017c\u00f3\u0142tko JAJA*, musztarda* (woda, GORCZYCA*, ocet zbo\u017cowy*, cukier trzcinowy*, s\u00f3l morska, przyprawy*, zio\u0142a*, przeciwutleniacz: kwas cytrynowy), czosnek* 10 %, ocet jab\u0142kowy*, sok z cytryny*, pieprz*, regulator kwasowo\u015bci: kwas cytrynowy, s\u00f3l. (*certyfikowany sk\u0142adnik ekologiczny) WARTO\u015a\u0106 OD\u017bYWCZA W 100 ml Warto\u015b\u0107 energetyczna: 2584 kJ\/628 kcal T\u0142uszcz: 69 g w tym kwasy t\u0142uszczowe nasycone: 7,9 g [&hellip;]<\/p>","protected":false},"featured_media":9404,"comment_status":"closed","ping_status":"open","template":"","meta":{"_acf_changed":false},"product_brand":[],"product_cat":[1485,94],"product_tag":[],"class_list":{"0":"post-9403","1":"product","2":"type-product","3":"status-publish","4":"has-post-thumbnail","6":"product_cat-majonezy-musztardy","7":"product_cat-sosy","8":"pa_ean-matka-7185","9":"pa_gwarancja-przydatnosci-535","10":"pa_ilosc-w-opakowaniu-298","11":"pa_jednostka-podstawowa-szt","12":"pa_kod-cn-2103-90-90","13":"pa_objetosc-brutto-4760","14":"pa_objetosc-netto-436","15":"pa_producent-poloniak-produkty-vege-majonezy","16":"pa_producent-nazwa-adres-poloniak-pl-sp-z-o-o-miedniewice-120a-96-315-wiskitki","17":"pa_tagi-bez-glutenu-w-skladnikach","18":"pa_tagi-certyfikat-bio","19":"pa_tagi-wegetarianski","21":"first","22":"instock","23":"taxable","24":"shipping-taxable","25":"purchasable","26":"product-type-simple"},"acf":[],"_links":{"self":[{"href":"https:\/\/wiejskieprzysmaki.estima.site\/en\/wp-json\/wp\/v2\/product\/9403","targetHints":{"allow":["GET"]}}],"collection":[{"href":"https:\/\/wiejskieprzysmaki.estima.site\/en\/wp-json\/wp\/v2\/product"}],"about":[{"href":"https:\/\/wiejskieprzysmaki.estima.site\/en\/wp-json\/wp\/v2\/types\/product"}],"replies":[{"embeddable":true,"href":"https:\/\/wiejskieprzysmaki.estima.site\/en\/wp-json\/wp\/v2\/comments?post=9403"}],"wp:featuredmedia":[{"embeddable":true,"href":"https:\/\/wiejskieprzysmaki.estima.site\/en\/wp-json\/wp\/v2\/media\/9404"}],"wp:attachment":[{"href":"https:\/\/wiejskieprzysmaki.estima.site\/en\/wp-json\/wp\/v2\/media?parent=9403"}],"wp:term":[{"taxonomy":"product_brand","embeddable":true,"href":"https:\/\/wiejskieprzysmaki.estima.site\/en\/wp-json\/wp\/v2\/product_brand?post=9403"},{"taxonomy":"product_cat","embeddable":true,"href":"https:\/\/wiejskieprzysmaki.estima.site\/en\/wp-json\/wp\/v2\/product_cat?post=9403"},{"taxonomy":"product_tag","embeddable":true,"href":"https:\/\/wiejskieprzysmaki.estima.site\/en\/wp-json\/wp\/v2\/product_tag?post=9403"}],"curies":[{"name":"wp","href":"https:\/\/api.w.org\/{rel}","templated":true}]}}