{"id":9425,"date":"2025-02-18T12:05:52","date_gmt":"2025-02-18T11:05:52","guid":{"rendered":"https:\/\/wiejskieprzysmaki.estima.site\/produkt\/witamina-b-complex-bezglutenowa-90-kapsulek-biowen\/"},"modified":"2025-02-20T15:11:55","modified_gmt":"2025-02-20T14:11:55","slug":"witamina-b-complex-bezglutenowa-90-kapsulek-biowen","status":"publish","type":"product","link":"https:\/\/wiejskieprzysmaki.estima.site\/en\/product\/witamina-b-complex-bezglutenowa-90-kapsulek-biowen\/","title":{"rendered":"WITAMINA B COMPLEX+ BEZGLUTENOWA 90 KAPSU\u0141EK &#8211; BIOWEN"},"content":{"rendered":"<p>SK\u0141ADNIKI <br \/>Betaina bezwodna (Trimetyloglicyna TMG), Cholina (Vita Choline\u00ae), witamina B1 (Tiamina), witamina B2 (Ryboflawina), witamina B3 (Niacyna) &#8211; kwas nikotynowy, amid kwasu nikotynowego, witamina B5 &#8211; kwas pantotenowy, witamina B6 (P-5-P pirodoksalo-5-fosforan), witamina B12 (metylokobalamina fermentowana), kwas p-aminobenzoesowy(PABA), inozytol (Mio-inozytol), B9 &#8211; Metylofolian (Quatrefolic\u00ae), biotyna (D-Biotyna), nukleotydy, ekstrakt z pieprzu czarnego standaryzowany na 95 % piperyny (Bioperine\u00ae) [DER 50:1], otoczka kapsu\u0142ki: hydroksypropylometyloceluloza. <br \/>BioPerine\u00ae jest zastrze\u017conym znakiem towarowym firmy Sabinsa.<br \/>VitaCholine\u00ae jest znakiem zastrze\u017conym przez Balchem Corporation.<br \/>Quatrefolic\u00ae jest zarejestrowanym znakiem towarowym firmy Gnosis S.p.A.<\/p>\n<p>Sk\u0142adniki aktywne w porcji dziennej (1 kapsu\u0142ka)<br \/>Betaina bezwodna (Trimetyloglicyna TMG) &#8211; 100 mg<br \/>Cholina (Vitacholine\u00ae) &#8211; 70 mg<br \/>Witamina B1 (Tiamina) &#8211; 60 mg (5455 %)*<br \/>Witamina B2 (Ryboflawina) &#8211; 40 mg (2857 %)*<br \/>Witamina B3 (Niacyna) &#8211; 100 mg (625 %)*<br \/>w tym kwas nikotynowy &#8211; 16 mg<br \/>w tym amid kwasu nikotynowego &#8211; 84 mg<br \/>Witamina B5 (kwas pantotenowy) &#8211; 50 mg (833 %)*<br \/>Witamina B6 (P-5-P pirydaksalo-5-fosforan) &#8211; 18 mg (1286 %)*<br \/>Witamina B12 (metylokobalamina fermentowana) &#8211; 400 \u03bcg (16000 %)*<br \/>Kwas p-aminobenzoesowy (PABA) &#8211; 60 mg<br \/>Inozytol (Mio-inozytol) &#8211; 60 mg<br \/>Quatrefolic\u00ae &#8211; 0,4 mg<br \/>Biotyna &#8211; 150 \u03bcg (300 %)*<br \/>Nukleotydy &#8211; 30 mg<br \/>BioPerine\u00ae (ekstrakt z owoc\u00f3w pieprzu czarnego) &#8211; 1 mg<br \/>w tym 95 % piperyny &#8211; 0,95 mg<br \/>*referencyjna warto\u015b\u0107 spo\u017cycia<\/p>\n<p>OPIS<br \/>Suplement diety. <br \/>Opatentowane formu\u0142y oraz du\u017ce ilo\u015bci sk\u0142adnik\u00f3w sprawiaj\u0105, \u017ce ten kompleks witamin B ma wysok\u0105 jako\u015b\u0107. Je\u015bli szukasz dobrego suplementu z wieloma sk\u0142adnikami, to ten produkt jest stworzony w\u0142a\u015bnie dla Ciebie. <br \/>Witamina B \u2013 kiedy za\u017cywa\u0107? <br \/>&#8211; Gdy potrzebujesz wsparcia uk\u0142adu nerwowego <br \/>&#8211; Gdy chcesz wesprze\u0107 swoje samopoczucie psychiczne<br \/>&#8211; Szukasz dobrego rozwi\u0105zania dla wzmocnienia w\u0142os\u00f3w, sk\u00f3ry i paznokci<br \/>&#8211; Dbasz o to, by wzmacnia\u0107 swoj\u0105 odporno\u015b\u0107<br \/>&#8211; Szukasz suplementu pomagaj\u0105cego kontrolowa\u0107 wag\u0119!<\/p>\n<p>ZALECANE SPO\u017bYCIE I INNE UWAGI <br \/>Zalecana porcja do spo\u017cycia w ci\u0105gu dnia niezb\u0119dna do uzyskania korzystnego dzia\u0142ania: 1 kapsu\u0142ka dziennie w trakcie posi\u0142ku. <br \/>Nie nale\u017cy przekracza\u0107 zalecanej porcji do spo\u017cycia w ci\u0105gu dnia.<br \/>Suplementy diety nie mog\u0105 by\u0107 stosowane jako substytut (zamiennik) zr\u00f3\u017cnicowanej diety. <br \/>Zr\u00f3\u017cnicowany spos\u00f3b \u017cywienia oraz zdrowy tryb \u017cycia s\u0105 podstaw\u0105 prawid\u0142owego funkcjonowania organizmu. <\/p>\n<p>ZALECANE WARUNKI PRZECHOWYWANIA<br \/>Przechowywa\u0107 w spos\u00f3b niedost\u0119pny dla ma\u0142ych dzieci. Trzyma\u0107 w temperaturze pokojowej. Chroni\u0107 przed wilgoci\u0105 oraz promieniami s\u0142onecznymi.<\/p>","protected":false},"excerpt":{"rendered":"<p>SK\u0141ADNIKI Betaina bezwodna (Trimetyloglicyna TMG), Cholina (Vita Choline\u00ae), witamina B1 (Tiamina), witamina B2 (Ryboflawina), witamina B3 (Niacyna) &#8211; kwas nikotynowy, amid kwasu nikotynowego, witamina B5 &#8211; kwas pantotenowy, witamina B6 (P-5-P pirodoksalo-5-fosforan), witamina B12 (metylokobalamina fermentowana), kwas p-aminobenzoesowy(PABA), inozytol (Mio-inozytol), B9 &#8211; Metylofolian (Quatrefolic\u00ae), biotyna (D-Biotyna), nukleotydy, ekstrakt z pieprzu czarnego standaryzowany na 95 % [&hellip;]<\/p>","protected":false},"featured_media":9426,"comment_status":"closed","ping_status":"open","template":"","meta":{"_acf_changed":false},"product_brand":[],"product_cat":[1497,9057],"product_tag":[],"class_list":{"0":"post-9425","1":"product","2":"type-product","3":"status-publish","4":"has-post-thumbnail","6":"product_cat-kapsulki-tabletki","7":"product_cat-suplementy-diety","8":"pa_ean-matka-7203","9":"pa_gwarancja-przydatnosci-320","10":"pa_ilosc-w-opakowaniu-327","11":"pa_jednostka-podstawowa-szt","12":"pa_kod-cn-1302-19-70","13":"pa_masa-netto-4413","14":"pa_objetosc-brutto-4423","15":"pa_producent-biowen-suplementy-diety","16":"pa_producent-nazwa-adres-biodio-sp-z-o-o-sp-k-ul-choroszczanska-24-15-732-bialystok","17":"pa_tagi-bez-cukru-w-skladnikach","18":"pa_tagi-bez-glutenu-deklaracja","19":"pa_tagi-bez-glutenu-w-skladnikach","20":"pa_tagi-weganski","21":"pa_tagi-wegetarianski","23":"first","24":"instock","25":"taxable","26":"shipping-taxable","27":"purchasable","28":"product-type-simple"},"acf":[],"_links":{"self":[{"href":"https:\/\/wiejskieprzysmaki.estima.site\/en\/wp-json\/wp\/v2\/product\/9425","targetHints":{"allow":["GET"]}}],"collection":[{"href":"https:\/\/wiejskieprzysmaki.estima.site\/en\/wp-json\/wp\/v2\/product"}],"about":[{"href":"https:\/\/wiejskieprzysmaki.estima.site\/en\/wp-json\/wp\/v2\/types\/product"}],"replies":[{"embeddable":true,"href":"https:\/\/wiejskieprzysmaki.estima.site\/en\/wp-json\/wp\/v2\/comments?post=9425"}],"wp:featuredmedia":[{"embeddable":true,"href":"https:\/\/wiejskieprzysmaki.estima.site\/en\/wp-json\/wp\/v2\/media\/9426"}],"wp:attachment":[{"href":"https:\/\/wiejskieprzysmaki.estima.site\/en\/wp-json\/wp\/v2\/media?parent=9425"}],"wp:term":[{"taxonomy":"product_brand","embeddable":true,"href":"https:\/\/wiejskieprzysmaki.estima.site\/en\/wp-json\/wp\/v2\/product_brand?post=9425"},{"taxonomy":"product_cat","embeddable":true,"href":"https:\/\/wiejskieprzysmaki.estima.site\/en\/wp-json\/wp\/v2\/product_cat?post=9425"},{"taxonomy":"product_tag","embeddable":true,"href":"https:\/\/wiejskieprzysmaki.estima.site\/en\/wp-json\/wp\/v2\/product_tag?post=9425"}],"curies":[{"name":"wp","href":"https:\/\/api.w.org\/{rel}","templated":true}]}}