{"id":9462,"date":"2025-02-18T12:06:13","date_gmt":"2025-02-18T11:06:13","guid":{"rendered":"https:\/\/wiejskieprzysmaki.estima.site\/produkt\/bowl-orientalny-weganski-bio-220-g-lotao\/"},"modified":"2025-02-18T12:06:16","modified_gmt":"2025-02-18T11:06:16","slug":"bowl-orientalny-weganski-bio-220-g-lotao","status":"publish","type":"product","link":"https:\/\/wiejskieprzysmaki.estima.site\/en\/product\/bowl-orientalny-weganski-bio-220-g-lotao\/","title":{"rendered":"BOWL ORIENTALNY WEGA\u0143SKI BIO 220 g &#8211; LOTAO"},"content":{"rendered":"<p>SK\u0141ADNIKI<br \/>woda, p\u0142atki OWSIANE* (bezglutenowe) (24 %), nap\u00f3j kokosowy* (ekstrakt z kokosa* (60 %), woda) (20 %), ciecierzyca* (6,6 %), pra\u017cona cebula* (cebula* (88 %), olej s\u0142onecznikowy*), ananas* (3,3 %), papryka* (1,6 %), olej kokosowy*, koncentrat soku pomara\u0144czowego*, przyprawa curry* (0,66 %), chili*, s\u00f3l morska, kardamon*, trawa cytrynowa*. (*certyfikowany sk\u0142adnik ekologiczny)<\/p>\n<p>OPIS<br \/>Nie ka\u017cdy z nas ma zdolno\u015bci kulinarne, mo\u017cliwo\u015bci i czas by codziennie gotowa\u0107 sobie nowe dania i dobrze si\u0119 od\u017cywia\u0107. Czasami po prostu brakuje nam pomys\u0142\u00f3w na obiad. Na szcz\u0119\u015bcie mamy dla Ciebie pyszne dania od firmy Lotao, z pewno\u015bci\u0105 znajdziesz tu co\u015b dla siebie. <\/p>\n<p>SPOS\u00d3B PRZYGOTOWANIA<br \/>Rozetnij g\u00f3rn\u0105 cz\u0119\u015b\u0107 torebki i podgrzej j\u0105 w kuchence mikrofalowej przez 2 minuty przy mocy 750 W lub podgrzej zamkni\u0119t\u0105 torebk\u0119 w gor\u0105cej \u0142a\u017ani wodnej przez 10 minut. <br \/>Alternatywnie podgrzej zawarto\u015b\u0107 opakowania w garnku na \u015brednim ogniu. Je\u015bli to konieczne, dodaj troch\u0119 wody.<\/p>\n<p>WARTO\u015a\u0106 OD\u017bYWCZA W 100 g <br \/>Warto\u015b\u0107 energetyczna: 859 kJ\/205 kcal <br \/>T\u0142uszcz: 7,6 g<br \/>w tym kwasy t\u0142uszczowe nasycone: 5,1 g<br \/>W\u0119glowodany: 26 g<br \/>w tym cukry: 7,0 g<br \/>B\u0142onnik: 5,4 g<br \/>Bia\u0142ko: 5,8 g<br \/>S\u00f3l: 0,72 g<\/p>\n<p>ZALECANE WARUNKI PRZECHOWYWANIA<br \/>Przechowywa\u0107 w suchym miejscu, z dala od \u017ar\u00f3de\u0142 ciep\u0142a. Po otwarciu przechowywa\u0107 w lod\u00f3wce i spo\u017cy\u0107 w ci\u0105gu 3 dni<\/p>","protected":false},"excerpt":{"rendered":"<p>SK\u0141ADNIKIwoda, p\u0142atki OWSIANE* (bezglutenowe) (24 %), nap\u00f3j kokosowy* (ekstrakt z kokosa* (60 %), woda) (20 %), ciecierzyca* (6,6 %), pra\u017cona cebula* (cebula* (88 %), olej s\u0142onecznikowy*), ananas* (3,3 %), papryka* (1,6 %), olej kokosowy*, koncentrat soku pomara\u0144czowego*, przyprawa curry* (0,66 %), chili*, s\u00f3l morska, kardamon*, trawa cytrynowa*. (*certyfikowany sk\u0142adnik ekologiczny) OPISNie ka\u017cdy z nas ma [&hellip;]<\/p>","protected":false},"featured_media":9463,"comment_status":"closed","ping_status":"open","template":"","meta":{"_acf_changed":false},"product_brand":[],"product_cat":[1139],"product_tag":[],"class_list":{"0":"post-9462","1":"product","2":"type-product","3":"status-publish","4":"has-post-thumbnail","6":"product_cat-dania-gotowe","7":"pa_ean-matka-7229","8":"pa_gwarancja-przydatnosci-311","9":"pa_ilosc-w-opakowaniu-350","10":"pa_jednostka-podstawowa-szt","11":"pa_kod-cn-1904-20-99","12":"pa_masa-netto-1562","13":"pa_objetosc-brutto-7224","14":"pa_producent-lotao-dania-weganskie","15":"pa_producent-nazwa-adres-lpp-lotao-pack-und-produktions-gmbh-gubener-strasse-47-10243-berlin","16":"pa_tagi-bez-cukru-w-skladnikach","17":"pa_tagi-bez-glutenu-w-skladnikach","18":"pa_tagi-certyfikat-bio","19":"pa_tagi-weganski","20":"pa_tagi-wegetarianski","21":"pa_termin-przydatnosci-26-09-2025","23":"first","24":"instock","25":"taxable","26":"shipping-taxable","27":"purchasable","28":"product-type-simple"},"acf":[],"_links":{"self":[{"href":"https:\/\/wiejskieprzysmaki.estima.site\/en\/wp-json\/wp\/v2\/product\/9462","targetHints":{"allow":["GET"]}}],"collection":[{"href":"https:\/\/wiejskieprzysmaki.estima.site\/en\/wp-json\/wp\/v2\/product"}],"about":[{"href":"https:\/\/wiejskieprzysmaki.estima.site\/en\/wp-json\/wp\/v2\/types\/product"}],"replies":[{"embeddable":true,"href":"https:\/\/wiejskieprzysmaki.estima.site\/en\/wp-json\/wp\/v2\/comments?post=9462"}],"wp:featuredmedia":[{"embeddable":true,"href":"https:\/\/wiejskieprzysmaki.estima.site\/en\/wp-json\/wp\/v2\/media\/9463"}],"wp:attachment":[{"href":"https:\/\/wiejskieprzysmaki.estima.site\/en\/wp-json\/wp\/v2\/media?parent=9462"}],"wp:term":[{"taxonomy":"product_brand","embeddable":true,"href":"https:\/\/wiejskieprzysmaki.estima.site\/en\/wp-json\/wp\/v2\/product_brand?post=9462"},{"taxonomy":"product_cat","embeddable":true,"href":"https:\/\/wiejskieprzysmaki.estima.site\/en\/wp-json\/wp\/v2\/product_cat?post=9462"},{"taxonomy":"product_tag","embeddable":true,"href":"https:\/\/wiejskieprzysmaki.estima.site\/en\/wp-json\/wp\/v2\/product_tag?post=9462"}],"curies":[{"name":"wp","href":"https:\/\/api.w.org\/{rel}","templated":true}]}}