{"id":9466,"date":"2025-02-18T12:06:13","date_gmt":"2025-02-18T11:06:13","guid":{"rendered":"https:\/\/wiejskieprzysmaki.estima.site\/produkt\/bowl-srodziemnomorski-weganski-bio-220-g-lotao\/"},"modified":"2025-02-18T12:06:18","modified_gmt":"2025-02-18T11:06:18","slug":"bowl-srodziemnomorski-weganski-bio-220-g-lotao","status":"publish","type":"product","link":"https:\/\/wiejskieprzysmaki.estima.site\/en\/product\/bowl-srodziemnomorski-weganski-bio-220-g-lotao\/","title":{"rendered":"BOWL \u015aR\u00d3DZIEMNOMORSKI WEGA\u0143SKI BIO 220 g &#8211; LOTAO"},"content":{"rendered":"<p>SK\u0141ADNIKI<br \/>woda, kasza gryczana* (30 %), suszone pomidory* (12 %), olej rzepakowy*, pra\u017cona cebula* (cebula*, olej s\u0142onecznikowy*), s\u00f3l morska, oregano*. (*certyfikowany sk\u0142adnik ekologiczny)<\/p>\n<p>OPIS<br \/>Nie ka\u017cdy z nas ma zdolno\u015bci kulinarne, mo\u017cliwo\u015bci i czas by codziennie gotowa\u0107 sobie nowe dania i dobrze si\u0119 od\u017cywia\u0107. Czasami po prostu brakuje nam pomys\u0142\u00f3w na obiad. Na szcz\u0119\u015bcie mamy dla Ciebie pyszne dania od firmy Lotao, z pewno\u015bci\u0105 znajdziesz tu co\u015b dla siebie. <\/p>\n<p>SPOS\u00d3B PRZYGOTOWANIA<br \/>Rozetnij g\u00f3rn\u0105 cz\u0119\u015b\u0107 torebki i podgrzej j\u0105 w kuchence mikrofalowej przez 2 minuty przy mocy 750 W lub podgrzej zamkni\u0119t\u0105 torebk\u0119 w gor\u0105cej \u0142a\u017ani wodnej przez 10 minut. <br \/>Alternatywnie podgrzej zawarto\u015b\u0107 opakowania w garnku na \u015brednim ogniu. Je\u015bli to konieczne, dodaj troch\u0119 wody.<\/p>\n<p>WARTO\u015a\u0106 OD\u017bYWCZA W 100 g<br \/>Warto\u015b\u0107 energetyczna: 773 kJ\/184 kcal<br \/>T\u0142uszcz: 5,1 g<br \/>w tym kwasy t\u0142uszczowe nasycone: 0,6 g<br \/>W\u0119glowodany: 27 g<br \/>w tym cukry: 5,8 g<br \/>B\u0142onnik: 3,6 g<br \/>Bia\u0142ko: 5,8 g <br \/>S\u00f3l: 1,43 g<\/p>\n<p>ZALECANE WARUNKI PRZECHOWYWANIA<br \/>Przechowywa\u0107 w suchym miejscu, z dala od \u017ar\u00f3de\u0142 ciep\u0142a. Po otwarciu przechowywa\u0107 w lod\u00f3wce i spo\u017cy\u0107 w ci\u0105gu 3 dni. <\/p>","protected":false},"excerpt":{"rendered":"<p>SK\u0141ADNIKIwoda, kasza gryczana* (30 %), suszone pomidory* (12 %), olej rzepakowy*, pra\u017cona cebula* (cebula*, olej s\u0142onecznikowy*), s\u00f3l morska, oregano*. (*certyfikowany sk\u0142adnik ekologiczny) OPISNie ka\u017cdy z nas ma zdolno\u015bci kulinarne, mo\u017cliwo\u015bci i czas by codziennie gotowa\u0107 sobie nowe dania i dobrze si\u0119 od\u017cywia\u0107. Czasami po prostu brakuje nam pomys\u0142\u00f3w na obiad. Na szcz\u0119\u015bcie mamy dla Ciebie [&hellip;]<\/p>","protected":false},"featured_media":9467,"comment_status":"closed","ping_status":"open","template":"","meta":{"_acf_changed":false},"product_brand":[],"product_cat":[1139],"product_tag":[],"class_list":{"0":"post-9466","1":"product","2":"type-product","3":"status-publish","4":"has-post-thumbnail","6":"product_cat-dania-gotowe","7":"pa_ean-matka-7233","8":"pa_gwarancja-przydatnosci-311","9":"pa_ilosc-w-opakowaniu-350","10":"pa_jednostka-podstawowa-szt","11":"pa_kod-cn-1904-30-00","12":"pa_masa-netto-1562","13":"pa_objetosc-brutto-7224","14":"pa_producent-lotao-dania-weganskie","15":"pa_producent-nazwa-adres-lpp-lotao-pack-und-produktions-gmbh-gubener-strasse-47-10243-berlin","16":"pa_tagi-bez-cukru-w-skladnikach","17":"pa_tagi-bez-glutenu-w-skladnikach","18":"pa_tagi-certyfikat-bio","19":"pa_tagi-weganski","20":"pa_tagi-wegetarianski","21":"pa_termin-przydatnosci-14-01-2026","23":"first","24":"instock","25":"taxable","26":"shipping-taxable","27":"purchasable","28":"product-type-simple"},"acf":[],"_links":{"self":[{"href":"https:\/\/wiejskieprzysmaki.estima.site\/en\/wp-json\/wp\/v2\/product\/9466","targetHints":{"allow":["GET"]}}],"collection":[{"href":"https:\/\/wiejskieprzysmaki.estima.site\/en\/wp-json\/wp\/v2\/product"}],"about":[{"href":"https:\/\/wiejskieprzysmaki.estima.site\/en\/wp-json\/wp\/v2\/types\/product"}],"replies":[{"embeddable":true,"href":"https:\/\/wiejskieprzysmaki.estima.site\/en\/wp-json\/wp\/v2\/comments?post=9466"}],"wp:featuredmedia":[{"embeddable":true,"href":"https:\/\/wiejskieprzysmaki.estima.site\/en\/wp-json\/wp\/v2\/media\/9467"}],"wp:attachment":[{"href":"https:\/\/wiejskieprzysmaki.estima.site\/en\/wp-json\/wp\/v2\/media?parent=9466"}],"wp:term":[{"taxonomy":"product_brand","embeddable":true,"href":"https:\/\/wiejskieprzysmaki.estima.site\/en\/wp-json\/wp\/v2\/product_brand?post=9466"},{"taxonomy":"product_cat","embeddable":true,"href":"https:\/\/wiejskieprzysmaki.estima.site\/en\/wp-json\/wp\/v2\/product_cat?post=9466"},{"taxonomy":"product_tag","embeddable":true,"href":"https:\/\/wiejskieprzysmaki.estima.site\/en\/wp-json\/wp\/v2\/product_tag?post=9466"}],"curies":[{"name":"wp","href":"https:\/\/api.w.org\/{rel}","templated":true}]}}