{"id":9483,"date":"2025-02-18T12:06:25","date_gmt":"2025-02-18T11:06:25","guid":{"rendered":"https:\/\/wiejskieprzysmaki.estima.site\/produkt\/czekolada-gorzka-z-pomarancza-bez-dodatku-cukrow-bezglutenowa-75-g-torras-2\/"},"modified":"2025-02-18T12:06:26","modified_gmt":"2025-02-18T11:06:26","slug":"czekolada-gorzka-z-pomarancza-bez-dodatku-cukrow-bezglutenowa-75-g-torras-2","status":"publish","type":"product","link":"https:\/\/wiejskieprzysmaki.estima.site\/en\/product\/czekolada-gorzka-z-pomarancza-bez-dodatku-cukrow-bezglutenowa-75-g-torras-2\/","title":{"rendered":"CZEKOLADA GORZKA Z POMARA\u0143CZ\u0104 BEZ DODATKU CUKR\u00d3W BEZGLUTENOWA 75 g &#8211; TORRAS"},"content":{"rendered":"<p>SK\u0141ADNIKI <br \/>substancja s\u0142odz\u0105ca (maltitol), miazga kakaowa, t\u0142uszcz kakaowy, liofilizowana pomara\u0144cza (3 %), inulina, odt\u0142uszczone kakao w proszku, emulgator: lecytyny, aromaty (waniliowy i pomara\u0144czowy).<br \/>Masa kakaowa min. 52 %.<\/p>\n<p>OPIS<br \/>Bezglutenowa czekolada gorzka z pomara\u0144cz\u0105 jest doskona\u0142a jako przek\u0105ska. Po\u0142\u0105czenie gorzkiej czekolady i kwa\u015bnej pomara\u0144czy sprawia, \u017ce ka\u017cda kostka rozp\u0142ywa si\u0119 w ustach. <br \/>Zawiera substancj\u0119 s\u0142odz\u0105c\u0105. Zawiera naturalnie wyst\u0119puj\u0105ce cukry. <br \/>Spo\u017cycie w nadmiernych ilo\u015bciach mo\u017ce mie\u0107 efekt przeczyszczaj\u0105cy.<\/p>\n<p>WARTO\u015a\u0106 OD\u017bYWCZA W 100 g <br \/>Warto\u015b\u0107 energetyczna: 1920 kJ\/464 kcal <br \/>T\u0142uszcz: 33 g<br \/>w tym kwasy t\u0142uszczowe nasycone: 20 g<br \/>W\u0119glowodany: 49 g<br \/>w tym cukry: 2,0 g<br \/>w tym alkohole wielowodorotlenowe: 44 g<br \/>B\u0142onnik: 9,0 g<br \/>Bia\u0142ko: 6,0 g<br \/>S\u00f3l: 0,08 g<\/p>\n<p>INFORMACJA ALERGENNA<br \/>Mo\u017ce zawiera\u0107 ORZECHY, MLEKO, SOJ\u0118 i nasiona sezamu.<\/p>\n<p>ZALECANE WARUNKI PRZECHOWYWANIA<br \/>Przechowywa\u0107 w suchym i ch\u0142odnym miejscu.<\/p>","protected":false},"excerpt":{"rendered":"<p>SK\u0141ADNIKI substancja s\u0142odz\u0105ca (maltitol), miazga kakaowa, t\u0142uszcz kakaowy, liofilizowana pomara\u0144cza (3 %), inulina, odt\u0142uszczone kakao w proszku, emulgator: lecytyny, aromaty (waniliowy i pomara\u0144czowy).Masa kakaowa min. 52 %. OPISBezglutenowa czekolada gorzka z pomara\u0144cz\u0105 jest doskona\u0142a jako przek\u0105ska. Po\u0142\u0105czenie gorzkiej czekolady i kwa\u015bnej pomara\u0144czy sprawia, \u017ce ka\u017cda kostka rozp\u0142ywa si\u0119 w ustach. Zawiera substancj\u0119 s\u0142odz\u0105c\u0105. Zawiera naturalnie [&hellip;]<\/p>","protected":false},"featured_media":9485,"comment_status":"closed","ping_status":"open","template":"","meta":{"_acf_changed":false},"product_brand":[],"product_cat":[1187,139],"product_tag":[],"class_list":{"0":"post-9483","1":"product","2":"type-product","3":"status-publish","4":"has-post-thumbnail","6":"product_cat-czekolady-i-czekoladki","7":"product_cat-slodycze-i-przekaski","8":"pa_ean-matka-7243","9":"pa_gwarancja-przydatnosci-320","10":"pa_ilosc-w-opakowaniu-350","11":"pa_jednostka-podstawowa-szt","12":"pa_kod-cn-1806-32-10","13":"pa_masa-netto-1377","14":"pa_objetosc-brutto-5291","15":"pa_producent-torras-czekolady-bez-dodatku-cukru","16":"pa_producent-nazwa-adres-mercatare-michal-zbyszewski-skawinska-25-lok-5-31-066-krakow","17":"pa_tagi-bez-cukru-w-skladnikach","18":"pa_tagi-bez-glutenu-deklaracja","19":"pa_tagi-bez-glutenu-w-skladnikach","20":"pa_tagi-weganski","21":"pa_tagi-wegetarianski","23":"first","24":"instock","25":"taxable","26":"shipping-taxable","27":"purchasable","28":"product-type-simple"},"acf":[],"_links":{"self":[{"href":"https:\/\/wiejskieprzysmaki.estima.site\/en\/wp-json\/wp\/v2\/product\/9483","targetHints":{"allow":["GET"]}}],"collection":[{"href":"https:\/\/wiejskieprzysmaki.estima.site\/en\/wp-json\/wp\/v2\/product"}],"about":[{"href":"https:\/\/wiejskieprzysmaki.estima.site\/en\/wp-json\/wp\/v2\/types\/product"}],"replies":[{"embeddable":true,"href":"https:\/\/wiejskieprzysmaki.estima.site\/en\/wp-json\/wp\/v2\/comments?post=9483"}],"wp:featuredmedia":[{"embeddable":true,"href":"https:\/\/wiejskieprzysmaki.estima.site\/en\/wp-json\/wp\/v2\/media\/9485"}],"wp:attachment":[{"href":"https:\/\/wiejskieprzysmaki.estima.site\/en\/wp-json\/wp\/v2\/media?parent=9483"}],"wp:term":[{"taxonomy":"product_brand","embeddable":true,"href":"https:\/\/wiejskieprzysmaki.estima.site\/en\/wp-json\/wp\/v2\/product_brand?post=9483"},{"taxonomy":"product_cat","embeddable":true,"href":"https:\/\/wiejskieprzysmaki.estima.site\/en\/wp-json\/wp\/v2\/product_cat?post=9483"},{"taxonomy":"product_tag","embeddable":true,"href":"https:\/\/wiejskieprzysmaki.estima.site\/en\/wp-json\/wp\/v2\/product_tag?post=9483"}],"curies":[{"name":"wp","href":"https:\/\/api.w.org\/{rel}","templated":true}]}}