{"id":9489,"date":"2025-02-18T12:06:25","date_gmt":"2025-02-18T11:06:25","guid":{"rendered":"https:\/\/wiejskieprzysmaki.estima.site\/produkt\/olej-kokosowy-virgin-bio-1-l-batom\/"},"modified":"2025-02-18T12:06:27","modified_gmt":"2025-02-18T11:06:27","slug":"olej-kokosowy-virgin-bio-1-l-batom","status":"publish","type":"product","link":"https:\/\/wiejskieprzysmaki.estima.site\/en\/product\/olej-kokosowy-virgin-bio-1-l-batom\/","title":{"rendered":"OLEJ KOKOSOWY VIRGIN BIO 1 L &#8211; BATOM"},"content":{"rendered":"<p>SK\u0141ADNIKI<br \/>olej kokosowy*. (*certyfikowany sk\u0142adnik ekologiczny)<\/p>\n<p>OPIS<br \/>Olej kokosowy z pierwszego t\u0142oczenia, t\u0142oczony na zimno, o delikatnym zapachu kokosa. Odporny na wysokie temperatury: idealny do sma\u017cenia i pieczenia.<br \/>W kosmetyce u\u017cywany do piel\u0119gnacji w\u0142os\u00f3w i sk\u00f3ry.<\/p>\n<p>WARTO\u015a\u0106 OD\u017bYWCZA W 100 g<br \/>Warto\u015b\u0107 energetyczna: 3700 kJ\/884 kcal<br \/>T\u0142uszcz: 100 g<br \/>w tym kwasy t\u0142uszczowe nasycone: 92 g<br \/>W\u0119glowodany: 0 g<br \/>w tym cukry: 0 g<br \/>Bia\u0142ko: 0 g<br \/>S\u00f3l: 0 g<\/p>\n<p>UWAGA<br \/>W temperaturze ok. 25\u2103 olej staje si\u0119 p\u0142ynny, co nie zmienia jego w\u0142a\u015bciwo\u015bci.<\/p>\n<p>ZALECANE WARUNKI PRZECHOWYWANIA<br \/>Przechowywa\u0107 w ciemnym miejscu.<\/p>","protected":false},"excerpt":{"rendered":"<p>SK\u0141ADNIKIolej kokosowy*. (*certyfikowany sk\u0142adnik ekologiczny) OPISOlej kokosowy z pierwszego t\u0142oczenia, t\u0142oczony na zimno, o delikatnym zapachu kokosa. Odporny na wysokie temperatury: idealny do sma\u017cenia i pieczenia.W kosmetyce u\u017cywany do piel\u0119gnacji w\u0142os\u00f3w i sk\u00f3ry. WARTO\u015a\u0106 OD\u017bYWCZA W 100 gWarto\u015b\u0107 energetyczna: 3700 kJ\/884 kcalT\u0142uszcz: 100 gw tym kwasy t\u0142uszczowe nasycone: 92 gW\u0119glowodany: 0 gw tym cukry: 0 [&hellip;]<\/p>","protected":false},"featured_media":9491,"comment_status":"closed","ping_status":"open","template":"","meta":{"_acf_changed":false},"product_brand":[],"product_cat":[993,994],"product_tag":[],"class_list":{"0":"post-9489","1":"product","2":"type-product","3":"status-publish","4":"has-post-thumbnail","6":"product_cat-oleje-i-oliwy","7":"product_cat-stale-kokosowe-kakaowe-shea","8":"pa_ean-matka-7245","9":"pa_gwarancja-przydatnosci-324","10":"pa_ilosc-w-opakowaniu-298","11":"pa_jednostka-podstawowa-szt","12":"pa_kod-cn-1513-11-91","13":"pa_objetosc-brutto-1968","14":"pa_objetosc-netto-858","15":"pa_producent-batom-oleje-soki-sole-kapielowe","16":"pa_producent-nazwa-adres-batom-pl-jozef-lesniak-hurtownia-zdrowej-zywnosci-generala-augusta-fieldorfa-nila-17-31-209-krakow","17":"pa_tagi-bez-cukru-w-skladnikach","18":"pa_tagi-bez-glutenu-w-skladnikach","19":"pa_tagi-certyfikat-bio","20":"pa_tagi-weganski","21":"pa_tagi-wegetarianski","23":"first","24":"instock","25":"taxable","26":"shipping-taxable","27":"purchasable","28":"product-type-simple"},"acf":[],"_links":{"self":[{"href":"https:\/\/wiejskieprzysmaki.estima.site\/en\/wp-json\/wp\/v2\/product\/9489","targetHints":{"allow":["GET"]}}],"collection":[{"href":"https:\/\/wiejskieprzysmaki.estima.site\/en\/wp-json\/wp\/v2\/product"}],"about":[{"href":"https:\/\/wiejskieprzysmaki.estima.site\/en\/wp-json\/wp\/v2\/types\/product"}],"replies":[{"embeddable":true,"href":"https:\/\/wiejskieprzysmaki.estima.site\/en\/wp-json\/wp\/v2\/comments?post=9489"}],"wp:featuredmedia":[{"embeddable":true,"href":"https:\/\/wiejskieprzysmaki.estima.site\/en\/wp-json\/wp\/v2\/media\/9491"}],"wp:attachment":[{"href":"https:\/\/wiejskieprzysmaki.estima.site\/en\/wp-json\/wp\/v2\/media?parent=9489"}],"wp:term":[{"taxonomy":"product_brand","embeddable":true,"href":"https:\/\/wiejskieprzysmaki.estima.site\/en\/wp-json\/wp\/v2\/product_brand?post=9489"},{"taxonomy":"product_cat","embeddable":true,"href":"https:\/\/wiejskieprzysmaki.estima.site\/en\/wp-json\/wp\/v2\/product_cat?post=9489"},{"taxonomy":"product_tag","embeddable":true,"href":"https:\/\/wiejskieprzysmaki.estima.site\/en\/wp-json\/wp\/v2\/product_tag?post=9489"}],"curies":[{"name":"wp","href":"https:\/\/api.w.org\/{rel}","templated":true}]}}