{"id":9535,"date":"2025-02-18T12:06:43","date_gmt":"2025-02-18T11:06:43","guid":{"rendered":"https:\/\/wiejskieprzysmaki.estima.site\/produkt\/bulion-warzywny-bez-dodatku-cukrow-bezglutenowy-810-ml-krokus\/"},"modified":"2025-02-18T12:07:05","modified_gmt":"2025-02-18T11:07:05","slug":"bulion-warzywny-bez-dodatku-cukrow-bezglutenowy-810-ml-krokus","status":"publish","type":"product","link":"https:\/\/wiejskieprzysmaki.estima.site\/en\/product\/bulion-warzywny-bez-dodatku-cukrow-bezglutenowy-810-ml-krokus\/","title":{"rendered":"BULION WARZYWNY BEZ DODATKU CUKR\u00d3W BEZGLUTENOWY 810 ml &#8211; KROKUS"},"content":{"rendered":"<p>SK\u0141ADNIKI <br \/>woda, warzywa w zmiennych proporcjach 15 % (por, marchew, pietruszka korze\u0144, cebula, czosnek), s\u00f3l, olej rzepakowy, natka pietruszki suszona, koper, lubczyk, pieprz czarny mielony, kurkuma, ziele angielskie, li\u015b\u0107 laurowy. <\/p>\n<p>OPIS <br \/>Prawdziwy wolno gotowany wywar wed\u0142ug przepisu naszej Babci. Powstaje na bazie najlepszej jako\u015bci \u015bwie\u017cych warzyw i przypraw. Do przygotowania naszego bulionu u\u017cywamy jedynie najlepszych sk\u0142adnik\u00f3w od lokalnych dostawc\u00f3w.<br \/>Bez dodatku cukru. Zawiera naturalnie wyst\u0119puj\u0105ce cukry. Produkt sterylizowany. <\/p>\n<p>SPOS\u00d3B PRZYGOTOWANIA<br \/>Podgrzej i zjedz.<\/p>\n<p>WARTO\u015a\u0106 OD\u017bYWCZA W 100 ml<br \/>Warto\u015b\u0107 energetyczna: 83 kJ\/20 kcal <br \/>T\u0142uszcz: 0,5 g<br \/>w tym kwasy t\u0142uszczowe nasycone: 0 g<br \/>W\u0119glowodany: 3,2 g<br \/>w tym cukry: 1,6 g<br \/>Bia\u0142ko: 0,6 g<br \/>S\u00f3l: 0,85 g<\/p>\n<p>ZALECANE WARUNKI PRZECHOWYWANIA<br \/>Przechowywa\u0107 w ch\u0142odnym miejscu. Po otwarciu przechowywa\u0107 w lod\u00f3wce i zu\u017cy\u0107 w ci\u0105gu 3 dni. <\/p>","protected":false},"excerpt":{"rendered":"<p>SK\u0141ADNIKI woda, warzywa w zmiennych proporcjach 15 % (por, marchew, pietruszka korze\u0144, cebula, czosnek), s\u00f3l, olej rzepakowy, natka pietruszki suszona, koper, lubczyk, pieprz czarny mielony, kurkuma, ziele angielskie, li\u015b\u0107 laurowy. OPIS Prawdziwy wolno gotowany wywar wed\u0142ug przepisu naszej Babci. Powstaje na bazie najlepszej jako\u015bci \u015bwie\u017cych warzyw i przypraw. Do przygotowania naszego bulionu u\u017cywamy jedynie najlepszych [&hellip;]<\/p>","protected":false},"featured_media":9536,"comment_status":"closed","ping_status":"open","template":"","meta":{"_acf_changed":false},"product_brand":[],"product_cat":[1139],"product_tag":[],"class_list":{"0":"post-9535","1":"product","2":"type-product","3":"status-publish","4":"has-post-thumbnail","6":"product_cat-dania-gotowe","7":"pa_ean-matka-7278","8":"pa_gwarancja-przydatnosci-311","9":"pa_ilosc-w-opakowaniu-298","10":"pa_jednostka-podstawowa-szt","11":"pa_kod-cn-2104-10-00","12":"pa_kraj-pochodzenia-skladnikow-polska","13":"pa_objetosc-brutto-399","14":"pa_objetosc-netto-7277","15":"pa_producent-krokus-przetwory-owocowe-i-warzywne","16":"pa_producent-nazwa-adres-krokus-przetwornia-owocow-i-warzyw-czeslaw-caryk-sp-j-pajakow-25-b-26-704-przylek","17":"pa_tagi-bez-cukru-w-skladnikach","18":"pa_tagi-bez-glutenu-deklaracja","19":"pa_tagi-bez-glutenu-w-skladnikach","20":"pa_tagi-weganski","21":"pa_tagi-wegetarianski","23":"first","24":"instock","25":"taxable","26":"shipping-taxable","27":"purchasable","28":"product-type-simple"},"acf":[],"_links":{"self":[{"href":"https:\/\/wiejskieprzysmaki.estima.site\/en\/wp-json\/wp\/v2\/product\/9535","targetHints":{"allow":["GET"]}}],"collection":[{"href":"https:\/\/wiejskieprzysmaki.estima.site\/en\/wp-json\/wp\/v2\/product"}],"about":[{"href":"https:\/\/wiejskieprzysmaki.estima.site\/en\/wp-json\/wp\/v2\/types\/product"}],"replies":[{"embeddable":true,"href":"https:\/\/wiejskieprzysmaki.estima.site\/en\/wp-json\/wp\/v2\/comments?post=9535"}],"wp:featuredmedia":[{"embeddable":true,"href":"https:\/\/wiejskieprzysmaki.estima.site\/en\/wp-json\/wp\/v2\/media\/9536"}],"wp:attachment":[{"href":"https:\/\/wiejskieprzysmaki.estima.site\/en\/wp-json\/wp\/v2\/media?parent=9535"}],"wp:term":[{"taxonomy":"product_brand","embeddable":true,"href":"https:\/\/wiejskieprzysmaki.estima.site\/en\/wp-json\/wp\/v2\/product_brand?post=9535"},{"taxonomy":"product_cat","embeddable":true,"href":"https:\/\/wiejskieprzysmaki.estima.site\/en\/wp-json\/wp\/v2\/product_cat?post=9535"},{"taxonomy":"product_tag","embeddable":true,"href":"https:\/\/wiejskieprzysmaki.estima.site\/en\/wp-json\/wp\/v2\/product_tag?post=9535"}],"curies":[{"name":"wp","href":"https:\/\/api.w.org\/{rel}","templated":true}]}}