{"id":9537,"date":"2025-02-18T12:06:43","date_gmt":"2025-02-18T11:06:43","guid":{"rendered":"https:\/\/wiejskieprzysmaki.estima.site\/produkt\/mango-suszone-bio-150-g-naturavena\/"},"modified":"2025-02-18T12:07:05","modified_gmt":"2025-02-18T11:07:05","slug":"mango-suszone-bio-150-g-naturavena","status":"publish","type":"product","link":"https:\/\/wiejskieprzysmaki.estima.site\/en\/product\/mango-suszone-bio-150-g-naturavena\/","title":{"rendered":"MANGO SUSZONE BIO 150 g &#8211; NATURAVENA"},"content":{"rendered":"<p>SK\u0141ADNIKI<br \/>Ekologiczne mango suszone 100 %.<\/p>\n<p>OPIS<br \/>Ekologiczne mango suszone to owoc tropikalny, kt\u00f3ry charakteryzuje si\u0119 wyj\u0105tkowym aromatem. To zar\u00f3wno po\u017cywna przek\u0105ska, jak r\u00f3wnie\u017c \u015bwietny dodatek do r\u00f3\u017cnych potraw np. do porannej owsianki lub innych kasz, kompot\u00f3w, deser\u00f3w, sa\u0142atek, ciast, powide\u0142 oraz do nadziewania mi\u0119s.  \t<\/p>\n<p>Warto\u015b\u0107 od\u017cywcza \tw 100 g<br \/>Warto\u015b\u0107 energetyczna \t1450 kJ\/343 kcal<br \/>T\u0142uszcz \t2,1 g<br \/>w tym kwasy t\u0142uszczowe nasycone \t0,5 g<br \/>W\u0119glowodany \t72 g<br \/>w tym cukry \t72 g<br \/>B\u0142onnik \t8,6 g<br \/>Bia\u0142ko \t4,4 g<br \/>S\u00f3l \t0,07 g<\/p>\n<p>ZALECANE WARUNKI PRZECHOWYWANIA<br \/>Przechowywa\u0107 w suchym i ch\u0142odnym miejscu.\t<\/p>","protected":false},"excerpt":{"rendered":"<p>SK\u0141ADNIKIEkologiczne mango suszone 100 %. OPISEkologiczne mango suszone to owoc tropikalny, kt\u00f3ry charakteryzuje si\u0119 wyj\u0105tkowym aromatem. To zar\u00f3wno po\u017cywna przek\u0105ska, jak r\u00f3wnie\u017c \u015bwietny dodatek do r\u00f3\u017cnych potraw np. do porannej owsianki lub innych kasz, kompot\u00f3w, deser\u00f3w, sa\u0142atek, ciast, powide\u0142 oraz do nadziewania mi\u0119s. Warto\u015b\u0107 od\u017cywcza w 100 gWarto\u015b\u0107 energetyczna 1450 kJ\/343 kcalT\u0142uszcz 2,1 gw tym [&hellip;]<\/p>","protected":false},"featured_media":9538,"comment_status":"closed","ping_status":"open","template":"","meta":{"_acf_changed":false},"product_brand":[],"product_cat":[830],"product_tag":[],"class_list":{"0":"post-9537","1":"product","2":"type-product","3":"status-publish","4":"has-post-thumbnail","6":"product_cat-orzechy-i-owoce-suszone","7":"pa_ean-matka-7279","8":"pa_ean-matka-1824","9":"pa_gwarancja-przydatnosci-320","10":"pa_ilosc-w-opakowaniu-331","11":"pa_jednostka-podstawowa-szt","12":"pa_kod-cn-0804-50-00","13":"pa_kraj-pochodzenia-skladnikow-burkina-faso","14":"pa_masa-netto-197","15":"pa_objetosc-brutto-1071","16":"pa_producent-naturavena-bio","17":"pa_producent-nazwa-adres-bio-planet-s-a-wilkowa-wies-7-05-084-leszno","18":"pa_tagi-bez-cukru-w-skladnikach","19":"pa_tagi-bez-glutenu-w-skladnikach","20":"pa_tagi-certyfikat-bio","21":"pa_tagi-weganski","22":"pa_tagi-wegetarianski","24":"first","25":"instock","26":"taxable","27":"shipping-taxable","28":"purchasable","29":"product-type-simple"},"acf":[],"_links":{"self":[{"href":"https:\/\/wiejskieprzysmaki.estima.site\/en\/wp-json\/wp\/v2\/product\/9537","targetHints":{"allow":["GET"]}}],"collection":[{"href":"https:\/\/wiejskieprzysmaki.estima.site\/en\/wp-json\/wp\/v2\/product"}],"about":[{"href":"https:\/\/wiejskieprzysmaki.estima.site\/en\/wp-json\/wp\/v2\/types\/product"}],"replies":[{"embeddable":true,"href":"https:\/\/wiejskieprzysmaki.estima.site\/en\/wp-json\/wp\/v2\/comments?post=9537"}],"wp:featuredmedia":[{"embeddable":true,"href":"https:\/\/wiejskieprzysmaki.estima.site\/en\/wp-json\/wp\/v2\/media\/9538"}],"wp:attachment":[{"href":"https:\/\/wiejskieprzysmaki.estima.site\/en\/wp-json\/wp\/v2\/media?parent=9537"}],"wp:term":[{"taxonomy":"product_brand","embeddable":true,"href":"https:\/\/wiejskieprzysmaki.estima.site\/en\/wp-json\/wp\/v2\/product_brand?post=9537"},{"taxonomy":"product_cat","embeddable":true,"href":"https:\/\/wiejskieprzysmaki.estima.site\/en\/wp-json\/wp\/v2\/product_cat?post=9537"},{"taxonomy":"product_tag","embeddable":true,"href":"https:\/\/wiejskieprzysmaki.estima.site\/en\/wp-json\/wp\/v2\/product_tag?post=9537"}],"curies":[{"name":"wp","href":"https:\/\/api.w.org\/{rel}","templated":true}]}}