{"id":956,"date":"2025-02-18T10:33:20","date_gmt":"2025-02-18T09:33:20","guid":{"rendered":"https:\/\/wiejskieprzysmaki.estima.site\/produkt\/orzeszki-ziemne-bio-350-g-bio-planet\/"},"modified":"2025-02-20T15:20:40","modified_gmt":"2025-02-20T14:20:40","slug":"orzeszki-ziemne-bio-350-g-bio-planet","status":"publish","type":"product","link":"https:\/\/wiejskieprzysmaki.estima.site\/en\/product\/orzeszki-ziemne-bio-350-g-bio-planet\/","title":{"rendered":"ORZESZKI ZIEMNE BIO 350 g &#8211; BIO PLANET"},"content":{"rendered":"<p>SK\u0141ADNIKI  <br \/>ekologiczne ORZESZKI ZIEMNE 100 %.<\/p>\n<p>OPIS<br \/>Ekologiczne ORZESZKI ZIEMNE nale\u017c\u0105 do rodziny bobowatych, dzi\u0119ki czemu charakteryzuj\u0105 si\u0119 lekko cierpkim smakiem, typowym dla nasion ro\u015blin str\u0105czkowych. Dla zwi\u0119kszenia strawno\u015bci, nale\u017cy je dok\u0142adnie pogry\u017a\u0107. Po namoczeniu w wodzie (od 6 do 8 godz.) staj\u0105 si\u0119 lekkostrawne i smaczniejsze. Doskona\u0142e jako przek\u0105ska lub jako dodatek do past, sa\u0142atek, deser\u00f3w oraz ciast.\t\t\t<\/p>\n<p>WARTO\u015a\u0106 OD\u017bYWCZA W 100 g<br \/>Warto\u015b\u0107 energetyczna \t2510 kJ\/606 kcal<br \/>T\u0142uszcz \t48 g<br \/>w tym kwasy t\u0142uszczowe nasycone \t7,0 g<br \/>W\u0119glowodany \t7,5 g<br \/>w tym cukry \t1,8 g<br \/>B\u0142onnik \t12 g<br \/>Bia\u0142ko \t30 g<br \/>S\u00f3l \t0 g<\/p>\n<p>INFORMACJA ALERGENNA<br \/>Produkt mo\u017ce zawiera\u0107: ZBO\u017bA ZAWIERAJ\u0104CE GLUTEN, ORZECHY, NASIONA SEZAMU, SOJ\u0118.<\/p>\n<p>ZALECANE WARUNKI PRZECHOWYWANIA<br \/>Przechowywa\u0107 w suchym i ch\u0142odnym miejscu.<\/p>","protected":false},"excerpt":{"rendered":"<p>SK\u0141ADNIKI ekologiczne ORZESZKI ZIEMNE 100 %. OPISEkologiczne ORZESZKI ZIEMNE nale\u017c\u0105 do rodziny bobowatych, dzi\u0119ki czemu charakteryzuj\u0105 si\u0119 lekko cierpkim smakiem, typowym dla nasion ro\u015blin str\u0105czkowych. Dla zwi\u0119kszenia strawno\u015bci, nale\u017cy je dok\u0142adnie pogry\u017a\u0107. Po namoczeniu w wodzie (od 6 do 8 godz.) staj\u0105 si\u0119 lekkostrawne i smaczniejsze. Doskona\u0142e jako przek\u0105ska lub jako dodatek do past, sa\u0142atek, [&hellip;]<\/p>","protected":false},"featured_media":957,"comment_status":"closed","ping_status":"open","template":"","meta":{"_acf_changed":false},"product_brand":[],"product_cat":[830,810],"product_tag":[],"class_list":{"0":"post-956","1":"product","2":"type-product","3":"status-publish","4":"has-post-thumbnail","6":"product_cat-orzechy-i-owoce-suszone","7":"product_cat-orzechy-kasztany-wiorki-kokosowe","8":"pa_ean-matka-965","9":"pa_gwarancja-przydatnosci-542","10":"pa_ilosc-w-opakowaniu-298","11":"pa_jednostka-podstawowa-szt","12":"pa_kod-cn-1202-42-00","13":"pa_kraj-pochodzenia-skladnikow-chiny","14":"pa_masa-netto-203","15":"pa_objetosc-brutto-204","16":"pa_producent-bio-planet-seria-brazowa-orzechy-i-pestki","17":"pa_producent-nazwa-adres-bio-planet-s-a-wilkowa-wies-7-05-084-leszno","18":"pa_tagi-bez-cukru-w-skladnikach","19":"pa_tagi-bez-glutenu-w-skladnikach","20":"pa_tagi-certyfikat-bio","21":"pa_tagi-weganski","22":"pa_tagi-wegetarianski","24":"first","25":"instock","26":"taxable","27":"shipping-taxable","28":"purchasable","29":"product-type-simple"},"acf":[],"_links":{"self":[{"href":"https:\/\/wiejskieprzysmaki.estima.site\/en\/wp-json\/wp\/v2\/product\/956","targetHints":{"allow":["GET"]}}],"collection":[{"href":"https:\/\/wiejskieprzysmaki.estima.site\/en\/wp-json\/wp\/v2\/product"}],"about":[{"href":"https:\/\/wiejskieprzysmaki.estima.site\/en\/wp-json\/wp\/v2\/types\/product"}],"replies":[{"embeddable":true,"href":"https:\/\/wiejskieprzysmaki.estima.site\/en\/wp-json\/wp\/v2\/comments?post=956"}],"wp:featuredmedia":[{"embeddable":true,"href":"https:\/\/wiejskieprzysmaki.estima.site\/en\/wp-json\/wp\/v2\/media\/957"}],"wp:attachment":[{"href":"https:\/\/wiejskieprzysmaki.estima.site\/en\/wp-json\/wp\/v2\/media?parent=956"}],"wp:term":[{"taxonomy":"product_brand","embeddable":true,"href":"https:\/\/wiejskieprzysmaki.estima.site\/en\/wp-json\/wp\/v2\/product_brand?post=956"},{"taxonomy":"product_cat","embeddable":true,"href":"https:\/\/wiejskieprzysmaki.estima.site\/en\/wp-json\/wp\/v2\/product_cat?post=956"},{"taxonomy":"product_tag","embeddable":true,"href":"https:\/\/wiejskieprzysmaki.estima.site\/en\/wp-json\/wp\/v2\/product_tag?post=956"}],"curies":[{"name":"wp","href":"https:\/\/api.w.org\/{rel}","templated":true}]}}