{"id":9605,"date":"2025-02-18T12:08:08","date_gmt":"2025-02-18T11:08:08","guid":{"rendered":"https:\/\/wiejskieprzysmaki.estima.site\/produkt\/shot-immunity-control-bezglutenowy-100-ml-pharmovit-supples-go\/"},"modified":"2025-02-20T15:11:53","modified_gmt":"2025-02-20T14:11:53","slug":"shot-immunity-control-bezglutenowy-100-ml-pharmovit-supples-go","status":"publish","type":"product","link":"https:\/\/wiejskieprzysmaki.estima.site\/en\/product\/shot-immunity-control-bezglutenowy-100-ml-pharmovit-supples-go\/","title":{"rendered":"SHOT IMMUNITY CONTROL BEZGLUTENOWY 100 ml &#8211; PHARMOVIT (SUPPLES &#038; GO)"},"content":{"rendered":"<p>SK\u0141ADNIKI<br \/>Woda demineralizowana; zag\u0119szczony sok jab\u0142kowy; mix koncentrat\u00f3w i przecier\u00f3w z owoc\u00f3w tropikalnych; ekstrakt z owoc\u00f3w dzikiej r\u00f3\u017cy standaryzowany na 70 % witaminy C; substancje konserwuj\u0105ce: kwas sorbowy, kwas benzoesowy; cynk (glukonian cynku); ekstrakt z ziela je\u017c\u00f3wki purpurowej standaryzowany na 4 % polifenoli; ekstrakt z li\u015bci oliwki europejskiej standaryzowany na 20 % oleuropeiny; ekstrakt z k\u0142\u0105czy imbiru standaryzowany na 5 % gingeroli; aromat; witamina E (octan DL-alfa-tokoferylu); CaroCare\u00ae witamina A (beta-karoten); ekstrakt z korzenia ostry\u017cu d\u0142ugiego standaryzowany na 95 % kurkuminy; Selenium SeLECT\u00ae selen (l-selenometionina); ekstrakt z owoc\u00f3w gorzkiej pomara\u0144czy standaryzowany na 95 % bioflawonoid\u00f3w i 55 % hesperydyny; substancja s\u0142odz\u0105ca: glikozydy stewiolowe ze stewii; witamina (cholekalcyferol); witamina B6 (chlorowodorek pirydoksyny); witamina B2 (ryboflawina); witamina B12 (metylokobalamina).<\/p>\n<p>Sk\u0142adniki w porcji dziennej &#8211; 100 ml<br \/>Ekstrakt z owoc\u00f3w dzikiej r\u00f3\u017cy (Rosa canina) &#8211; 229 mg<br \/>\u2013 w tym witamina C &#8211; 160 mg (200 %)*<br \/>Cynk &#8211; 10 mg (100 %)*<br \/>Ekstrakt z ziela je\u017c\u00f3wki purpurowej (Echinacea purpurea) &#8211; 50 mg<br \/>\u2013 w tym polifenole &#8211; 2 mg<br \/>Ekstrakt z li\u015bci oliwki europejskiej (Olea europaea) &#8211; 50 mg<br \/>\u2013 w tym oleuropeiny &#8211; 10 mg<br \/>Ekstrakt z k\u0142\u0105czy imbiru (Zingiber officinale) &#8211; 50 mg<br \/>\u2013 w tym gingerole &#8211; 2,5 mg<br \/>Witamina E &#8211; 12 mg (100 %)*<br \/>Witamina A &#8211; 400 \u00b5g (50 %)*<br \/>Ekstrakt z korzenia ostry\u017cu d\u0142ugiego (Curcuma longa) &#8211; 20 mg<br \/>\u2013 w tym kurkumina &#8211; 19 mg<br \/>Selen &#8211; 55 \u00b5g (100 %)*<br \/>Ekstrakt z owoc\u00f3w gorzkiej pomara\u0144czy (Citrus aurantium) &#8211; 10 mg<br \/>\u2013 w tym bioflawonoidy &#8211; 9,5 mg<br \/>\u2013 w tym hesperydyna &#8211; 5,5 mg<br \/>Witamina D &#8211; 10 \u00b5g\/400 IU (200 %)*<br \/>Witamina B6 &#8211; 1,4 mg (100 %)*<br \/>Witamina B2 &#8211; 1,4 mg (100 %)*<br \/>Witamina B12 &#8211; 2,5 \u00b5g (100 %)*<\/p>\n<p>* \u2013 Referencyjne Warto\u015bci Spo\u017cycia<\/p>\n<p>OPIS<br \/>Suplement diety. Produkt zawiera substancj\u0119 s\u0142odz\u0105c\u0105<br \/>Immunity Control\u2122 to kompozycja ekstrakt\u00f3w ro\u015blinnych, witamin i minera\u0142\u00f3w wspomagaj\u0105cych prawid\u0142owe funkcjonowanie uk\u0142adu odporno\u015bciowego. <br \/>Dzika r\u00f3\u017ca przyczynia si\u0119 do naturalnej ochrony organizmu. <br \/>Witaminy C, A i D oraz cynk i imbir pomagaj\u0105 w prawid\u0142owym funkcjonowaniu uk\u0142adu odporno\u015bciowego. <br \/>Selen, witamina E pomagaj\u0105 w ochronie kom\u00f3rek przed stresem oksydacyjnym. <br \/>Witaminy B2, B6 i B12 przyczyniaj\u0105 si\u0119 do zmniejszenia uczucia znu\u017cenia i zm\u0119czenia.<\/p>\n<p>ZALECANE SPO\u017bYCIE I INNE UWAGI<br \/>Zalecana porcja produktu do spo\u017cycia w ci\u0105gu dnia niezb\u0119dna do uzyskania korzystnego dzia\u0142ania produktu: Spo\u017cywa\u0107 1 porcj\u0119 (100 ml). Spo\u017cy\u0107 bezpo\u015brednio po otwarciu. Przed ka\u017cdym u\u017cyciem wstrz\u0105sn\u0105\u0107.<br \/>Nie nale\u017cy przekracza\u0107 zalecanej porcji do spo\u017cycia w ci\u0105gu dnia. Nie stosowa\u0107 w przypadku uczulenia na kt\u00f3rykolwiek ze sk\u0142adnik\u00f3w. <br \/>Przed zastosowanie wskazane jest wykonanie badania 25 \u2013(OH)D we krwi oraz konsultacja wyniku badania z lekarzem lub farmaceut\u0105. <br \/>Nie stosowa\u0107 u dzieci, kobiet w ci\u0105\u017cy i karmi\u0105cych piersi\u0105 oraz u os\u00f3b maj\u0105cych predyspozycje do tworzenia kamieni nerkowych lub choruj\u0105cych na kamic\u0119 nerkow\u0105. <br \/>Produkt nie mo\u017ce by\u0107 stosowany jako substytut zr\u00f3\u017cnicowanej diety. Wa\u017cne jest prowadzenie zdrowego trybu \u017cycia i zr\u00f3wnowa\u017conego sposobu \u017cywienia.<\/p>\n<p>ZALECANE WARUNKI PRZECHOWYWANIA<br \/>Chroni\u0107 przed \u015bwiat\u0142em. Przechowywa\u0107 w temperaturze pokojowej, w suchym miejscu, w spos\u00f3b niedost\u0119pny dla ma\u0142ych dzieci.<\/p>","protected":false},"excerpt":{"rendered":"<p>SK\u0141ADNIKIWoda demineralizowana; zag\u0119szczony sok jab\u0142kowy; mix koncentrat\u00f3w i przecier\u00f3w z owoc\u00f3w tropikalnych; ekstrakt z owoc\u00f3w dzikiej r\u00f3\u017cy standaryzowany na 70 % witaminy C; substancje konserwuj\u0105ce: kwas sorbowy, kwas benzoesowy; cynk (glukonian cynku); ekstrakt z ziela je\u017c\u00f3wki purpurowej standaryzowany na 4 % polifenoli; ekstrakt z li\u015bci oliwki europejskiej standaryzowany na 20 % oleuropeiny; ekstrakt z k\u0142\u0105czy [&hellip;]<\/p>","protected":false},"featured_media":9606,"comment_status":"closed","ping_status":"open","template":"","meta":{"_acf_changed":false},"product_brand":[],"product_cat":[3711,9057],"product_tag":[],"class_list":{"0":"post-9605","1":"product","2":"type-product","3":"status-publish","4":"has-post-thumbnail","6":"product_cat-produkty-w-plynie","7":"product_cat-suplementy-diety","8":"pa_ean-matka-7329","9":"pa_gwarancja-przydatnosci-320","10":"pa_ilosc-w-opakowaniu-374","11":"pa_jednostka-podstawowa-szt","12":"pa_kod-cn-2202-99-19","13":"pa_objetosc-brutto-7328","14":"pa_objetosc-netto-468","15":"pa_producent-pharmovit-suplementy-diety","16":"pa_producent-nazwa-adres-pharmovit-dystrybucja-sp-z-o-o-ul-kostrogaj-9d-09-400-plock","17":"pa_tagi-bez-glutenu-deklaracja","18":"pa_tagi-bez-glutenu-w-skladnikach","19":"pa_tagi-weganski","20":"pa_tagi-wegetarianski","22":"first","23":"instock","24":"taxable","25":"shipping-taxable","26":"purchasable","27":"product-type-simple"},"acf":[],"_links":{"self":[{"href":"https:\/\/wiejskieprzysmaki.estima.site\/en\/wp-json\/wp\/v2\/product\/9605","targetHints":{"allow":["GET"]}}],"collection":[{"href":"https:\/\/wiejskieprzysmaki.estima.site\/en\/wp-json\/wp\/v2\/product"}],"about":[{"href":"https:\/\/wiejskieprzysmaki.estima.site\/en\/wp-json\/wp\/v2\/types\/product"}],"replies":[{"embeddable":true,"href":"https:\/\/wiejskieprzysmaki.estima.site\/en\/wp-json\/wp\/v2\/comments?post=9605"}],"wp:featuredmedia":[{"embeddable":true,"href":"https:\/\/wiejskieprzysmaki.estima.site\/en\/wp-json\/wp\/v2\/media\/9606"}],"wp:attachment":[{"href":"https:\/\/wiejskieprzysmaki.estima.site\/en\/wp-json\/wp\/v2\/media?parent=9605"}],"wp:term":[{"taxonomy":"product_brand","embeddable":true,"href":"https:\/\/wiejskieprzysmaki.estima.site\/en\/wp-json\/wp\/v2\/product_brand?post=9605"},{"taxonomy":"product_cat","embeddable":true,"href":"https:\/\/wiejskieprzysmaki.estima.site\/en\/wp-json\/wp\/v2\/product_cat?post=9605"},{"taxonomy":"product_tag","embeddable":true,"href":"https:\/\/wiejskieprzysmaki.estima.site\/en\/wp-json\/wp\/v2\/product_tag?post=9605"}],"curies":[{"name":"wp","href":"https:\/\/api.w.org\/{rel}","templated":true}]}}