{"id":9607,"date":"2025-02-18T12:08:08","date_gmt":"2025-02-18T11:08:08","guid":{"rendered":"https:\/\/wiejskieprzysmaki.estima.site\/produkt\/makaron-gryczany-tagliatelle-bezglutenowy-bio-250-g-pasta-natura\/"},"modified":"2025-02-18T12:08:11","modified_gmt":"2025-02-18T11:08:11","slug":"makaron-gryczany-tagliatelle-bezglutenowy-bio-250-g-pasta-natura","status":"publish","type":"product","link":"https:\/\/wiejskieprzysmaki.estima.site\/en\/product\/makaron-gryczany-tagliatelle-bezglutenowy-bio-250-g-pasta-natura\/","title":{"rendered":"MAKARON (GRYCZANY) TAGLIATELLE BEZGLUTENOWY BIO 250 g &#8211; PASTA NATURA"},"content":{"rendered":"<p>SK\u0141ADNIKI<br \/>ekologiczna m\u0105ka z gryki.<\/p>\n<p>SPOS\u00d3B PRZYGOTOWANIA<br \/>Zagotowa\u0107 1 L wody, doda\u0107 10 g soli, \u0142y\u017ck\u0119 oliwy z oliwek i makaron. Gotowa\u0107 8 &#8211; 10 minut od czasu do czasu mieszaj\u0105c. Po ugotowaniu makaron odcedzi\u0107 i doprawi\u0107 wed\u0142ug uznania.<\/p>\n<p>WARTO\u015a\u0106 OD\u017bYWCZA W 100 g<br \/>Warto\u015b\u0107 energetyczna: 1525 kJ\/360 kcal<br \/>T\u0142uszcz: 3,3 g<br \/>w tym kwasy t\u0142uszczowe nasycone: 1,3 g<br \/>W\u0119glowodany: 67 g<br \/>w tym cukry: 1,0 g<br \/>B\u0142onnik: 5,3 g<br \/>Bia\u0142ko: 13 g<br \/>S\u00f3l: 0 g<\/p>\n<p>INFORMACJA ALERGENNA<br \/>Mo\u017ce zawiera\u0107 SOJ\u0118<\/p>\n<p>ZALECANE WARUNKI PRZECHOWYWANIA<br \/>Przechowywa\u0107 w suchym i ch\u0142odnym miejscu.<\/p>","protected":false},"excerpt":{"rendered":"<p>SK\u0141ADNIKIekologiczna m\u0105ka z gryki. SPOS\u00d3B PRZYGOTOWANIAZagotowa\u0107 1 L wody, doda\u0107 10 g soli, \u0142y\u017ck\u0119 oliwy z oliwek i makaron. Gotowa\u0107 8 &#8211; 10 minut od czasu do czasu mieszaj\u0105c. Po ugotowaniu makaron odcedzi\u0107 i doprawi\u0107 wed\u0142ug uznania. WARTO\u015a\u0106 OD\u017bYWCZA W 100 gWarto\u015b\u0107 energetyczna: 1525 kJ\/360 kcalT\u0142uszcz: 3,3 gw tym kwasy t\u0142uszczowe nasycone: 1,3 gW\u0119glowodany: 67 [&hellip;]<\/p>","protected":false},"featured_media":9608,"comment_status":"closed","ping_status":"open","template":"","meta":{"_acf_changed":false},"product_brand":[],"product_cat":[1163,1162],"product_tag":[],"class_list":{"0":"post-9607","1":"product","2":"type-product","3":"status-publish","4":"has-post-thumbnail","6":"product_cat-bezglutenowe","7":"product_cat-makarony","8":"pa_ean-matka-7332","9":"pa_gwarancja-przydatnosci-301","10":"pa_ilosc-w-opakowaniu-298","11":"pa_jednostka-podstawowa-szt","12":"pa_kod-cn-1902-19-90","13":"pa_kraj-pochodzenia-skladnikow-wlochy","14":"pa_masa-netto-480","15":"pa_objetosc-brutto-7330","16":"pa_producent-pasta-natura-makarony-bezglutenowe","17":"pa_producent-nazwa-adres-pasta-natura-srl","18":"pa_tagi-bez-cukru-w-skladnikach","19":"pa_tagi-bez-glutenu-deklaracja","20":"pa_tagi-bez-glutenu-w-skladnikach","21":"pa_tagi-certyfikat-bio","22":"pa_tagi-weganski","23":"pa_tagi-wegetarianski","25":"first","26":"instock","27":"taxable","28":"shipping-taxable","29":"purchasable","30":"product-type-simple"},"acf":[],"_links":{"self":[{"href":"https:\/\/wiejskieprzysmaki.estima.site\/en\/wp-json\/wp\/v2\/product\/9607","targetHints":{"allow":["GET"]}}],"collection":[{"href":"https:\/\/wiejskieprzysmaki.estima.site\/en\/wp-json\/wp\/v2\/product"}],"about":[{"href":"https:\/\/wiejskieprzysmaki.estima.site\/en\/wp-json\/wp\/v2\/types\/product"}],"replies":[{"embeddable":true,"href":"https:\/\/wiejskieprzysmaki.estima.site\/en\/wp-json\/wp\/v2\/comments?post=9607"}],"wp:featuredmedia":[{"embeddable":true,"href":"https:\/\/wiejskieprzysmaki.estima.site\/en\/wp-json\/wp\/v2\/media\/9608"}],"wp:attachment":[{"href":"https:\/\/wiejskieprzysmaki.estima.site\/en\/wp-json\/wp\/v2\/media?parent=9607"}],"wp:term":[{"taxonomy":"product_brand","embeddable":true,"href":"https:\/\/wiejskieprzysmaki.estima.site\/en\/wp-json\/wp\/v2\/product_brand?post=9607"},{"taxonomy":"product_cat","embeddable":true,"href":"https:\/\/wiejskieprzysmaki.estima.site\/en\/wp-json\/wp\/v2\/product_cat?post=9607"},{"taxonomy":"product_tag","embeddable":true,"href":"https:\/\/wiejskieprzysmaki.estima.site\/en\/wp-json\/wp\/v2\/product_tag?post=9607"}],"curies":[{"name":"wp","href":"https:\/\/api.w.org\/{rel}","templated":true}]}}