{"id":9635,"date":"2025-02-18T12:08:15","date_gmt":"2025-02-18T11:08:15","guid":{"rendered":"https:\/\/wiejskieprzysmaki.estima.site\/produkt\/pieprz-czarny-ziarnisty-bezglutenowy-bio-100-g-piec-przemian\/"},"modified":"2025-02-18T12:08:20","modified_gmt":"2025-02-18T11:08:20","slug":"pieprz-czarny-ziarnisty-bezglutenowy-bio-100-g-piec-przemian","status":"publish","type":"product","link":"https:\/\/wiejskieprzysmaki.estima.site\/en\/product\/pieprz-czarny-ziarnisty-bezglutenowy-bio-100-g-piec-przemian\/","title":{"rendered":"PIEPRZ CZARNY ZIARNISTY BEZGLUTENOWY BIO 100 g &#8211; PI\u0118\u0106 PRZEMIAN"},"content":{"rendered":"<p>SK\u0141ADNIKI <br \/>ekologiczny pieprz czarny ziarnisty.<\/p>\n<p>OPIS<br \/>Pieprz czarny ziarnisty jest przypraw\u0105 wszechstronnie stosowan\u0105 do mi\u0119s, zup, sos\u00f3w, bulion\u00f3w i marynat. Dzi\u0119ki niemu codziennie przygotowywane posi\u0142ki nabieraj\u0105 po\u017c\u0105danego, lekko ostrego posmaku i aromatu. Pieprz w formie ziarnistej stopniowo uwalnia swoje w\u0142a\u015bciwo\u015bci podczas gotowania, dzi\u0119ki czemu finalny smak potrawy jest naprawd\u0119 wyrazisty.<\/p>\n<p>INFORMACJA ALERGENNA<br \/>Mo\u017ce zawiera\u0107 orzechy. <\/p>\n<p>ZALECANE WARUNKI PRZECHOWYWANIA<br \/>Przechowywa\u0107 w suchym i ch\u0142odnym miejscu, szczelnie zamkni\u0119te. <\/p>","protected":false},"excerpt":{"rendered":"<p>SK\u0141ADNIKI ekologiczny pieprz czarny ziarnisty. OPISPieprz czarny ziarnisty jest przypraw\u0105 wszechstronnie stosowan\u0105 do mi\u0119s, zup, sos\u00f3w, bulion\u00f3w i marynat. Dzi\u0119ki niemu codziennie przygotowywane posi\u0142ki nabieraj\u0105 po\u017c\u0105danego, lekko ostrego posmaku i aromatu. Pieprz w formie ziarnistej stopniowo uwalnia swoje w\u0142a\u015bciwo\u015bci podczas gotowania, dzi\u0119ki czemu finalny smak potrawy jest naprawd\u0119 wyrazisty. INFORMACJA ALERGENNAMo\u017ce zawiera\u0107 orzechy. ZALECANE WARUNKI [&hellip;]<\/p>","protected":false},"featured_media":9636,"comment_status":"closed","ping_status":"open","template":"","meta":{"_acf_changed":false},"product_brand":[],"product_cat":[238,229],"product_tag":[],"class_list":{"0":"post-9635","1":"product","2":"type-product","3":"status-publish","4":"has-post-thumbnail","6":"product_cat-jednorodne","7":"product_cat-przyprawy-i-ziola","8":"pa_ean-matka-7347","9":"pa_gwarancja-przydatnosci-3591","10":"pa_ilosc-w-opakowaniu-327","11":"pa_jednostka-podstawowa-szt","12":"pa_kod-cn-0904-11-00","13":"pa_masa-netto-242","14":"pa_objetosc-brutto-1429","15":"pa_producent-piec-przemian-produkty-spozywcze","16":"pa_producent-nazwa-adres-simpatiko-sp-z-o-o-ul-luze-20-05-092-dabrowa","17":"pa_tagi-bez-cukru-w-skladnikach","18":"pa_tagi-bez-glutenu-deklaracja","19":"pa_tagi-bez-glutenu-w-skladnikach","20":"pa_tagi-certyfikat-bio","21":"pa_tagi-weganski","22":"pa_tagi-wegetarianski","24":"first","25":"instock","26":"taxable","27":"shipping-taxable","28":"purchasable","29":"product-type-simple"},"acf":[],"_links":{"self":[{"href":"https:\/\/wiejskieprzysmaki.estima.site\/en\/wp-json\/wp\/v2\/product\/9635","targetHints":{"allow":["GET"]}}],"collection":[{"href":"https:\/\/wiejskieprzysmaki.estima.site\/en\/wp-json\/wp\/v2\/product"}],"about":[{"href":"https:\/\/wiejskieprzysmaki.estima.site\/en\/wp-json\/wp\/v2\/types\/product"}],"replies":[{"embeddable":true,"href":"https:\/\/wiejskieprzysmaki.estima.site\/en\/wp-json\/wp\/v2\/comments?post=9635"}],"wp:featuredmedia":[{"embeddable":true,"href":"https:\/\/wiejskieprzysmaki.estima.site\/en\/wp-json\/wp\/v2\/media\/9636"}],"wp:attachment":[{"href":"https:\/\/wiejskieprzysmaki.estima.site\/en\/wp-json\/wp\/v2\/media?parent=9635"}],"wp:term":[{"taxonomy":"product_brand","embeddable":true,"href":"https:\/\/wiejskieprzysmaki.estima.site\/en\/wp-json\/wp\/v2\/product_brand?post=9635"},{"taxonomy":"product_cat","embeddable":true,"href":"https:\/\/wiejskieprzysmaki.estima.site\/en\/wp-json\/wp\/v2\/product_cat?post=9635"},{"taxonomy":"product_tag","embeddable":true,"href":"https:\/\/wiejskieprzysmaki.estima.site\/en\/wp-json\/wp\/v2\/product_tag?post=9635"}],"curies":[{"name":"wp","href":"https:\/\/api.w.org\/{rel}","templated":true}]}}