{"id":9659,"date":"2025-02-18T12:08:23","date_gmt":"2025-02-18T11:08:23","guid":{"rendered":"https:\/\/wiejskieprzysmaki.estima.site\/produkt\/herbata-zielona-matcha-japonska-bezglutenowa-bio-60-g-piec-przemian\/"},"modified":"2025-02-18T12:08:46","modified_gmt":"2025-02-18T11:08:46","slug":"herbata-zielona-matcha-japonska-bezglutenowa-bio-60-g-piec-przemian","status":"publish","type":"product","link":"https:\/\/wiejskieprzysmaki.estima.site\/en\/product\/herbata-zielona-matcha-japonska-bezglutenowa-bio-60-g-piec-przemian\/","title":{"rendered":"HERBATA ZIELONA MATCHA JAPO\u0143SKA BEZGLUTENOWA BIO 60 g &#8211; PI\u0118\u0106 PRZEMIAN"},"content":{"rendered":"<p>SK\u0141ADNIKI<br \/>herbata zielona Matcha w proszku* 100 %. (*certyfikowany sk\u0142adnik ekologiczny).<\/p>\n<p>OPIS<br \/>Ekologiczna Matcha to sproszkowana zielona herbata. Proces przygotowywania herbaty to prawdziwa ceremonia, do\u015bwiadczenie dla zmys\u0142\u00f3w. Dzi\u0119ki walorom smakowym, Matcha wykorzystywana jest r\u00f3wnie\u017c jako dodatek do wypiek\u00f3w, lod\u00f3w, koktajli.<\/p>\n<p>SPOS\u00d3B PRZYGOTOWANIA<br \/>1 \u0142y\u017ceczk\u0119 matchy zalej niewielk\u0105 ilo\u015bci\u0105 wody o temperaturze do 80\u00b0C i dok\u0142adnie wymieszaj. Nast\u0119pnie dolej kolejn\u0105 porcj\u0119 wody wedle uznania. 1 \u0142y\u017ceczka starcza zwykle na 200 &#8211; 250 ml herbaty.<\/p>\n<p>ZALECANE WARUNKI PRZECHOWYWANIA<br \/>Przechowywa\u0107 w suchym i ch\u0142odnym miejscu.<\/p>","protected":false},"excerpt":{"rendered":"<p>SK\u0141ADNIKIherbata zielona Matcha w proszku* 100 %. (*certyfikowany sk\u0142adnik ekologiczny). OPISEkologiczna Matcha to sproszkowana zielona herbata. Proces przygotowywania herbaty to prawdziwa ceremonia, do\u015bwiadczenie dla zmys\u0142\u00f3w. Dzi\u0119ki walorom smakowym, Matcha wykorzystywana jest r\u00f3wnie\u017c jako dodatek do wypiek\u00f3w, lod\u00f3w, koktajli. SPOS\u00d3B PRZYGOTOWANIA1 \u0142y\u017ceczk\u0119 matchy zalej niewielk\u0105 ilo\u015bci\u0105 wody o temperaturze do 80\u00b0C i dok\u0142adnie wymieszaj. Nast\u0119pnie dolej [&hellip;]<\/p>","protected":false},"featured_media":9660,"comment_status":"closed","ping_status":"open","template":"","meta":{"_acf_changed":false},"product_brand":[],"product_cat":[282,950],"product_tag":[],"class_list":{"0":"post-9659","1":"product","2":"type-product","3":"status-publish","4":"has-post-thumbnail","6":"product_cat-herbaty-i-ziola","7":"product_cat-zielone-w-tym-z-dodatkami","8":"pa_ean-matka-7363","9":"pa_gwarancja-przydatnosci-320","10":"pa_ilosc-w-opakowaniu-327","11":"pa_jednostka-podstawowa-szt","12":"pa_kod-cn-0902-10-00","13":"pa_masa-netto-284","14":"pa_objetosc-brutto-1429","15":"pa_producent-piec-przemian-produkty-spozywcze","16":"pa_producent-nazwa-adres-simpatiko-sp-z-o-o-ul-luze-20-05-092-dabrowa","17":"pa_tagi-bez-cukru-w-skladnikach","18":"pa_tagi-bez-glutenu-deklaracja","19":"pa_tagi-bez-glutenu-w-skladnikach","20":"pa_tagi-certyfikat-bio","21":"pa_tagi-weganski","22":"pa_tagi-wegetarianski","24":"first","25":"instock","26":"taxable","27":"shipping-taxable","28":"purchasable","29":"product-type-simple"},"acf":[],"_links":{"self":[{"href":"https:\/\/wiejskieprzysmaki.estima.site\/en\/wp-json\/wp\/v2\/product\/9659","targetHints":{"allow":["GET"]}}],"collection":[{"href":"https:\/\/wiejskieprzysmaki.estima.site\/en\/wp-json\/wp\/v2\/product"}],"about":[{"href":"https:\/\/wiejskieprzysmaki.estima.site\/en\/wp-json\/wp\/v2\/types\/product"}],"replies":[{"embeddable":true,"href":"https:\/\/wiejskieprzysmaki.estima.site\/en\/wp-json\/wp\/v2\/comments?post=9659"}],"wp:featuredmedia":[{"embeddable":true,"href":"https:\/\/wiejskieprzysmaki.estima.site\/en\/wp-json\/wp\/v2\/media\/9660"}],"wp:attachment":[{"href":"https:\/\/wiejskieprzysmaki.estima.site\/en\/wp-json\/wp\/v2\/media?parent=9659"}],"wp:term":[{"taxonomy":"product_brand","embeddable":true,"href":"https:\/\/wiejskieprzysmaki.estima.site\/en\/wp-json\/wp\/v2\/product_brand?post=9659"},{"taxonomy":"product_cat","embeddable":true,"href":"https:\/\/wiejskieprzysmaki.estima.site\/en\/wp-json\/wp\/v2\/product_cat?post=9659"},{"taxonomy":"product_tag","embeddable":true,"href":"https:\/\/wiejskieprzysmaki.estima.site\/en\/wp-json\/wp\/v2\/product_tag?post=9659"}],"curies":[{"name":"wp","href":"https:\/\/api.w.org\/{rel}","templated":true}]}}